{"id":33155,"date":"2019-01-07T16:59:57","date_gmt":"2019-01-07T15:59:57","guid":{"rendered":"https:\/\/test.chaletmontriond.ch\/wellnessbereich\/"},"modified":"2024-05-17T10:23:22","modified_gmt":"2024-05-17T08:23:22","slug":"wellnessbereich","status":"publish","type":"page","link":"https:\/\/chaletmontriond.ch\/de\/wellnessbereich\/","title":{"rendered":"Wellnessbereich"},"content":{"rendered":"<div class=\"wpb-content-wrapper\"><p>[vc_row][vc_column]<div class=\"thim-widget-heading template-default\"><div class=\"thim-sc-heading\" >\n\t\t<div class=\"article_heading \">\n\t\t\t\n\t\t\t<p class=\"heading_primary\"  >Notre Espace pour votre d\u00e9tente et votre bien-\u00eatre<\/p>\n\t\t\t\n\t\t\t\n\t\t<\/div>\n\t<\/div><\/div>[\/vc_column][\/vc_row][vc_row][vc_column width=&#8220;1\/2&#8243;][vc_column_text css=&#8220;.vc_custom_1715113376852{margin-top: 32px !important;}&#8220;]<strong>Wohlbefinden f\u00fcr alle<\/strong><\/p>\n<p>2 Saunen f\u00fcr M\u00e4nner und Frauen<br \/>\n1 Ruheraum mit Blick auf die Alpen<br \/>\n1 Massagebereich<br \/>\n1 Aktivit\u00e4tsraum (Yoga, Gymnastik, etc.) auf Anfrage[\/vc_column_text][\/vc_column][vc_column width=&#8220;1\/2&#8243;][vc_column_text css=&#8220;.vc_custom_1715113436932{margin-top: 32px !important;}&#8220;]<strong>Kostenlos geliefert<br \/>\n<\/strong><\/p>\n<p>Bademantel<br \/>\nHausschuhe<br \/>\nSaunat\u00fccher<br \/>\nKr\u00e4utertees[\/vc_column_text][\/vc_column][\/vc_row][vc_row][vc_column][vc_empty_space][\/vc_column][\/vc_row][vc_row][vc_column][vc_gallery interval=&#8220;3&#8243; images=&#8220;33113,33110,33104,33101&#8243; img_size=&#8220;375&#215;175&#8243; css=&#8220;&#8220;][\/vc_column][\/vc_row][vc_row][vc_column]<div class=\"thim-widget-heading template-default\"><div class=\"thim-sc-heading\" >\n\t\t<div class=\"article_heading \">\n\t\t\t\n\t\t\t<p class=\"heading_primary\"  >Massages<\/p>\n\t\t\t\n\t\t\t\n\t\t<\/div>\n\t<\/div><\/div>[\/vc_column][\/vc_row][vc_row][vc_column][vc_column_text css=&#8220;.vc_custom_1715113509886{margin-top: 32px !important;}&#8220;]Entspannen Sie sich in den sanften H\u00e4nden unserer Kosmetikerinnen und Massagetherapeuten und lassen Sie Ihre Sinne die Oberhand gewinnen.<\/p>\n<p>W\u00e4hlen Sie aus einem breiten Angebot an Sch\u00f6nheitsbehandlungen und einer Reihe von Kosmetikprodukten mit nat\u00fcrlichen Inhaltsstoffen. M\u00fcdigkeit und Anspannung werden einem angenehmen Gef\u00fchl des Wohlbefindens und der Gelassenheit weichen.<\/p>\n<p>Zur Information :<\/p>\n<p>Alle Massagetechniken, die in unseren Spas angeboten werden, wurden entwickelt, um die Sch\u00f6nheit und das Wohlbefinden zu verbessern. Wir bieten keine medizinischen, para-medizinischen oder therapeutischen Massagen an. Der Begriff &#8222;Massage&#8220; kann sich auch auf eine Vielzahl von K\u00f6rperformungstechniken beziehen, die von qualifizierten, aber nicht medizinischen Massagetherapeuten durchgef\u00fchrt werden.[\/vc_column_text][\/vc_column][\/vc_row]<\/p>\n<\/div>","protected":false},"excerpt":{"rendered":"<p>[vc_row][vc_column][\/vc_column][\/vc_row][vc_row][vc_column width=&#8220;1\/2&#8243;][vc_column_text css=&#8220;.vc_custom_1715113376852{margin-top: 32px !important;}&#8220;]Wohlbefinden f\u00fcr alle 2 Saunen f\u00fcr M\u00e4nner und Frauen 1 Ruheraum mit Blick auf die Alpen 1 Massagebereich 1 Aktivit\u00e4tsraum (Yoga, Gymnastik, etc.) auf Anfrage[\/vc_column_text][\/vc_column][vc_column width=&#8220;1\/2&#8243;][vc_column_text css=&#8220;.vc_custom_1715113436932{margin-top: 32px !important;}&#8220;]Kostenlos geliefert Bademantel Hausschuhe Saunat\u00fccher Kr\u00e4utertees[\/vc_column_text][\/vc_column][\/vc_row][vc_row][vc_column][vc_empty_space][\/vc_column][\/vc_row][vc_row][vc_column][vc_gallery interval=&#8220;3&#8243; images=&#8220;33113,33110,33104,33101&#8243; img_size=&#8220;375&#215;175&#8243; css=&#8220;&#8220;][\/vc_column][\/vc_row][vc_row][vc_column][\/vc_column][\/vc_row][vc_row][vc_column][vc_column_text css=&#8220;.vc_custom_1715113509886{margin-top: 32px !important;}&#8220;]Entspannen Sie sich in den sanften&#8230;<\/p>\n","protected":false},"author":1,"featured_media":0,"parent":0,"menu_order":0,"comment_status":"closed","ping_status":"closed","template":"","meta":{"footnotes":""},"class_list":["post-33155","page","type-page","status-publish","hentry"],"yoast_head":"<!-- This site is optimized with the Yoast SEO plugin v26.0 - https:\/\/yoast.com\/wordpress\/plugins\/seo\/ -->\n<title>Wellnessbereich - Chalet Montriond<\/title>\n<meta name=\"robots\" content=\"index, follow, max-snippet:-1, max-image-preview:large, max-video-preview:-1\" \/>\n<link rel=\"canonical\" href=\"https:\/\/chaletmontriond.ch\/de\/wellnessbereich\/\" \/>\n<meta property=\"og:locale\" content=\"de_DE\" \/>\n<meta property=\"og:type\" content=\"article\" \/>\n<meta property=\"og:title\" content=\"Wellnessbereich - Chalet Montriond\" \/>\n<meta property=\"og:description\" content=\"[vc_row][vc_column][\/vc_column][\/vc_row][vc_row][vc_column width=&#8220;1\/2&#8243;][vc_column_text css=&#8220;.vc_custom_1715113376852{margin-top: 32px !important;}&#8220;]Wohlbefinden f\u00fcr alle 2 Saunen f\u00fcr M\u00e4nner und Frauen 1 Ruheraum mit Blick auf die Alpen 1 Massagebereich 1 Aktivit\u00e4tsraum (Yoga, Gymnastik, etc.) auf Anfrage[\/vc_column_text][\/vc_column][vc_column width=&#8220;1\/2&#8243;][vc_column_text css=&#8220;.vc_custom_1715113436932{margin-top: 32px !important;}&#8220;]Kostenlos geliefert Bademantel Hausschuhe Saunat\u00fccher Kr\u00e4utertees[\/vc_column_text][\/vc_column][\/vc_row][vc_row][vc_column][vc_empty_space][\/vc_column][\/vc_row][vc_row][vc_column][vc_gallery interval=&#8220;3&#8243; images=&#8220;33113,33110,33104,33101&#8243; img_size=&#8220;375&#215;175&#8243; css=&#8220;&#8220;][\/vc_column][\/vc_row][vc_row][vc_column][\/vc_column][\/vc_row][vc_row][vc_column][vc_column_text css=&#8220;.vc_custom_1715113509886{margin-top: 32px !important;}&#8220;]Entspannen Sie sich in den sanften...\" \/>\n<meta property=\"og:url\" content=\"https:\/\/chaletmontriond.ch\/de\/wellnessbereich\/\" \/>\n<meta property=\"og:site_name\" content=\"Chalet Montriond\" \/>\n<meta property=\"article:publisher\" content=\"https:\/\/www.facebook.com\/chaletmontriond\/\" \/>\n<meta property=\"article:modified_time\" content=\"2024-05-17T08:23:22+00:00\" \/>\n<meta name=\"twitter:card\" content=\"summary_large_image\" \/>\n<meta name=\"twitter:label1\" content=\"Gesch\u00e4tzte Lesezeit\" \/>\n\t<meta name=\"twitter:data1\" content=\"1\u00a0Minute\" \/>\n<script type=\"application\/ld+json\" class=\"yoast-schema-graph\">{\"@context\":\"https:\/\/schema.org\",\"@graph\":[{\"@type\":\"WebPage\",\"@id\":\"https:\/\/chaletmontriond.ch\/de\/wellnessbereich\/\",\"url\":\"https:\/\/chaletmontriond.ch\/de\/wellnessbereich\/\",\"name\":\"Wellnessbereich - Chalet Montriond\",\"isPartOf\":{\"@id\":\"https:\/\/chaletmontriond.ch\/de\/#website\"},\"datePublished\":\"2019-01-07T15:59:57+00:00\",\"dateModified\":\"2024-05-17T08:23:22+00:00\",\"breadcrumb\":{\"@id\":\"https:\/\/chaletmontriond.ch\/de\/wellnessbereich\/#breadcrumb\"},\"inLanguage\":\"de\",\"potentialAction\":[{\"@type\":\"ReadAction\",\"target\":[\"https:\/\/chaletmontriond.ch\/de\/wellnessbereich\/\"]}]},{\"@type\":\"BreadcrumbList\",\"@id\":\"https:\/\/chaletmontriond.ch\/de\/wellnessbereich\/#breadcrumb\",\"itemListElement\":[{\"@type\":\"ListItem\",\"position\":1,\"name\":\"Home\",\"item\":\"https:\/\/chaletmontriond.ch\/de\/\"},{\"@type\":\"ListItem\",\"position\":2,\"name\":\"Wellnessbereich\"}]},{\"@type\":\"WebSite\",\"@id\":\"https:\/\/chaletmontriond.ch\/de\/#website\",\"url\":\"https:\/\/chaletmontriond.ch\/de\/\",\"name\":\"Chalet Montriond\",\"description\":\"Au coeur des Portes du Soleil\",\"publisher\":{\"@id\":\"https:\/\/chaletmontriond.ch\/de\/#organization\"},\"potentialAction\":[{\"@type\":\"SearchAction\",\"target\":{\"@type\":\"EntryPoint\",\"urlTemplate\":\"https:\/\/chaletmontriond.ch\/de\/?s={search_term_string}\"},\"query-input\":{\"@type\":\"PropertyValueSpecification\",\"valueRequired\":true,\"valueName\":\"search_term_string\"}}],\"inLanguage\":\"de\"},{\"@type\":\"Organization\",\"@id\":\"https:\/\/chaletmontriond.ch\/de\/#organization\",\"name\":\"Chalet Montriond\",\"url\":\"https:\/\/chaletmontriond.ch\/de\/\",\"logo\":{\"@type\":\"ImageObject\",\"inLanguage\":\"de\",\"@id\":\"https:\/\/chaletmontriond.ch\/de\/#\/schema\/logo\/image\/\",\"url\":\"https:\/\/chaletmontriond.ch\/wp-content\/uploads\/2016\/10\/cropped-Logo-Montriond-AF-1.png\",\"contentUrl\":\"https:\/\/chaletmontriond.ch\/wp-content\/uploads\/2016\/10\/cropped-Logo-Montriond-AF-1.png\",\"width\":512,\"height\":512,\"caption\":\"Chalet Montriond\"},\"image\":{\"@id\":\"https:\/\/chaletmontriond.ch\/de\/#\/schema\/logo\/image\/\"},\"sameAs\":[\"https:\/\/www.facebook.com\/chaletmontriond\/\",\"https:\/\/www.instagram.com\/hotel_chalet_montriond\/\"]}]}<\/script>\n<!-- \/ Yoast SEO plugin. -->","yoast_head_json":{"title":"Wellnessbereich - Chalet Montriond","robots":{"index":"index","follow":"follow","max-snippet":"max-snippet:-1","max-image-preview":"max-image-preview:large","max-video-preview":"max-video-preview:-1"},"canonical":"https:\/\/chaletmontriond.ch\/de\/wellnessbereich\/","og_locale":"de_DE","og_type":"article","og_title":"Wellnessbereich - Chalet Montriond","og_description":"[vc_row][vc_column][\/vc_column][\/vc_row][vc_row][vc_column width=&#8220;1\/2&#8243;][vc_column_text css=&#8220;.vc_custom_1715113376852{margin-top: 32px !important;}&#8220;]Wohlbefinden f\u00fcr alle 2 Saunen f\u00fcr M\u00e4nner und Frauen 1 Ruheraum mit Blick auf die Alpen 1 Massagebereich 1 Aktivit\u00e4tsraum (Yoga, Gymnastik, etc.) auf Anfrage[\/vc_column_text][\/vc_column][vc_column width=&#8220;1\/2&#8243;][vc_column_text css=&#8220;.vc_custom_1715113436932{margin-top: 32px !important;}&#8220;]Kostenlos geliefert Bademantel Hausschuhe Saunat\u00fccher Kr\u00e4utertees[\/vc_column_text][\/vc_column][\/vc_row][vc_row][vc_column][vc_empty_space][\/vc_column][\/vc_row][vc_row][vc_column][vc_gallery interval=&#8220;3&#8243; images=&#8220;33113,33110,33104,33101&#8243; img_size=&#8220;375&#215;175&#8243; css=&#8220;&#8220;][\/vc_column][\/vc_row][vc_row][vc_column][\/vc_column][\/vc_row][vc_row][vc_column][vc_column_text css=&#8220;.vc_custom_1715113509886{margin-top: 32px !important;}&#8220;]Entspannen Sie sich in den sanften...","og_url":"https:\/\/chaletmontriond.ch\/de\/wellnessbereich\/","og_site_name":"Chalet Montriond","article_publisher":"https:\/\/www.facebook.com\/chaletmontriond\/","article_modified_time":"2024-05-17T08:23:22+00:00","twitter_card":"summary_large_image","twitter_misc":{"Gesch\u00e4tzte Lesezeit":"1\u00a0Minute"},"schema":{"@context":"https:\/\/schema.org","@graph":[{"@type":"WebPage","@id":"https:\/\/chaletmontriond.ch\/de\/wellnessbereich\/","url":"https:\/\/chaletmontriond.ch\/de\/wellnessbereich\/","name":"Wellnessbereich - Chalet Montriond","isPartOf":{"@id":"https:\/\/chaletmontriond.ch\/de\/#website"},"datePublished":"2019-01-07T15:59:57+00:00","dateModified":"2024-05-17T08:23:22+00:00","breadcrumb":{"@id":"https:\/\/chaletmontriond.ch\/de\/wellnessbereich\/#breadcrumb"},"inLanguage":"de","potentialAction":[{"@type":"ReadAction","target":["https:\/\/chaletmontriond.ch\/de\/wellnessbereich\/"]}]},{"@type":"BreadcrumbList","@id":"https:\/\/chaletmontriond.ch\/de\/wellnessbereich\/#breadcrumb","itemListElement":[{"@type":"ListItem","position":1,"name":"Home","item":"https:\/\/chaletmontriond.ch\/de\/"},{"@type":"ListItem","position":2,"name":"Wellnessbereich"}]},{"@type":"WebSite","@id":"https:\/\/chaletmontriond.ch\/de\/#website","url":"https:\/\/chaletmontriond.ch\/de\/","name":"Chalet Montriond","description":"Au coeur des Portes du Soleil","publisher":{"@id":"https:\/\/chaletmontriond.ch\/de\/#organization"},"potentialAction":[{"@type":"SearchAction","target":{"@type":"EntryPoint","urlTemplate":"https:\/\/chaletmontriond.ch\/de\/?s={search_term_string}"},"query-input":{"@type":"PropertyValueSpecification","valueRequired":true,"valueName":"search_term_string"}}],"inLanguage":"de"},{"@type":"Organization","@id":"https:\/\/chaletmontriond.ch\/de\/#organization","name":"Chalet Montriond","url":"https:\/\/chaletmontriond.ch\/de\/","logo":{"@type":"ImageObject","inLanguage":"de","@id":"https:\/\/chaletmontriond.ch\/de\/#\/schema\/logo\/image\/","url":"https:\/\/chaletmontriond.ch\/wp-content\/uploads\/2016\/10\/cropped-Logo-Montriond-AF-1.png","contentUrl":"https:\/\/chaletmontriond.ch\/wp-content\/uploads\/2016\/10\/cropped-Logo-Montriond-AF-1.png","width":512,"height":512,"caption":"Chalet Montriond"},"image":{"@id":"https:\/\/chaletmontriond.ch\/de\/#\/schema\/logo\/image\/"},"sameAs":["https:\/\/www.facebook.com\/chaletmontriond\/","https:\/\/www.instagram.com\/hotel_chalet_montriond\/"]}]}},"_links":{"self":[{"href":"https:\/\/chaletmontriond.ch\/de\/wp-json\/wp\/v2\/pages\/33155","targetHints":{"allow":["GET"]}}],"collection":[{"href":"https:\/\/chaletmontriond.ch\/de\/wp-json\/wp\/v2\/pages"}],"about":[{"href":"https:\/\/chaletmontriond.ch\/de\/wp-json\/wp\/v2\/types\/page"}],"author":[{"embeddable":true,"href":"https:\/\/chaletmontriond.ch\/de\/wp-json\/wp\/v2\/users\/1"}],"replies":[{"embeddable":true,"href":"https:\/\/chaletmontriond.ch\/de\/wp-json\/wp\/v2\/comments?post=33155"}],"version-history":[{"count":15,"href":"https:\/\/chaletmontriond.ch\/de\/wp-json\/wp\/v2\/pages\/33155\/revisions"}],"predecessor-version":[{"id":33798,"href":"https:\/\/chaletmontriond.ch\/de\/wp-json\/wp\/v2\/pages\/33155\/revisions\/33798"}],"wp:attachment":[{"href":"https:\/\/chaletmontriond.ch\/de\/wp-json\/wp\/v2\/media?parent=33155"}],"curies":[{"name":"wp","href":"https:\/\/api.w.org\/{rel}","templated":true}]}}