{"id":33376,"date":"2021-07-14T09:40:26","date_gmt":"2021-07-14T07:40:26","guid":{"rendered":"https:\/\/test.chaletmontriond.ch\/aktivitaeten-im-zentralwallis\/"},"modified":"2024-05-16T16:01:05","modified_gmt":"2024-05-16T14:01:05","slug":"aktivitaeten-im-zentralwallis","status":"publish","type":"page","link":"https:\/\/chaletmontriond.ch\/de\/aktivitaeten-im-zentralwallis\/","title":{"rendered":"Aktivit\u00e4ten im Zentralwallis"},"content":{"rendered":"<div class=\"wpb-content-wrapper\"><p>[vc_row][vc_column][vc_empty_space]<div class=\"thim-widget-heading template-default\"><div class=\"thim-sc-heading\" >\n\t\t<div class=\"article_heading \">\n\t\t\t\n\t\t\t<p class=\"heading_primary\"  >Zentralwallis<\/p>\n\t\t\t\n\t\t\t\n\t\t<\/div>\n\t<\/div><\/div>[vc_empty_space][vc_column_text css=&#8220;&#8220;]<\/p>\n<h5 style=\"text-align: center;\">Das Wallis ist nicht nur landschaftlich sehr reizvoll, sondern bietet auch eine Vielzahl von kulturellen und spielerischen Aktivit\u00e4ten.<\/h5>\n<h5 style=\"text-align: center;\"><\/h5>\n<h5 style=\"text-align: center;\">Nutzen Sie Ihren ruhigen Aufenthalt, um einige kleine Ausfl\u00fcge in das Wallis zu unternehmen.<\/h5>\n<h5 style=\"text-align: center;\">Alle diese Aktivit\u00e4ten sind weniger als eine Stunde vom Chalet Montriond entfernt.<\/h5>\n<p>[\/vc_column_text][\/vc_column][\/vc_row][vc_row][vc_column][vc_empty_space][\/vc_column][\/vc_row][vc_row][vc_column width=&#8220;1\/3&#8243;][vc_hoverbox image=&#8220;33210&#8243; primary_title=&#8220;&#8220; hover_title=&#8220;&#8220; hover_btn_title=&#8220;Weitere Informationen&#8220; hover_btn_color=&#8220;info&#8220; hover_add_button=&#8220;true&#8220; hover_btn_link=&#8220;url:https%3A%2F%2Fwww.barryland.ch%2F|target:%20_blank|&#8220;]<\/p>\n<h3><span style=\"color: #333399;\">BARRYLAND<\/span><\/h3>\n<p>[\/vc_hoverbox][\/vc_column][vc_column width=&#8220;1\/3&#8243;][vc_hoverbox image=&#8220;33214&#8243; primary_title=&#8220;&#8220; hover_title=&#8220;&#8220; hover_btn_title=&#8220;Weitere Informationen&#8220; hover_btn_color=&#8220;info&#8220; hover_add_button=&#8220;true&#8220; hover_btn_link=&#8220;url:https%3A%2F%2Fwww.batiaz.ch%2F|target:%20_blank|&#8220;]<\/p>\n<h3><span style=\"color: #333399;\">CH\u00c2TEAU DE LA B\u00c2TIAZ<\/span><\/h3>\n<p>[\/vc_hoverbox][\/vc_column][vc_column width=&#8220;1\/3&#8243;][vc_hoverbox image=&#8220;33217&#8243; primary_title=&#8220;&#8220; hover_title=&#8220;&#8220; hover_btn_title=&#8220;Weitere Informationen&#8220; hover_btn_color=&#8220;info&#8220; hover_add_button=&#8220;true&#8220; hover_btn_link=&#8220;url:https%3A%2F%2Fwww.bovernier.ch%2Fcommune%2Fgorges-durnand-99.html|target:%20_blank|&#8220;]<\/p>\n<h3><span style=\"color: #333399;\">DURNAND-SCHLUCHT<\/span><\/h3>\n<p>[\/vc_hoverbox][\/vc_column][\/vc_row][vc_row][vc_column][vc_empty_space][\/vc_column][\/vc_row][vc_row][vc_column width=&#8220;1\/3&#8243;][vc_hoverbox image=&#8220;33220&#8243; primary_title=&#8220;&#8220; hover_title=&#8220;&#8220; hover_btn_title=&#8220;Weitere Informationen&#8220; hover_btn_color=&#8220;info&#8220; hover_add_button=&#8220;true&#8220; hover_btn_link=&#8220;url:https%3A%2F%2Fverticalp-emosson.ch%2F|target:%20_blank|&#8220;]<\/p>\n<h3><span style=\"color: #333399;\">VERTICALP<\/span><\/h3>\n<p>[\/vc_hoverbox][\/vc_column][vc_column width=&#8220;1\/3&#8243;][vc_hoverbox image=&#8220;33246&#8243; primary_title=&#8220;&#8220; hover_title=&#8220;&#8220; hover_btn_title=&#8220;Weitere Informationen&#8220; hover_btn_color=&#8220;info&#8220; hover_add_button=&#8220;true&#8220; hover_btn_link=&#8220;url:https%3A%2F%2Fwww.mont-blanc-express.ch%2F|target:%20_blank|&#8220;]<\/p>\n<h3><span style=\"color: #333399;\">MONT BLANC EXPRESS<\/span><\/h3>\n<p>[\/vc_hoverbox][\/vc_column][vc_column width=&#8220;1\/3&#8243;][vc_hoverbox image=&#8220;33249&#8243; primary_title=&#8220;&#8220; hover_title=&#8220;&#8220; hover_btn_title=&#8220;Weitere Informationen&#8220; hover_btn_color=&#8220;info&#8220; hover_add_button=&#8220;true&#8220; hover_btn_link=&#8220;url:https%3A%2F%2Fwww.torrent-neuf.ch%2F|target:%20_blank|&#8220;]<\/p>\n<h3><span style=\"color: #333399;\">BISSE TORRENT NEUF<\/span><\/h3>\n<p>[\/vc_hoverbox][\/vc_column][\/vc_row][vc_row][vc_column][vc_empty_space][\/vc_column][\/vc_row][vc_row][vc_column width=&#8220;1\/3&#8243;][vc_hoverbox image=&#8220;33229&#8243; primary_title=&#8220;&#8220; hover_title=&#8220;&#8220; hover_btn_title=&#8220;Weitere Informationen&#8220; hover_btn_color=&#8220;info&#8220; hover_add_button=&#8220;true&#8220; hover_btn_link=&#8220;url:https%3A%2F%2Fwww.les-bisses-du-valais.ch%2Ffr%2F|target:%20_blank|&#8220;]<\/p>\n<h3><span style=\"color: #333399;\">SUONEN IM WALLIS<\/span><\/h3>\n<p>[\/vc_hoverbox][\/vc_column][vc_column width=&#8220;1\/3&#8243;][vc_hoverbox image=&#8220;33223&#8243; primary_title=&#8220;&#8220; hover_title=&#8220;&#8220; hover_btn_title=&#8220;Weitere Informationen&#8220; hover_btn_color=&#8220;info&#8220; hover_add_button=&#8220;true&#8220; hover_btn_link=&#8220;url:https%3A%2F%2Fsiontourisme.ch%2Findex.php%2Ffr%2F|target:%20_blank|&#8220;]<\/p>\n<h3><span style=\"color: #333399;\">SION DIE HAUPTSTADT<\/span><\/h3>\n<p>&nbsp;<\/p>\n<p>[\/vc_hoverbox][\/vc_column][vc_column width=&#8220;1\/3&#8243;][vc_hoverbox image=&#8220;33232&#8243; primary_title=&#8220;&#8220; hover_title=&#8220;&#8220; hover_btn_title=&#8220;Weitere Informationen&#8220; hover_btn_color=&#8220;info&#8220; hover_add_button=&#8220;true&#8220; hover_btn_link=&#8220;url:https%3A%2F%2Fwww.celliers.ch%2F|target:%20_blank|&#8220;]<\/p>\n<h3><span style=\"color: #333399;\">OENOPARC<\/span><\/h3>\n<p>[\/vc_hoverbox][\/vc_column][\/vc_row][vc_row][vc_column][vc_empty_space][\/vc_column][\/vc_row][vc_row][vc_column width=&#8220;1\/3&#8243;][vc_hoverbox image=&#8220;33242&#8243; primary_title=&#8220;&#8220; hover_title=&#8220;&#8220; hover_btn_title=&#8220;Weitere Informationen&#8220; hover_btn_color=&#8220;info&#8220; hover_add_button=&#8220;true&#8220; hover_btn_link=&#8220;url:https%3A%2F%2Fwww.lac-souterrain.com%2F|target:%20_blank|&#8220;]<\/p>\n<h3><span style=\"color: #333399;\">UNTERIRDISCHER SEE<\/span><\/h3>\n<p>[\/vc_hoverbox][\/vc_column][vc_column width=&#8220;1\/3&#8243;][vc_hoverbox image=&#8220;33238&#8243; primary_title=&#8220;&#8220; hover_title=&#8220;&#8220; hover_btn_title=&#8220;Weitere Informationen&#8220; hover_btn_color=&#8220;info&#8220; hover_add_button=&#8220;true&#8220; hover_btn_link=&#8220;url:https%3A%2F%2Fwww.saillon.ch%2Ftourisme%2Fculture%2Ffarinet%2Fla-passerelle-%25C3%25A0-farinet.aspx|target:%20_blank|&#8220;]<\/p>\n<h3><span style=\"color: #333399;\">DIE BR\u00dcCKE IN FARINET<\/span><\/h3>\n<p>[\/vc_hoverbox][\/vc_column][vc_column width=&#8220;1\/3&#8243;][vc_hoverbox image=&#8220;33235&#8243; primary_title=&#8220;&#8220; hover_title=&#8220;&#8220; hover_btn_title=&#8220;Weitere Informationen&#8220; hover_btn_color=&#8220;info&#8220; hover_add_button=&#8220;true&#8220; hover_btn_link=&#8220;url:https%3A%2F%2Fwww.valdherens.ch%2Ffr%2Ffppoi-lac-bleu-40247.html|target:%20_blank|&#8220;]<\/p>\n<h3><span style=\"color: #333399;\">BLAUER SEE AROLLA<\/span><\/h3>\n<p>[\/vc_hoverbox][\/vc_column][\/vc_row][vc_row][vc_column width=&#8220;1\/3&#8243;][\/vc_column][vc_column width=&#8220;1\/3&#8243;][\/vc_column][\/vc_row]<\/p>\n<\/div>","protected":false},"excerpt":{"rendered":"<p>[vc_row][vc_column][vc_empty_space][vc_empty_space][vc_column_text css=&#8220;&#8220;] Das Wallis ist nicht nur landschaftlich sehr reizvoll, sondern bietet auch eine Vielzahl von kulturellen und spielerischen Aktivit\u00e4ten. Nutzen Sie Ihren ruhigen Aufenthalt, um einige kleine Ausfl\u00fcge in das Wallis zu unternehmen. Alle diese Aktivit\u00e4ten sind weniger als eine Stunde vom Chalet Montriond entfernt. [\/vc_column_text][\/vc_column][\/vc_row][vc_row][vc_column][vc_empty_space][\/vc_column][\/vc_row][vc_row][vc_column width=&#8220;1\/3&#8243;][vc_hoverbox image=&#8220;33210&#8243; primary_title=&#8220;&#8220;&#8230;<\/p>\n","protected":false},"author":1,"featured_media":0,"parent":0,"menu_order":0,"comment_status":"closed","ping_status":"closed","template":"..\/public\/views\/revslider-page-template.php","meta":{"rs_blank_template":"","rs_page_bg_color":"","slide_template_v7":"","footnotes":""},"class_list":["post-33376","page","type-page","status-publish","hentry"],"yoast_head":"<!-- This site is optimized with the Yoast SEO plugin v26.0 - https:\/\/yoast.com\/wordpress\/plugins\/seo\/ -->\n<title>Aktivit\u00e4ten im Zentralwallis - Chalet Montriond<\/title>\n<meta name=\"robots\" content=\"index, follow, max-snippet:-1, max-image-preview:large, max-video-preview:-1\" \/>\n<link rel=\"canonical\" href=\"https:\/\/chaletmontriond.ch\/de\/aktivitaeten-im-zentralwallis\/\" \/>\n<meta property=\"og:locale\" content=\"de_DE\" \/>\n<meta property=\"og:type\" content=\"article\" \/>\n<meta property=\"og:title\" content=\"Aktivit\u00e4ten im Zentralwallis - Chalet Montriond\" \/>\n<meta property=\"og:description\" content=\"[vc_row][vc_column][vc_empty_space][vc_empty_space][vc_column_text css=&#8220;&#8220;] Das Wallis ist nicht nur landschaftlich sehr reizvoll, sondern bietet auch eine Vielzahl von kulturellen und spielerischen Aktivit\u00e4ten. Nutzen Sie Ihren ruhigen Aufenthalt, um einige kleine Ausfl\u00fcge in das Wallis zu unternehmen. Alle diese Aktivit\u00e4ten sind weniger als eine Stunde vom Chalet Montriond entfernt. [\/vc_column_text][\/vc_column][\/vc_row][vc_row][vc_column][vc_empty_space][\/vc_column][\/vc_row][vc_row][vc_column width=&#8220;1\/3&#8243;][vc_hoverbox image=&#8220;33210&#8243; primary_title=&#8220;&#8220;...\" \/>\n<meta property=\"og:url\" content=\"https:\/\/chaletmontriond.ch\/de\/aktivitaeten-im-zentralwallis\/\" \/>\n<meta property=\"og:site_name\" content=\"Chalet Montriond\" \/>\n<meta property=\"article:publisher\" content=\"https:\/\/www.facebook.com\/chaletmontriond\/\" \/>\n<meta property=\"article:modified_time\" content=\"2024-05-16T14:01:05+00:00\" \/>\n<meta name=\"twitter:card\" content=\"summary_large_image\" \/>\n<meta name=\"twitter:label1\" content=\"Gesch\u00e4tzte Lesezeit\" \/>\n\t<meta name=\"twitter:data1\" content=\"3\u00a0Minuten\" \/>\n<script type=\"application\/ld+json\" class=\"yoast-schema-graph\">{\"@context\":\"https:\/\/schema.org\",\"@graph\":[{\"@type\":\"WebPage\",\"@id\":\"https:\/\/chaletmontriond.ch\/de\/aktivitaeten-im-zentralwallis\/\",\"url\":\"https:\/\/chaletmontriond.ch\/de\/aktivitaeten-im-zentralwallis\/\",\"name\":\"Aktivit\u00e4ten im Zentralwallis - Chalet Montriond\",\"isPartOf\":{\"@id\":\"https:\/\/chaletmontriond.ch\/de\/#website\"},\"datePublished\":\"2021-07-14T07:40:26+00:00\",\"dateModified\":\"2024-05-16T14:01:05+00:00\",\"breadcrumb\":{\"@id\":\"https:\/\/chaletmontriond.ch\/de\/aktivitaeten-im-zentralwallis\/#breadcrumb\"},\"inLanguage\":\"de\",\"potentialAction\":[{\"@type\":\"ReadAction\",\"target\":[\"https:\/\/chaletmontriond.ch\/de\/aktivitaeten-im-zentralwallis\/\"]}]},{\"@type\":\"BreadcrumbList\",\"@id\":\"https:\/\/chaletmontriond.ch\/de\/aktivitaeten-im-zentralwallis\/#breadcrumb\",\"itemListElement\":[{\"@type\":\"ListItem\",\"position\":1,\"name\":\"Home\",\"item\":\"https:\/\/chaletmontriond.ch\/de\/\"},{\"@type\":\"ListItem\",\"position\":2,\"name\":\"Aktivit\u00e4ten im Zentralwallis\"}]},{\"@type\":\"WebSite\",\"@id\":\"https:\/\/chaletmontriond.ch\/de\/#website\",\"url\":\"https:\/\/chaletmontriond.ch\/de\/\",\"name\":\"Chalet Montriond\",\"description\":\"Au coeur des Portes du Soleil\",\"publisher\":{\"@id\":\"https:\/\/chaletmontriond.ch\/de\/#organization\"},\"potentialAction\":[{\"@type\":\"SearchAction\",\"target\":{\"@type\":\"EntryPoint\",\"urlTemplate\":\"https:\/\/chaletmontriond.ch\/de\/?s={search_term_string}\"},\"query-input\":{\"@type\":\"PropertyValueSpecification\",\"valueRequired\":true,\"valueName\":\"search_term_string\"}}],\"inLanguage\":\"de\"},{\"@type\":\"Organization\",\"@id\":\"https:\/\/chaletmontriond.ch\/de\/#organization\",\"name\":\"Chalet Montriond\",\"url\":\"https:\/\/chaletmontriond.ch\/de\/\",\"logo\":{\"@type\":\"ImageObject\",\"inLanguage\":\"de\",\"@id\":\"https:\/\/chaletmontriond.ch\/de\/#\/schema\/logo\/image\/\",\"url\":\"https:\/\/chaletmontriond.ch\/wp-content\/uploads\/2016\/10\/cropped-Logo-Montriond-AF-1.png\",\"contentUrl\":\"https:\/\/chaletmontriond.ch\/wp-content\/uploads\/2016\/10\/cropped-Logo-Montriond-AF-1.png\",\"width\":512,\"height\":512,\"caption\":\"Chalet Montriond\"},\"image\":{\"@id\":\"https:\/\/chaletmontriond.ch\/de\/#\/schema\/logo\/image\/\"},\"sameAs\":[\"https:\/\/www.facebook.com\/chaletmontriond\/\",\"https:\/\/www.instagram.com\/hotel_chalet_montriond\/\"]}]}<\/script>\n<!-- \/ Yoast SEO plugin. -->","yoast_head_json":{"title":"Aktivit\u00e4ten im Zentralwallis - Chalet Montriond","robots":{"index":"index","follow":"follow","max-snippet":"max-snippet:-1","max-image-preview":"max-image-preview:large","max-video-preview":"max-video-preview:-1"},"canonical":"https:\/\/chaletmontriond.ch\/de\/aktivitaeten-im-zentralwallis\/","og_locale":"de_DE","og_type":"article","og_title":"Aktivit\u00e4ten im Zentralwallis - Chalet Montriond","og_description":"[vc_row][vc_column][vc_empty_space][vc_empty_space][vc_column_text css=&#8220;&#8220;] Das Wallis ist nicht nur landschaftlich sehr reizvoll, sondern bietet auch eine Vielzahl von kulturellen und spielerischen Aktivit\u00e4ten. Nutzen Sie Ihren ruhigen Aufenthalt, um einige kleine Ausfl\u00fcge in das Wallis zu unternehmen. Alle diese Aktivit\u00e4ten sind weniger als eine Stunde vom Chalet Montriond entfernt. [\/vc_column_text][\/vc_column][\/vc_row][vc_row][vc_column][vc_empty_space][\/vc_column][\/vc_row][vc_row][vc_column width=&#8220;1\/3&#8243;][vc_hoverbox image=&#8220;33210&#8243; primary_title=&#8220;&#8220;...","og_url":"https:\/\/chaletmontriond.ch\/de\/aktivitaeten-im-zentralwallis\/","og_site_name":"Chalet Montriond","article_publisher":"https:\/\/www.facebook.com\/chaletmontriond\/","article_modified_time":"2024-05-16T14:01:05+00:00","twitter_card":"summary_large_image","twitter_misc":{"Gesch\u00e4tzte Lesezeit":"3\u00a0Minuten"},"schema":{"@context":"https:\/\/schema.org","@graph":[{"@type":"WebPage","@id":"https:\/\/chaletmontriond.ch\/de\/aktivitaeten-im-zentralwallis\/","url":"https:\/\/chaletmontriond.ch\/de\/aktivitaeten-im-zentralwallis\/","name":"Aktivit\u00e4ten im Zentralwallis - Chalet Montriond","isPartOf":{"@id":"https:\/\/chaletmontriond.ch\/de\/#website"},"datePublished":"2021-07-14T07:40:26+00:00","dateModified":"2024-05-16T14:01:05+00:00","breadcrumb":{"@id":"https:\/\/chaletmontriond.ch\/de\/aktivitaeten-im-zentralwallis\/#breadcrumb"},"inLanguage":"de","potentialAction":[{"@type":"ReadAction","target":["https:\/\/chaletmontriond.ch\/de\/aktivitaeten-im-zentralwallis\/"]}]},{"@type":"BreadcrumbList","@id":"https:\/\/chaletmontriond.ch\/de\/aktivitaeten-im-zentralwallis\/#breadcrumb","itemListElement":[{"@type":"ListItem","position":1,"name":"Home","item":"https:\/\/chaletmontriond.ch\/de\/"},{"@type":"ListItem","position":2,"name":"Aktivit\u00e4ten im Zentralwallis"}]},{"@type":"WebSite","@id":"https:\/\/chaletmontriond.ch\/de\/#website","url":"https:\/\/chaletmontriond.ch\/de\/","name":"Chalet Montriond","description":"Au coeur des Portes du Soleil","publisher":{"@id":"https:\/\/chaletmontriond.ch\/de\/#organization"},"potentialAction":[{"@type":"SearchAction","target":{"@type":"EntryPoint","urlTemplate":"https:\/\/chaletmontriond.ch\/de\/?s={search_term_string}"},"query-input":{"@type":"PropertyValueSpecification","valueRequired":true,"valueName":"search_term_string"}}],"inLanguage":"de"},{"@type":"Organization","@id":"https:\/\/chaletmontriond.ch\/de\/#organization","name":"Chalet Montriond","url":"https:\/\/chaletmontriond.ch\/de\/","logo":{"@type":"ImageObject","inLanguage":"de","@id":"https:\/\/chaletmontriond.ch\/de\/#\/schema\/logo\/image\/","url":"https:\/\/chaletmontriond.ch\/wp-content\/uploads\/2016\/10\/cropped-Logo-Montriond-AF-1.png","contentUrl":"https:\/\/chaletmontriond.ch\/wp-content\/uploads\/2016\/10\/cropped-Logo-Montriond-AF-1.png","width":512,"height":512,"caption":"Chalet Montriond"},"image":{"@id":"https:\/\/chaletmontriond.ch\/de\/#\/schema\/logo\/image\/"},"sameAs":["https:\/\/www.facebook.com\/chaletmontriond\/","https:\/\/www.instagram.com\/hotel_chalet_montriond\/"]}]}},"_links":{"self":[{"href":"https:\/\/chaletmontriond.ch\/de\/wp-json\/wp\/v2\/pages\/33376","targetHints":{"allow":["GET"]}}],"collection":[{"href":"https:\/\/chaletmontriond.ch\/de\/wp-json\/wp\/v2\/pages"}],"about":[{"href":"https:\/\/chaletmontriond.ch\/de\/wp-json\/wp\/v2\/types\/page"}],"author":[{"embeddable":true,"href":"https:\/\/chaletmontriond.ch\/de\/wp-json\/wp\/v2\/users\/1"}],"replies":[{"embeddable":true,"href":"https:\/\/chaletmontriond.ch\/de\/wp-json\/wp\/v2\/comments?post=33376"}],"version-history":[{"count":6,"href":"https:\/\/chaletmontriond.ch\/de\/wp-json\/wp\/v2\/pages\/33376\/revisions"}],"predecessor-version":[{"id":33672,"href":"https:\/\/chaletmontriond.ch\/de\/wp-json\/wp\/v2\/pages\/33376\/revisions\/33672"}],"wp:attachment":[{"href":"https:\/\/chaletmontriond.ch\/de\/wp-json\/wp\/v2\/media?parent=33376"}],"curies":[{"name":"wp","href":"https:\/\/api.w.org\/{rel}","templated":true}]}}