{"id":33390,"date":"2021-07-12T13:02:42","date_gmt":"2021-07-12T11:02:42","guid":{"rendered":"https:\/\/test.chaletmontriond.ch\/aktivitaeten-bei-regenwetter\/"},"modified":"2024-05-16T16:10:07","modified_gmt":"2024-05-16T14:10:07","slug":"aktivitaeten-bei-regenwetter","status":"publish","type":"page","link":"https:\/\/chaletmontriond.ch\/de\/aktivitaeten-bei-regenwetter\/","title":{"rendered":"Aktivit\u00e4ten bei Regenwetter"},"content":{"rendered":"<div class=\"wpb-content-wrapper\"><p>[vc_row][vc_column]<div class=\"thim-widget-heading template-default\"><div class=\"thim-sc-heading\" >\n\t\t<div class=\"article_heading \">\n\t\t\t\n\t\t\t<p class=\"heading_primary\"  >WAS TUN, WENN ES REGNET?<\/p>\n\t\t\t\n\t\t\t\n\t\t<\/div>\n\t<\/div><\/div>[vc_empty_space][vc_column_text]<\/p>\n<p style=\"text-align: center;\">Sind Sie in der Region und es regnet? Haben Sie keine Angst mehr vor dem Wetter, wenn Sie Ihren Urlaub in den Bergen buchen!<\/p>\n<p style=\"text-align: center;\">Es gibt viele Aktivit\u00e4ten f\u00fcr Jung und Alt, die auch bei Regenwetter Spa\u00df machen.<\/p>\n<p style=\"text-align: center;\"><strong>Der Multi-Pass:<\/strong> Mit dem Multi-Pass sind viele Veranstaltungen sogar kostenlos oder zu kleinen Preisen erh\u00e4ltlich!<\/p>\n<p>[\/vc_column_text][vc_btn title=&#8220;Die Aktivit\u00e4ten des Multipass&#8220; align=&#8220;center&#8220; link=&#8220;url:https%3A%2F%2Fwww.regiondentsdumidi.ch%2Ffr%2Fa-faire%2Fnos-incontournables%2Fnos-incontournables-de-l-ete%2Fmulti-pass-19387%2F|target:%20_blank|&#8220;][\/vc_column][\/vc_row][vc_row][vc_column width=&#8220;1\/2&#8243;][vc_empty_space][\/vc_column][vc_column width=&#8220;1\/2&#8243;][vc_empty_space][\/vc_column][\/vc_row][vc_row][vc_column width=&#8220;1\/3&#8243;][vc_hoverbox image=&#8220;33302&#8243; primary_title=&#8220;&#8220; hover_title=&#8220;&#8220; hover_btn_title=&#8220;Weitere Informationen&#8220; hover_btn_color=&#8220;info&#8220; hover_add_button=&#8220;true&#8220; hover_btn_link=&#8220;url:https%3A%2F%2Fwww.regiondentsdumidi.ch%2Ffr%2Fmur-de-grimpe-indoor-fp54|target:%20_blank|&#8220;]<\/p>\n<h3><span style=\"color: #333399;\">INDOOR-KLETTERN<\/span><\/h3>\n<p>[\/vc_hoverbox][\/vc_column][vc_column width=&#8220;1\/3&#8243;][vc_hoverbox image=&#8220;33306&#8243; primary_title=&#8220;&#8220; hover_title=&#8220;&#8220; hover_btn_title=&#8220;Weitere Informationen&#8220; hover_btn_color=&#8220;info&#8220; hover_add_button=&#8220;true&#8220; hover_btn_link=&#8220;url:https%3A%2F%2Fwww.valais.ch%2Ffr%2Flieux%2Fportes-du-soleil%2Fchampery%2Factivites%2Fpiscine-palladium|target:%20_blank|&#8220;]<\/p>\n<h3><span style=\"color: #333399;\">HALLENBAD<\/span><\/h3>\n<p>[\/vc_hoverbox][\/vc_column][vc_column width=&#8220;1\/3&#8243;][vc_hoverbox image=&#8220;33316&#8243; primary_title=&#8220;&#8220; hover_title=&#8220;&#8220; hover_btn_title=&#8220;Weitere Informationen&#8220; hover_btn_color=&#8220;info&#8220; hover_add_button=&#8220;true&#8220; hover_btn_link=&#8220;url:https%3A%2F%2Fwww.regiondentsdumidi.ch%2Ffr%2Fvisite-des-vieux-moulins-de-la-tine-fp481|target:%20_blank|&#8220;]<\/p>\n<h3><span style=\"color: #333399;\">MOULIN DE LA TINE<\/span><\/h3>\n<p>[\/vc_hoverbox][\/vc_column][\/vc_row][vc_row][vc_column][vc_empty_space][\/vc_column][\/vc_row][vc_row][vc_column width=&#8220;1\/3&#8243;][vc_hoverbox image=&#8220;33309&#8243; primary_title=&#8220;&#8220; hover_title=&#8220;&#8220; hover_btn_title=&#8220;Weitere Informationen&#8220; hover_btn_color=&#8220;info&#8220; hover_add_button=&#8220;true&#8220; hover_btn_link=&#8220;url:https%3A%2F%2Fwww.aquatis.ch%2F|target:%20_blank|&#8220;]<\/p>\n<h3><span style=\"color: #333399;\">AQUATIS<\/span><\/h3>\n<p>[\/vc_hoverbox][\/vc_column][vc_column width=&#8220;1\/3&#8243;][vc_hoverbox image=&#8220;33277&#8243; primary_title=&#8220;&#8220; hover_title=&#8220;&#8220; hover_btn_title=&#8220;Weitere Informationen&#8220; hover_btn_color=&#8220;info&#8220; hover_add_button=&#8220;true&#8220; hover_btn_link=&#8220;url:https%3A%2F%2Ffunplanet.ch%2Ffr%2Frennaz|target:%20_blank|&#8220;]<\/p>\n<h3><span style=\"color: #333399;\">FUNPLANET<\/span><\/h3>\n<p>[\/vc_hoverbox][\/vc_column][vc_column width=&#8220;1\/3&#8243;][vc_hoverbox image=&#8220;33312&#8243; primary_title=&#8220;&#8220; hover_title=&#8220;&#8220; hover_btn_title=&#8220;Weitere Informationen&#8220; hover_btn_color=&#8220;info&#8220; hover_add_button=&#8220;true&#8220; hover_btn_link=&#8220;url:https%3A%2F%2Fwww.bains-lavey.ch%2Ffr%2F|target:%20_blank|&#8220;]<\/p>\n<h3><span style=\"color: #333399;\">LAVEY LES BAINS<\/span><\/h3>\n<p>[\/vc_hoverbox][\/vc_column][\/vc_row][vc_row][vc_column][vc_empty_space][\/vc_column][\/vc_row][vc_row][vc_column width=&#8220;1\/3&#8243;][vc_hoverbox image=&#8220;11836&#8243; primary_title=&#8220;&#8220; hover_title=&#8220;&#8220; hover_btn_title=&#8220;Weitere Informationen&#8220; hover_btn_color=&#8220;info&#8220; hover_add_button=&#8220;true&#8220; hover_btn_link=&#8220;url:https%3A%2F%2Fcailler.ch%2Ffr%2Fmaison-cailler|target:%20_blank|&#8220;]<\/p>\n<h3><span style=\"color: #333399;\">LAVEY LES BAINS<\/span><\/h3>\n<p>[\/vc_hoverbox][\/vc_column][vc_column width=&#8220;1\/3&#8243;][\/vc_column][\/vc_row]<\/p>\n<\/div>","protected":false},"excerpt":{"rendered":"<p>[vc_row][vc_column][vc_empty_space][vc_column_text] Sind Sie in der Region und es regnet? Haben Sie keine Angst mehr vor dem Wetter, wenn Sie Ihren Urlaub in den Bergen buchen! Es gibt viele Aktivit\u00e4ten f\u00fcr Jung und Alt, die auch bei Regenwetter Spa\u00df machen. Der Multi-Pass: Mit dem Multi-Pass sind viele Veranstaltungen sogar kostenlos oder&#8230;<\/p>\n","protected":false},"author":1,"featured_media":0,"parent":0,"menu_order":0,"comment_status":"closed","ping_status":"closed","template":"","meta":{"rs_blank_template":"","rs_page_bg_color":"","slide_template_v7":"","footnotes":""},"class_list":["post-33390","page","type-page","status-publish","hentry"],"yoast_head":"<!-- This site is optimized with the Yoast SEO plugin v26.0 - https:\/\/yoast.com\/wordpress\/plugins\/seo\/ -->\n<title>Aktivit\u00e4ten bei Regenwetter - Chalet Montriond<\/title>\n<meta name=\"robots\" content=\"index, follow, max-snippet:-1, max-image-preview:large, max-video-preview:-1\" \/>\n<link rel=\"canonical\" href=\"https:\/\/chaletmontriond.ch\/de\/aktivitaeten-bei-regenwetter\/\" \/>\n<meta property=\"og:locale\" content=\"de_DE\" \/>\n<meta property=\"og:type\" content=\"article\" \/>\n<meta property=\"og:title\" content=\"Aktivit\u00e4ten bei Regenwetter - Chalet Montriond\" \/>\n<meta property=\"og:description\" content=\"[vc_row][vc_column][vc_empty_space][vc_column_text] Sind Sie in der Region und es regnet? Haben Sie keine Angst mehr vor dem Wetter, wenn Sie Ihren Urlaub in den Bergen buchen! Es gibt viele Aktivit\u00e4ten f\u00fcr Jung und Alt, die auch bei Regenwetter Spa\u00df machen. Der Multi-Pass: Mit dem Multi-Pass sind viele Veranstaltungen sogar kostenlos oder...\" \/>\n<meta property=\"og:url\" content=\"https:\/\/chaletmontriond.ch\/de\/aktivitaeten-bei-regenwetter\/\" \/>\n<meta property=\"og:site_name\" content=\"Chalet Montriond\" \/>\n<meta property=\"article:publisher\" content=\"https:\/\/www.facebook.com\/chaletmontriond\/\" \/>\n<meta property=\"article:modified_time\" content=\"2024-05-16T14:10:07+00:00\" \/>\n<meta name=\"twitter:card\" content=\"summary_large_image\" \/>\n<meta name=\"twitter:label1\" content=\"Gesch\u00e4tzte Lesezeit\" \/>\n\t<meta name=\"twitter:data1\" content=\"2\u00a0Minuten\" \/>\n<script type=\"application\/ld+json\" class=\"yoast-schema-graph\">{\"@context\":\"https:\/\/schema.org\",\"@graph\":[{\"@type\":\"WebPage\",\"@id\":\"https:\/\/chaletmontriond.ch\/de\/aktivitaeten-bei-regenwetter\/\",\"url\":\"https:\/\/chaletmontriond.ch\/de\/aktivitaeten-bei-regenwetter\/\",\"name\":\"Aktivit\u00e4ten bei Regenwetter - Chalet Montriond\",\"isPartOf\":{\"@id\":\"https:\/\/chaletmontriond.ch\/de\/#website\"},\"datePublished\":\"2021-07-12T11:02:42+00:00\",\"dateModified\":\"2024-05-16T14:10:07+00:00\",\"breadcrumb\":{\"@id\":\"https:\/\/chaletmontriond.ch\/de\/aktivitaeten-bei-regenwetter\/#breadcrumb\"},\"inLanguage\":\"de\",\"potentialAction\":[{\"@type\":\"ReadAction\",\"target\":[\"https:\/\/chaletmontriond.ch\/de\/aktivitaeten-bei-regenwetter\/\"]}]},{\"@type\":\"BreadcrumbList\",\"@id\":\"https:\/\/chaletmontriond.ch\/de\/aktivitaeten-bei-regenwetter\/#breadcrumb\",\"itemListElement\":[{\"@type\":\"ListItem\",\"position\":1,\"name\":\"Home\",\"item\":\"https:\/\/chaletmontriond.ch\/de\/\"},{\"@type\":\"ListItem\",\"position\":2,\"name\":\"Aktivit\u00e4ten bei Regenwetter\"}]},{\"@type\":\"WebSite\",\"@id\":\"https:\/\/chaletmontriond.ch\/de\/#website\",\"url\":\"https:\/\/chaletmontriond.ch\/de\/\",\"name\":\"Chalet Montriond\",\"description\":\"Au coeur des Portes du Soleil\",\"publisher\":{\"@id\":\"https:\/\/chaletmontriond.ch\/de\/#organization\"},\"potentialAction\":[{\"@type\":\"SearchAction\",\"target\":{\"@type\":\"EntryPoint\",\"urlTemplate\":\"https:\/\/chaletmontriond.ch\/de\/?s={search_term_string}\"},\"query-input\":{\"@type\":\"PropertyValueSpecification\",\"valueRequired\":true,\"valueName\":\"search_term_string\"}}],\"inLanguage\":\"de\"},{\"@type\":\"Organization\",\"@id\":\"https:\/\/chaletmontriond.ch\/de\/#organization\",\"name\":\"Chalet Montriond\",\"url\":\"https:\/\/chaletmontriond.ch\/de\/\",\"logo\":{\"@type\":\"ImageObject\",\"inLanguage\":\"de\",\"@id\":\"https:\/\/chaletmontriond.ch\/de\/#\/schema\/logo\/image\/\",\"url\":\"https:\/\/chaletmontriond.ch\/wp-content\/uploads\/2016\/10\/cropped-Logo-Montriond-AF-1.png\",\"contentUrl\":\"https:\/\/chaletmontriond.ch\/wp-content\/uploads\/2016\/10\/cropped-Logo-Montriond-AF-1.png\",\"width\":512,\"height\":512,\"caption\":\"Chalet Montriond\"},\"image\":{\"@id\":\"https:\/\/chaletmontriond.ch\/de\/#\/schema\/logo\/image\/\"},\"sameAs\":[\"https:\/\/www.facebook.com\/chaletmontriond\/\",\"https:\/\/www.instagram.com\/hotel_chalet_montriond\/\"]}]}<\/script>\n<!-- \/ Yoast SEO plugin. -->","yoast_head_json":{"title":"Aktivit\u00e4ten bei Regenwetter - Chalet Montriond","robots":{"index":"index","follow":"follow","max-snippet":"max-snippet:-1","max-image-preview":"max-image-preview:large","max-video-preview":"max-video-preview:-1"},"canonical":"https:\/\/chaletmontriond.ch\/de\/aktivitaeten-bei-regenwetter\/","og_locale":"de_DE","og_type":"article","og_title":"Aktivit\u00e4ten bei Regenwetter - Chalet Montriond","og_description":"[vc_row][vc_column][vc_empty_space][vc_column_text] Sind Sie in der Region und es regnet? Haben Sie keine Angst mehr vor dem Wetter, wenn Sie Ihren Urlaub in den Bergen buchen! Es gibt viele Aktivit\u00e4ten f\u00fcr Jung und Alt, die auch bei Regenwetter Spa\u00df machen. Der Multi-Pass: Mit dem Multi-Pass sind viele Veranstaltungen sogar kostenlos oder...","og_url":"https:\/\/chaletmontriond.ch\/de\/aktivitaeten-bei-regenwetter\/","og_site_name":"Chalet Montriond","article_publisher":"https:\/\/www.facebook.com\/chaletmontriond\/","article_modified_time":"2024-05-16T14:10:07+00:00","twitter_card":"summary_large_image","twitter_misc":{"Gesch\u00e4tzte Lesezeit":"2\u00a0Minuten"},"schema":{"@context":"https:\/\/schema.org","@graph":[{"@type":"WebPage","@id":"https:\/\/chaletmontriond.ch\/de\/aktivitaeten-bei-regenwetter\/","url":"https:\/\/chaletmontriond.ch\/de\/aktivitaeten-bei-regenwetter\/","name":"Aktivit\u00e4ten bei Regenwetter - Chalet Montriond","isPartOf":{"@id":"https:\/\/chaletmontriond.ch\/de\/#website"},"datePublished":"2021-07-12T11:02:42+00:00","dateModified":"2024-05-16T14:10:07+00:00","breadcrumb":{"@id":"https:\/\/chaletmontriond.ch\/de\/aktivitaeten-bei-regenwetter\/#breadcrumb"},"inLanguage":"de","potentialAction":[{"@type":"ReadAction","target":["https:\/\/chaletmontriond.ch\/de\/aktivitaeten-bei-regenwetter\/"]}]},{"@type":"BreadcrumbList","@id":"https:\/\/chaletmontriond.ch\/de\/aktivitaeten-bei-regenwetter\/#breadcrumb","itemListElement":[{"@type":"ListItem","position":1,"name":"Home","item":"https:\/\/chaletmontriond.ch\/de\/"},{"@type":"ListItem","position":2,"name":"Aktivit\u00e4ten bei Regenwetter"}]},{"@type":"WebSite","@id":"https:\/\/chaletmontriond.ch\/de\/#website","url":"https:\/\/chaletmontriond.ch\/de\/","name":"Chalet Montriond","description":"Au coeur des Portes du Soleil","publisher":{"@id":"https:\/\/chaletmontriond.ch\/de\/#organization"},"potentialAction":[{"@type":"SearchAction","target":{"@type":"EntryPoint","urlTemplate":"https:\/\/chaletmontriond.ch\/de\/?s={search_term_string}"},"query-input":{"@type":"PropertyValueSpecification","valueRequired":true,"valueName":"search_term_string"}}],"inLanguage":"de"},{"@type":"Organization","@id":"https:\/\/chaletmontriond.ch\/de\/#organization","name":"Chalet Montriond","url":"https:\/\/chaletmontriond.ch\/de\/","logo":{"@type":"ImageObject","inLanguage":"de","@id":"https:\/\/chaletmontriond.ch\/de\/#\/schema\/logo\/image\/","url":"https:\/\/chaletmontriond.ch\/wp-content\/uploads\/2016\/10\/cropped-Logo-Montriond-AF-1.png","contentUrl":"https:\/\/chaletmontriond.ch\/wp-content\/uploads\/2016\/10\/cropped-Logo-Montriond-AF-1.png","width":512,"height":512,"caption":"Chalet Montriond"},"image":{"@id":"https:\/\/chaletmontriond.ch\/de\/#\/schema\/logo\/image\/"},"sameAs":["https:\/\/www.facebook.com\/chaletmontriond\/","https:\/\/www.instagram.com\/hotel_chalet_montriond\/"]}]}},"_links":{"self":[{"href":"https:\/\/chaletmontriond.ch\/de\/wp-json\/wp\/v2\/pages\/33390","targetHints":{"allow":["GET"]}}],"collection":[{"href":"https:\/\/chaletmontriond.ch\/de\/wp-json\/wp\/v2\/pages"}],"about":[{"href":"https:\/\/chaletmontriond.ch\/de\/wp-json\/wp\/v2\/types\/page"}],"author":[{"embeddable":true,"href":"https:\/\/chaletmontriond.ch\/de\/wp-json\/wp\/v2\/users\/1"}],"replies":[{"embeddable":true,"href":"https:\/\/chaletmontriond.ch\/de\/wp-json\/wp\/v2\/comments?post=33390"}],"version-history":[{"count":7,"href":"https:\/\/chaletmontriond.ch\/de\/wp-json\/wp\/v2\/pages\/33390\/revisions"}],"predecessor-version":[{"id":33677,"href":"https:\/\/chaletmontriond.ch\/de\/wp-json\/wp\/v2\/pages\/33390\/revisions\/33677"}],"wp:attachment":[{"href":"https:\/\/chaletmontriond.ch\/de\/wp-json\/wp\/v2\/media?parent=33390"}],"curies":[{"name":"wp","href":"https:\/\/api.w.org\/{rel}","templated":true}]}}