{"id":33435,"date":"2017-11-29T14:28:17","date_gmt":"2017-11-29T13:28:17","guid":{"rendered":"https:\/\/test.chaletmontriond.ch\/aktivitaeten\/"},"modified":"2024-05-15T07:58:28","modified_gmt":"2024-05-15T05:58:28","slug":"aktivitaeten","status":"publish","type":"page","link":"https:\/\/chaletmontriond.ch\/de\/aktivitaeten\/","title":{"rendered":"Aktivit\u00e4ten"},"content":{"rendered":"<div class=\"wpb-content-wrapper\"><p>[vc_row][vc_column]\n\t\t\t\t<p class=\"rs-p-wp-fix\"><\/p>\n\t\t\t\t<sr7-module data-alias=\"ete-24\" data-id=\"3\" id=\"SR7_3_1\" data-version=\"7.0.9\">\n\t\t\t\t\t<sr7-adjuster><\/sr7-adjuster>\n\t\t\t\t\t<sr7-content>\n\t\t\t\t\t\t<sr7-slide id=\"SR7_3_1-5\" data-key=\"5\">\n\t\t\t\t\t\t\t<sr7-bg id=\"SR7_3_1-5-5\" class=\"sr7-layer\"><noscript><img decoding=\"async\" src=\"https:\/\/chaletmontriond.ch\/wp-content\/uploads\/2016\/10\/Tanay_1920_600.png\" alt=\"\" title=\"Tanay_1920_600\"><\/noscript><\/sr7-bg>\n\t\t\t\t\t\t\t<sr7-txt id=\"SR7_3_1-5-0\" class=\"sr7-layer\">Lac Tanay: un bijou cach\u00e9<\/sr7-txt>\n\t\t\t\t\t\t<\/sr7-slide>\n\t\t\t\t\t\t<sr7-slide id=\"SR7_3_1-8\" data-key=\"8\">\n\t\t\t\t\t\t\t<sr7-bg id=\"SR7_3_1-8-5\" class=\"sr7-layer\"><noscript><img decoding=\"async\" src=\"https:\/\/chaletmontriond.ch\/wp-content\/uploads\/revslider\/ete-24\/Dents_du_Midi.jpg\" alt=\"\" title=\"Dents_du_Midi.jpg\"><\/noscript><\/sr7-bg>\n\t\t\t\t\t\t\t<sr7-txt id=\"SR7_3_1-8-0\" class=\"sr7-layer\">Les Dents du Midi l'embl\u00e8me de notre r\u00e9gion et accessible aux marcheurs<\/sr7-txt>\n\t\t\t\t\t\t<\/sr7-slide>\n\t\t\t\t\t\t<sr7-slide id=\"SR7_3_1-6\" data-key=\"6\">\n\t\t\t\t\t\t\t<sr7-bg id=\"SR7_3_1-6-5\" class=\"sr7-layer\"><noscript><img decoding=\"async\" src=\"https:\/\/chaletmontriond.ch\/wp-content\/uploads\/2016\/10\/Glacier_1920_600.png\" alt=\"\" title=\"Glacier_1920_600\"><\/noscript><\/sr7-bg>\n\t\t\t\t\t\t\t<sr7-txt id=\"SR7_3_1-6-0\" class=\"sr7-layer\">Les glaciers \u00e0 deux pas de vos randos<\/sr7-txt>\n\t\t\t\t\t\t<\/sr7-slide>\n\t\t\t\t\t\t<sr7-slide id=\"SR7_3_1-9\" data-key=\"9\">\n\t\t\t\t\t\t\t<sr7-bg id=\"SR7_3_1-9-5\" class=\"sr7-layer\"><noscript><img decoding=\"async\" src=\"https:\/\/chaletmontriond.ch\/wp-content\/uploads\/2016\/10\/Marmotte_2_1920_600.png\" alt=\"\" title=\"Marmotte_2_1920_600\"><\/noscript><\/sr7-bg>\n\t\t\t\t\t\t\t<sr7-txt id=\"SR7_3_1-9-0\" class=\"sr7-layer\">D\u00e9couvrez nos animaux sauvages<\/sr7-txt>\n\t\t\t\t\t\t<\/sr7-slide>\n\t\t\t\t\t\t<sr7-slide id=\"SR7_3_1-11\" data-key=\"11\">\n\t\t\t\t\t\t\t<sr7-bg id=\"SR7_3_1-11-5\" class=\"sr7-layer\"><noscript><img decoding=\"async\" src=\"https:\/\/chaletmontriond.ch\/wp-content\/uploads\/revslider\/ete-24\/Rhodo_1920_600.jpg\" alt=\"\" title=\"Rhodo_1920_600.jpg\"><\/noscript><\/sr7-bg>\n\t\t\t\t\t\t\t<sr7-txt id=\"SR7_3_1-11-0\" class=\"sr7-layer\">D\u00e9couvrez la flore alpine pr\u00e8s du Chalet Montriond<\/sr7-txt>\n\t\t\t\t\t\t<\/sr7-slide>\n\t\t\t\t\t\t<sr7-slide id=\"SR7_3_1-12\" data-key=\"12\">\n\t\t\t\t\t\t\t<sr7-bg id=\"SR7_3_1-12-5\" class=\"sr7-layer\"><noscript><img decoding=\"async\" src=\"https:\/\/chaletmontriond.ch\/wp-content\/uploads\/revslider\/ete-24\/Buvette_1_1920_600.png\" alt=\"\" title=\"Buvette_1_1920_600.png\"><\/noscript><\/sr7-bg>\n\t\t\t\t\t\t\t<sr7-txt id=\"SR7_3_1-12-0\" class=\"sr7-layer\">Nos buvettes d'alpage vous attendent<\/sr7-txt>\n\t\t\t\t\t\t<\/sr7-slide>\n\t\t\t\t\t\t<sr7-slide id=\"SR7_3_1-14\" data-key=\"14\">\n\t\t\t\t\t\t\t<sr7-bg id=\"SR7_3_1-14-5\" class=\"sr7-layer\"><noscript><img decoding=\"async\" src=\"https:\/\/chaletmontriond.ch\/wp-content\/uploads\/revslider\/ete-24\/Vache_1920_600.jpg\" alt=\"\" title=\"Vache_1920_600.jpg\"><\/noscript><\/sr7-bg>\n\t\t\t\t\t\t\t<sr7-txt id=\"SR7_3_1-14-0\" class=\"sr7-layer\">D\u00e9couvrez nos stars locales pr\u00e8s du Chalet Montriond<\/sr7-txt>\n\t\t\t\t\t\t<\/sr7-slide>\n\t\t\t\t\t\t<sr7-slide id=\"SR7_3_1-15\" data-key=\"15\">\n\t\t\t\t\t\t\t<sr7-bg id=\"SR7_3_1-15-5\" class=\"sr7-layer\"><noscript><img decoding=\"async\" src=\"https:\/\/chaletmontriond.ch\/wp-content\/uploads\/2016\/10\/Derborence_2_1920_600.png\" alt=\"\" title=\"Derborence_2_1920_600\"><\/noscript><\/sr7-bg>\n\t\t\t\t\t\t\t<sr7-txt id=\"SR7_3_1-15-0\" class=\"sr7-layer\">Derborence et son histoire racont\u00e9e par Ramuz<\/sr7-txt>\n\t\t\t\t\t\t<\/sr7-slide>\n\t\t\t\t\t\t<sr7-slide id=\"SR7_3_1-17\" data-key=\"17\">\n\t\t\t\t\t\t\t<sr7-bg id=\"SR7_3_1-17-5\" class=\"sr7-layer\"><noscript><img decoding=\"async\" src=\"https:\/\/chaletmontriond.ch\/wp-content\/uploads\/revslider\/ete-24\/Rando1_1920_600.png\" alt=\"\" title=\"Rando1_1920_600.png\"><\/noscript><\/sr7-bg>\n\t\t\t\t\t\t\t<sr7-txt id=\"SR7_3_1-17-0\" class=\"sr7-layer\">Toute l'\u00e9quipe du Chalet Montriond se r\u00e9jouis de vous recevoir.<\/sr7-txt>\n\t\t\t\t\t\t\t<sr7-txt id=\"SR7_3_1-17-2\" class=\"sr7-layer\">Nature, sport et s\u00e9r\u00e9nit\u00e9 au coeur des Alpes<\/sr7-txt>\n\t\t\t\t\t\t<\/sr7-slide>\n\t\t\t\t\t\t<sr7-slide id=\"SR7_3_1-20\" data-key=\"20\">\n\t\t\t\t\t\t<\/sr7-slide>\n\t\t\t\t\t<\/sr7-content>\n\t\t\t\t\t<image_lists style=\"display:none\">\n\t\t\t\t\t\t<img data-src=\"\/\/chaletmontriond.ch\/wp-content\/uploads\/revslider\/ete-24\/Flag_of_Switzerland_Pantone.svg_-300x300.png\" data-libid=\"32789\" title=\"Flag_of_Switzerland_Pantone.svg_-300&#215;300.png\" width=\"0\" height=\"0\" data-dbsrc=\"Ly9jaGFsZXRtb250cmlvbmQuY2gvd3AtY29udGVudC91cGxvYWRzL3JldnNsaWRlci9ldGUtMjQvRmxhZ19vZl9Td2l0emVybGFuZF9QYW50b25lLnN2Z18tMzAweDMwMC5wbmc=\"\/>\n\t\t\t\t\t\t<img data-src=\"\/\/chaletmontriond.ch\/wp-content\/uploads\/2016\/10\/Tanay_1920_600.png\" data-libid=\"33811\" data-lib=\"medialibrary\" title=\"Tanay_1920_600\" width=\"0\" height=\"0\" data-dbsrc=\"Ly9jaGFsZXRtb250cmlvbmQuY2gvd3AtY29udGVudC91cGxvYWRzLzIwMTYvMTAvVGFuYXlfMTkyMF82MDAucG5n\"\/>\n\t\t\t\t\t\t<img data-src=\"\/\/chaletmontriond.ch\/wp-content\/uploads\/revslider\/ete-24\/Flag_of_Switzerland_Pantone.svg_-300x300.png\" data-libid=\"32789\" title=\"Flag_of_Switzerland_Pantone.svg_-300&#215;300.png\" width=\"0\" height=\"0\" data-dbsrc=\"Ly9jaGFsZXRtb250cmlvbmQuY2gvd3AtY29udGVudC91cGxvYWRzL3JldnNsaWRlci9ldGUtMjQvRmxhZ19vZl9Td2l0emVybGFuZF9QYW50b25lLnN2Z18tMzAweDMwMC5wbmc=\"\/>\n\t\t\t\t\t\t<img data-src=\"\/\/chaletmontriond.ch\/wp-content\/uploads\/2016\/10\/Glacier_1920_600.png\" data-libid=\"33814\" data-lib=\"medialibrary\" title=\"Glacier_1920_600\" width=\"0\" height=\"0\" data-dbsrc=\"Ly9jaGFsZXRtb250cmlvbmQuY2gvd3AtY29udGVudC91cGxvYWRzLzIwMTYvMTAvR2xhY2llcl8xOTIwXzYwMC5wbmc=\"\/>\n\t\t\t\t\t\t<img data-src=\"\/\/chaletmontriond.ch\/wp-content\/uploads\/revslider\/ete-24\/Flag_of_Switzerland_Pantone.svg_-300x300.png\" data-libid=\"32789\" title=\"Flag_of_Switzerland_Pantone.svg_-300&#215;300.png\" width=\"0\" height=\"0\" data-dbsrc=\"Ly9jaGFsZXRtb250cmlvbmQuY2gvd3AtY29udGVudC91cGxvYWRzL3JldnNsaWRlci9ldGUtMjQvRmxhZ19vZl9Td2l0emVybGFuZF9QYW50b25lLnN2Z18tMzAweDMwMC5wbmc=\"\/>\n\t\t\t\t\t\t<img data-src=\"\/\/chaletmontriond.ch\/wp-content\/uploads\/revslider\/ete-24\/Dents_du_Midi.jpg\" data-libid=\"32801\" data-lib=\"medialibrary\" title=\"Dents_du_Midi.jpg\" width=\"0\" height=\"0\" data-dbsrc=\"Ly9jaGFsZXRtb250cmlvbmQuY2gvd3AtY29udGVudC91cGxvYWRzL3JldnNsaWRlci9ldGUtMjQvRGVudHNfZHVfTWlkaS5qcGc=\"\/>\n\t\t\t\t\t\t<img data-src=\"\/\/chaletmontriond.ch\/wp-content\/uploads\/revslider\/ete-24\/Flag_of_Switzerland_Pantone.svg_-300x300.png\" data-libid=\"32789\" title=\"Flag_of_Switzerland_Pantone.svg_-300&#215;300.png\" width=\"0\" height=\"0\" data-dbsrc=\"Ly9jaGFsZXRtb250cmlvbmQuY2gvd3AtY29udGVudC91cGxvYWRzL3JldnNsaWRlci9ldGUtMjQvRmxhZ19vZl9Td2l0emVybGFuZF9QYW50b25lLnN2Z18tMzAweDMwMC5wbmc=\"\/>\n\t\t\t\t\t\t<img data-src=\"\/\/chaletmontriond.ch\/wp-content\/uploads\/2016\/10\/Marmotte_2_1920_600.png\" data-libid=\"33817\" data-lib=\"medialibrary\" title=\"Marmotte_2_1920_600\" width=\"0\" height=\"0\" data-dbsrc=\"Ly9jaGFsZXRtb250cmlvbmQuY2gvd3AtY29udGVudC91cGxvYWRzLzIwMTYvMTAvTWFybW90dGVfMl8xOTIwXzYwMC5wbmc=\"\/>\n\t\t\t\t\t\t<img data-src=\"\/\/chaletmontriond.ch\/wp-content\/uploads\/revslider\/ete-24\/Flag_of_Switzerland_Pantone.svg_-300x300.png\" data-libid=\"32789\" title=\"Flag_of_Switzerland_Pantone.svg_-300&#215;300.png\" width=\"0\" height=\"0\" data-dbsrc=\"Ly9jaGFsZXRtb250cmlvbmQuY2gvd3AtY29udGVudC91cGxvYWRzL3JldnNsaWRlci9ldGUtMjQvRmxhZ19vZl9Td2l0emVybGFuZF9QYW50b25lLnN2Z18tMzAweDMwMC5wbmc=\"\/>\n\t\t\t\t\t\t<img data-src=\"\/\/chaletmontriond.ch\/wp-content\/uploads\/revslider\/ete-24\/Rhodo_1920_600.jpg\" data-libid=\"32810\" data-lib=\"medialibrary\" title=\"Rhodo_1920_600.jpg\" width=\"0\" height=\"0\" data-dbsrc=\"Ly9jaGFsZXRtb250cmlvbmQuY2gvd3AtY29udGVudC91cGxvYWRzL3JldnNsaWRlci9ldGUtMjQvUmhvZG9fMTkyMF82MDAuanBn\"\/>\n\t\t\t\t\t\t<img data-src=\"\/\/chaletmontriond.ch\/wp-content\/uploads\/revslider\/ete-24\/Flag_of_Switzerland_Pantone.svg_-300x300.png\" data-libid=\"32789\" title=\"Flag_of_Switzerland_Pantone.svg_-300&#215;300.png\" width=\"0\" height=\"0\" data-dbsrc=\"Ly9jaGFsZXRtb250cmlvbmQuY2gvd3AtY29udGVudC91cGxvYWRzL3JldnNsaWRlci9ldGUtMjQvRmxhZ19vZl9Td2l0emVybGFuZF9QYW50b25lLnN2Z18tMzAweDMwMC5wbmc=\"\/>\n\t\t\t\t\t\t<img data-src=\"\/\/chaletmontriond.ch\/wp-content\/uploads\/revslider\/ete-24\/Buvette_1_1920_600.png\" data-libid=\"32813\" data-lib=\"medialibrary\" title=\"Buvette_1_1920_600.png\" width=\"0\" height=\"0\" data-dbsrc=\"Ly9jaGFsZXRtb250cmlvbmQuY2gvd3AtY29udGVudC91cGxvYWRzL3JldnNsaWRlci9ldGUtMjQvQnV2ZXR0ZV8xXzE5MjBfNjAwLnBuZw==\"\/>\n\t\t\t\t\t\t<img data-src=\"\/\/chaletmontriond.ch\/wp-content\/uploads\/revslider\/ete-24\/Flag_of_Switzerland_Pantone.svg_-300x300.png\" data-libid=\"32789\" title=\"Flag_of_Switzerland_Pantone.svg_-300&#215;300.png\" width=\"0\" height=\"0\" data-dbsrc=\"Ly9jaGFsZXRtb250cmlvbmQuY2gvd3AtY29udGVudC91cGxvYWRzL3JldnNsaWRlci9ldGUtMjQvRmxhZ19vZl9Td2l0emVybGFuZF9QYW50b25lLnN2Z18tMzAweDMwMC5wbmc=\"\/>\n\t\t\t\t\t\t<img data-src=\"\/\/chaletmontriond.ch\/wp-content\/uploads\/revslider\/ete-24\/Vache_1920_600.jpg\" data-libid=\"32819\" data-lib=\"medialibrary\" title=\"Vache_1920_600.jpg\" width=\"0\" height=\"0\" data-dbsrc=\"Ly9jaGFsZXRtb250cmlvbmQuY2gvd3AtY29udGVudC91cGxvYWRzL3JldnNsaWRlci9ldGUtMjQvVmFjaGVfMTkyMF82MDAuanBn\"\/>\n\t\t\t\t\t\t<img data-src=\"\/\/chaletmontriond.ch\/wp-content\/uploads\/revslider\/ete-24\/Flag_of_Switzerland_Pantone.svg_-300x300.png\" data-libid=\"32789\" title=\"Flag_of_Switzerland_Pantone.svg_-300&#215;300.png\" width=\"0\" height=\"0\" data-dbsrc=\"Ly9jaGFsZXRtb250cmlvbmQuY2gvd3AtY29udGVudC91cGxvYWRzL3JldnNsaWRlci9ldGUtMjQvRmxhZ19vZl9Td2l0emVybGFuZF9QYW50b25lLnN2Z18tMzAweDMwMC5wbmc=\"\/>\n\t\t\t\t\t\t<img data-src=\"\/\/chaletmontriond.ch\/wp-content\/uploads\/2016\/10\/Derborence_2_1920_600.png\" data-libid=\"33820\" data-lib=\"medialibrary\" title=\"Derborence_2_1920_600\" width=\"0\" height=\"0\" data-dbsrc=\"Ly9jaGFsZXRtb250cmlvbmQuY2gvd3AtY29udGVudC91cGxvYWRzLzIwMTYvMTAvRGVyYm9yZW5jZV8yXzE5MjBfNjAwLnBuZw==\"\/>\n\t\t\t\t\t\t<img data-src=\"\/\/chaletmontriond.ch\/wp-content\/uploads\/revslider\/ete-24\/Flag_of_Switzerland_Pantone.svg_-300x300.png\" data-libid=\"32789\" title=\"Flag_of_Switzerland_Pantone.svg_-300&#215;300.png\" width=\"0\" height=\"0\" data-dbsrc=\"Ly9jaGFsZXRtb250cmlvbmQuY2gvd3AtY29udGVudC91cGxvYWRzL3JldnNsaWRlci9ldGUtMjQvRmxhZ19vZl9Td2l0emVybGFuZF9QYW50b25lLnN2Z18tMzAweDMwMC5wbmc=\"\/>\n\t\t\t\t\t\t<img data-src=\"\/\/chaletmontriond.ch\/wp-content\/uploads\/revslider\/ete-24\/Rando1_1920_600.png\" data-libid=\"32828\" data-lib=\"medialibrary\" title=\"Rando1_1920_600.png\" width=\"0\" height=\"0\" data-dbsrc=\"Ly9jaGFsZXRtb250cmlvbmQuY2gvd3AtY29udGVudC91cGxvYWRzL3JldnNsaWRlci9ldGUtMjQvUmFuZG8xXzE5MjBfNjAwLnBuZw==\"\/>\n\t\t\t\t\t<\/image_lists>\n\t\t\t\t<\/sr7-module>\n\t\t\t\t<script>\n\t\t\t\t\twindow.SR7??={}; SR7.PMH ??={}; SR7.PMH[\"SR7_3_1\"] = {cn:100,state:false,fn: function() { if (window._tpt!==undefined && window._tpt.prepareModuleHeight !== undefined) {  _tpt.prepareModuleHeight({id:\"SR7_3_1\",el:[600,600,768,960,500],type:'standard',gh:[600,600,768,960,500],gw:[1920,1920,1024,778,480],vpt:['-200px&#039;,&#039;-200px&#039;,&#039;-200px&#039;,&#039;-200px&#039;,&#039;-200px'],size:{fullWidth:true, fullHeight:false},mh:'0',onh:0,onw:0,bg:{color:'{\"orig\":\"transparent\",\"type\":\"solid\",\"string\":\"transparent\"}'}});   SR7.PMH[\"SR7_3_1\"].state=true;} else if(SR7.PMH[\"SR7_3_1\"].cn-->0)\tsetTimeout( SR7.PMH[\"SR7_3_1\"].fn,19);}};SR7.PMH[\"SR7_3_1\" ].fn();\n\t\t\t\t<\/script>\n[vc_empty_space]<div class=\"thim-widget-heading template-default\"><div class=\"thim-sc-heading\" >\n\t\t<div class=\"article_heading \">\n\t\t\t\n\t\t\t<p class=\"heading_primary\"  >UN SEJOUR AGREABLE ET VARIE<\/p>\n\t\t\t\n\t\t\t\n\t\t<\/div>\n\t<\/div><\/div>[vc_empty_space][vc_column_text]Entdecken Sie im Sommer wie im Winter eine Vielzahl von Aktivit\u00e4ten, die in der Region dents du midi m\u00f6glich sind. Ob Sie nun eine neue Erfahrung, Adrenalin, sanften Tourismus oder eine Entdeckung der Region suchen, es werden Ihnen zu jeder Jahreszeit verschiedene Aktivit\u00e4ten angeboten!<\/p>\n<p>Entdecken Sie eine riesige und wundersch\u00f6ne Region und teilen Sie magische Momente![\/vc_column_text][\/vc_column][\/vc_row][vc_row][vc_column width=&#8220;1\/2&#8243;]<div class=\"thim-widget-heading template-default\"><div class=\"thim-sc-heading\" >\n\t\t<div class=\"article_heading \">\n\t\t\t\n\t\t\t<p class=\"heading_primary\"  >Activit\u00e9s hivernales<\/p>\n\t\t\t\n\t\t\t\n\t\t<\/div>\n\t<\/div><\/div>[vc_empty_space][vc_single_image image=&#8220;33348&#8243; img_size=&#8220;full&#8220; alignment=&#8220;center&#8220; onclick=&#8220;custom_link&#8220; css=&#8220;&#8220; link=&#8220;https:\/\/chaletmontriond.ch\/de\/winteraktivitaeten\/&#8220;]<div class=\"thim-widget-heading template-default\"><div class=\"thim-sc-heading\" >\n\t\t<div class=\"article_heading \">\n\t\t\t\n\t\t\t\n\t\t\t\n\t\t\t<div class=\"heading-button \"><a href=\"https:\/\/chaletmontriond.ch\/activites\/hiver\/\"><i class=\"icomoon icon-up\"><\/i>Plus d&#039;infos<\/a><\/div>\n\t\t<\/div>\n\t<\/div><\/div>[\/vc_column][vc_column width=&#8220;1\/2&#8243;]<div class=\"thim-widget-heading template-default\"><div class=\"thim-sc-heading\" >\n\t\t<div class=\"article_heading \">\n\t\t\t\n\t\t\t<p class=\"heading_primary\"  >Activit\u00e9s d'\u00e9t\u00e9<\/p>\n\t\t\t\n\t\t\t\n\t\t<\/div>\n\t<\/div><\/div>[vc_empty_space][vc_single_image image=&#8220;32944&#8243; img_size=&#8220;full&#8220; alignment=&#8220;center&#8220; onclick=&#8220;custom_link&#8220; css=&#8220;&#8220; link=&#8220;https:\/\/chaletmontriond.ch\/de\/sommeraktivitaeten\/&#8220;]<div class=\"thim-widget-heading template-default\"><div class=\"thim-sc-heading\" >\n\t\t<div class=\"article_heading \">\n\t\t\t\n\t\t\t\n\t\t\t\n\t\t\t<div class=\"heading-button \"><a href=\"https:\/\/chaletmontriond.ch\/activites\/activites_ete\/\"><i class=\"icomoon icon-up\"><\/i>Plus d&#039;infos<\/a><\/div>\n\t\t<\/div>\n\t<\/div><\/div>[\/vc_column][\/vc_row][vc_row][vc_column][vc_empty_space][\/vc_column][\/vc_row]<\/p>\n<\/div>","protected":false},"excerpt":{"rendered":"<p>[vc_row][vc_column][vc_empty_space][vc_empty_space][vc_column_text]Entdecken Sie im Sommer wie im Winter eine Vielzahl von Aktivit\u00e4ten, die in der Region dents du midi m\u00f6glich sind. Ob Sie nun eine neue Erfahrung, Adrenalin, sanften Tourismus oder eine Entdeckung der Region suchen, es werden Ihnen zu jeder Jahreszeit verschiedene Aktivit\u00e4ten angeboten! Entdecken Sie eine riesige und wundersch\u00f6ne&#8230;<\/p>\n","protected":false},"author":1,"featured_media":0,"parent":0,"menu_order":0,"comment_status":"closed","ping_status":"closed","template":"templates\/home-page.php","meta":{"rs_blank_template":"","rs_page_bg_color":"","slide_template_v7":"","footnotes":""},"class_list":["post-33435","page","type-page","status-publish","hentry"],"yoast_head":"<!-- This site is optimized with the Yoast SEO plugin v26.0 - https:\/\/yoast.com\/wordpress\/plugins\/seo\/ -->\n<title>Aktivit\u00e4ten - Chalet Montriond<\/title>\n<meta name=\"robots\" content=\"index, follow, max-snippet:-1, max-image-preview:large, max-video-preview:-1\" \/>\n<link rel=\"canonical\" href=\"https:\/\/chaletmontriond.ch\/de\/aktivitaeten\/\" \/>\n<meta property=\"og:locale\" content=\"de_DE\" \/>\n<meta property=\"og:type\" content=\"article\" \/>\n<meta property=\"og:title\" content=\"Aktivit\u00e4ten - Chalet Montriond\" \/>\n<meta property=\"og:description\" content=\"[vc_row][vc_column][vc_empty_space][vc_empty_space][vc_column_text]Entdecken Sie im Sommer wie im Winter eine Vielzahl von Aktivit\u00e4ten, die in der Region dents du midi m\u00f6glich sind. Ob Sie nun eine neue Erfahrung, Adrenalin, sanften Tourismus oder eine Entdeckung der Region suchen, es werden Ihnen zu jeder Jahreszeit verschiedene Aktivit\u00e4ten angeboten! Entdecken Sie eine riesige und wundersch\u00f6ne...\" \/>\n<meta property=\"og:url\" content=\"https:\/\/chaletmontriond.ch\/de\/aktivitaeten\/\" \/>\n<meta property=\"og:site_name\" content=\"Chalet Montriond\" \/>\n<meta property=\"article:publisher\" content=\"https:\/\/www.facebook.com\/chaletmontriond\/\" \/>\n<meta property=\"article:modified_time\" content=\"2024-05-15T05:58:28+00:00\" \/>\n<meta name=\"twitter:card\" content=\"summary_large_image\" \/>\n<meta name=\"twitter:label1\" content=\"Gesch\u00e4tzte Lesezeit\" \/>\n\t<meta name=\"twitter:data1\" content=\"1\u00a0Minute\" \/>\n<script type=\"application\/ld+json\" class=\"yoast-schema-graph\">{\"@context\":\"https:\/\/schema.org\",\"@graph\":[{\"@type\":\"WebPage\",\"@id\":\"https:\/\/chaletmontriond.ch\/de\/aktivitaeten\/\",\"url\":\"https:\/\/chaletmontriond.ch\/de\/aktivitaeten\/\",\"name\":\"Aktivit\u00e4ten - Chalet Montriond\",\"isPartOf\":{\"@id\":\"https:\/\/chaletmontriond.ch\/de\/#website\"},\"datePublished\":\"2017-11-29T13:28:17+00:00\",\"dateModified\":\"2024-05-15T05:58:28+00:00\",\"breadcrumb\":{\"@id\":\"https:\/\/chaletmontriond.ch\/de\/aktivitaeten\/#breadcrumb\"},\"inLanguage\":\"de\",\"potentialAction\":[{\"@type\":\"ReadAction\",\"target\":[\"https:\/\/chaletmontriond.ch\/de\/aktivitaeten\/\"]}]},{\"@type\":\"BreadcrumbList\",\"@id\":\"https:\/\/chaletmontriond.ch\/de\/aktivitaeten\/#breadcrumb\",\"itemListElement\":[{\"@type\":\"ListItem\",\"position\":1,\"name\":\"Home\",\"item\":\"https:\/\/chaletmontriond.ch\/de\/\"},{\"@type\":\"ListItem\",\"position\":2,\"name\":\"Aktivit\u00e4ten\"}]},{\"@type\":\"WebSite\",\"@id\":\"https:\/\/chaletmontriond.ch\/de\/#website\",\"url\":\"https:\/\/chaletmontriond.ch\/de\/\",\"name\":\"Chalet Montriond\",\"description\":\"Au coeur des Portes du Soleil\",\"publisher\":{\"@id\":\"https:\/\/chaletmontriond.ch\/de\/#organization\"},\"potentialAction\":[{\"@type\":\"SearchAction\",\"target\":{\"@type\":\"EntryPoint\",\"urlTemplate\":\"https:\/\/chaletmontriond.ch\/de\/?s={search_term_string}\"},\"query-input\":{\"@type\":\"PropertyValueSpecification\",\"valueRequired\":true,\"valueName\":\"search_term_string\"}}],\"inLanguage\":\"de\"},{\"@type\":\"Organization\",\"@id\":\"https:\/\/chaletmontriond.ch\/de\/#organization\",\"name\":\"Chalet Montriond\",\"url\":\"https:\/\/chaletmontriond.ch\/de\/\",\"logo\":{\"@type\":\"ImageObject\",\"inLanguage\":\"de\",\"@id\":\"https:\/\/chaletmontriond.ch\/de\/#\/schema\/logo\/image\/\",\"url\":\"https:\/\/chaletmontriond.ch\/wp-content\/uploads\/2016\/10\/cropped-Logo-Montriond-AF-1.png\",\"contentUrl\":\"https:\/\/chaletmontriond.ch\/wp-content\/uploads\/2016\/10\/cropped-Logo-Montriond-AF-1.png\",\"width\":512,\"height\":512,\"caption\":\"Chalet Montriond\"},\"image\":{\"@id\":\"https:\/\/chaletmontriond.ch\/de\/#\/schema\/logo\/image\/\"},\"sameAs\":[\"https:\/\/www.facebook.com\/chaletmontriond\/\",\"https:\/\/www.instagram.com\/hotel_chalet_montriond\/\"]}]}<\/script>\n<!-- \/ Yoast SEO plugin. -->","yoast_head_json":{"title":"Aktivit\u00e4ten - Chalet Montriond","robots":{"index":"index","follow":"follow","max-snippet":"max-snippet:-1","max-image-preview":"max-image-preview:large","max-video-preview":"max-video-preview:-1"},"canonical":"https:\/\/chaletmontriond.ch\/de\/aktivitaeten\/","og_locale":"de_DE","og_type":"article","og_title":"Aktivit\u00e4ten - Chalet Montriond","og_description":"[vc_row][vc_column][vc_empty_space][vc_empty_space][vc_column_text]Entdecken Sie im Sommer wie im Winter eine Vielzahl von Aktivit\u00e4ten, die in der Region dents du midi m\u00f6glich sind. Ob Sie nun eine neue Erfahrung, Adrenalin, sanften Tourismus oder eine Entdeckung der Region suchen, es werden Ihnen zu jeder Jahreszeit verschiedene Aktivit\u00e4ten angeboten! Entdecken Sie eine riesige und wundersch\u00f6ne...","og_url":"https:\/\/chaletmontriond.ch\/de\/aktivitaeten\/","og_site_name":"Chalet Montriond","article_publisher":"https:\/\/www.facebook.com\/chaletmontriond\/","article_modified_time":"2024-05-15T05:58:28+00:00","twitter_card":"summary_large_image","twitter_misc":{"Gesch\u00e4tzte Lesezeit":"1\u00a0Minute"},"schema":{"@context":"https:\/\/schema.org","@graph":[{"@type":"WebPage","@id":"https:\/\/chaletmontriond.ch\/de\/aktivitaeten\/","url":"https:\/\/chaletmontriond.ch\/de\/aktivitaeten\/","name":"Aktivit\u00e4ten - Chalet Montriond","isPartOf":{"@id":"https:\/\/chaletmontriond.ch\/de\/#website"},"datePublished":"2017-11-29T13:28:17+00:00","dateModified":"2024-05-15T05:58:28+00:00","breadcrumb":{"@id":"https:\/\/chaletmontriond.ch\/de\/aktivitaeten\/#breadcrumb"},"inLanguage":"de","potentialAction":[{"@type":"ReadAction","target":["https:\/\/chaletmontriond.ch\/de\/aktivitaeten\/"]}]},{"@type":"BreadcrumbList","@id":"https:\/\/chaletmontriond.ch\/de\/aktivitaeten\/#breadcrumb","itemListElement":[{"@type":"ListItem","position":1,"name":"Home","item":"https:\/\/chaletmontriond.ch\/de\/"},{"@type":"ListItem","position":2,"name":"Aktivit\u00e4ten"}]},{"@type":"WebSite","@id":"https:\/\/chaletmontriond.ch\/de\/#website","url":"https:\/\/chaletmontriond.ch\/de\/","name":"Chalet Montriond","description":"Au coeur des Portes du Soleil","publisher":{"@id":"https:\/\/chaletmontriond.ch\/de\/#organization"},"potentialAction":[{"@type":"SearchAction","target":{"@type":"EntryPoint","urlTemplate":"https:\/\/chaletmontriond.ch\/de\/?s={search_term_string}"},"query-input":{"@type":"PropertyValueSpecification","valueRequired":true,"valueName":"search_term_string"}}],"inLanguage":"de"},{"@type":"Organization","@id":"https:\/\/chaletmontriond.ch\/de\/#organization","name":"Chalet Montriond","url":"https:\/\/chaletmontriond.ch\/de\/","logo":{"@type":"ImageObject","inLanguage":"de","@id":"https:\/\/chaletmontriond.ch\/de\/#\/schema\/logo\/image\/","url":"https:\/\/chaletmontriond.ch\/wp-content\/uploads\/2016\/10\/cropped-Logo-Montriond-AF-1.png","contentUrl":"https:\/\/chaletmontriond.ch\/wp-content\/uploads\/2016\/10\/cropped-Logo-Montriond-AF-1.png","width":512,"height":512,"caption":"Chalet Montriond"},"image":{"@id":"https:\/\/chaletmontriond.ch\/de\/#\/schema\/logo\/image\/"},"sameAs":["https:\/\/www.facebook.com\/chaletmontriond\/","https:\/\/www.instagram.com\/hotel_chalet_montriond\/"]}]}},"_links":{"self":[{"href":"https:\/\/chaletmontriond.ch\/de\/wp-json\/wp\/v2\/pages\/33435","targetHints":{"allow":["GET"]}}],"collection":[{"href":"https:\/\/chaletmontriond.ch\/de\/wp-json\/wp\/v2\/pages"}],"about":[{"href":"https:\/\/chaletmontriond.ch\/de\/wp-json\/wp\/v2\/types\/page"}],"author":[{"embeddable":true,"href":"https:\/\/chaletmontriond.ch\/de\/wp-json\/wp\/v2\/users\/1"}],"replies":[{"embeddable":true,"href":"https:\/\/chaletmontriond.ch\/de\/wp-json\/wp\/v2\/comments?post=33435"}],"version-history":[{"count":3,"href":"https:\/\/chaletmontriond.ch\/de\/wp-json\/wp\/v2\/pages\/33435\/revisions"}],"predecessor-version":[{"id":33438,"href":"https:\/\/chaletmontriond.ch\/de\/wp-json\/wp\/v2\/pages\/33435\/revisions\/33438"}],"wp:attachment":[{"href":"https:\/\/chaletmontriond.ch\/de\/wp-json\/wp\/v2\/media?parent=33435"}],"curies":[{"name":"wp","href":"https:\/\/api.w.org\/{rel}","templated":true}]}}