{"id":34111,"date":"2024-05-28T18:36:27","date_gmt":"2024-05-28T16:36:27","guid":{"rendered":"https:\/\/chaletmontriond.ch\/?page_id=34111"},"modified":"2024-07-21T13:02:04","modified_gmt":"2024-07-21T11:02:04","slug":"dh-camp-in-portes-du-soleil","status":"publish","type":"page","link":"https:\/\/chaletmontriond.ch\/de\/dh-camp-in-portes-du-soleil\/","title":{"rendered":"DH-Camp in Portes du Soleil"},"content":{"rendered":"<div class=\"wpb-content-wrapper\"><p>[vc_row][vc_column]\n\t\t\t\t<p class=\"rs-p-wp-fix\"><\/p>\n\t\t\t\t<sr7-module data-alias=\"Camp-VTT-DH\" data-id=\"9\" id=\"SR7_9_1\" class=\"rs-ov-hidden\" data-version=\"6.7.38\">\n\t\t\t\t\t<sr7-adjuster><\/sr7-adjuster>\n\t\t\t\t\t<sr7-content>\n\t\t\t\t\t\t<sr7-slide id=\"SR7_9_1-89\" data-key=\"89\">\n\t\t\t\t\t\t\t<sr7-bg id=\"SR7_9_1-89-2\" class=\"sr7-layer\"><noscript><img decoding=\"async\" src=\"https:\/\/chaletmontriond.ch\/wp-content\/uploads\/2016\/10\/Slider_DH_5_1920_600.jpg\" alt=\"\" title=\"Slider_DH_5_1920_600\"><\/noscript><\/sr7-bg>\n\t\t\t\t\t\t\t<sr7-txt id=\"SR7_9_1-89-0\" class=\"sr7-layer\">Un apprentissage avec nos profs diplom\u00e9s<\/sr7-txt>\n\t\t\t\t\t\t<\/sr7-slide>\n\t\t\t\t\t\t<sr7-slide id=\"SR7_9_1-90\" data-key=\"90\">\n\t\t\t\t\t\t\t<sr7-bg id=\"SR7_9_1-90-4\" class=\"sr7-layer\"><noscript><img decoding=\"async\" src=\"https:\/\/chaletmontriond.ch\/wp-content\/uploads\/2016\/10\/Slider_DH_6_1920_600.jpg\" alt=\"\" title=\"Slider_DH_6_1920_600\"><\/noscript><\/sr7-bg>\n\t\t\t\t\t\t\t<sr7-txt id=\"SR7_9_1-90-0\" class=\"sr7-layer\">Les Dents du Midi pour vous accompagner tous les  jours<\/sr7-txt>\n\t\t\t\t\t\t<\/sr7-slide>\n\t\t\t\t\t\t<sr7-slide id=\"SR7_9_1-93\" data-key=\"93\">\n\t\t\t\t\t\t\t<sr7-bg id=\"SR7_9_1-93-7\" class=\"sr7-layer\"><noscript><img decoding=\"async\" src=\"https:\/\/chaletmontriond.ch\/wp-content\/uploads\/2016\/10\/Slider_DH_10_1920_600.png\" alt=\"\" title=\"Slider_DH_10_1920_600\"><\/noscript><\/sr7-bg>\n\t\t\t\t\t\t\t<sr7-txt id=\"SR7_9_1-93-0\" class=\"sr7-layer\">Une nourriture healthy<\/sr7-txt>\n\t\t\t\t\t\t<\/sr7-slide>\n\t\t\t\t\t\t<sr7-slide id=\"SR7_9_1-91\" data-key=\"91\">\n\t\t\t\t\t\t\t<sr7-bg id=\"SR7_9_1-91-8\" class=\"sr7-layer\"><noscript><img decoding=\"async\" src=\"https:\/\/chaletmontriond.ch\/wp-content\/uploads\/2016\/10\/Slider_DH_11_1920_600.png\" alt=\"\" title=\"Slider_DH_11_1920_600\"><\/noscript><\/sr7-bg>\n\t\t\t\t\t\t\t<sr7-txt id=\"SR7_9_1-91-0\" class=\"sr7-layer\">Le partage entre camarades <\/sr7-txt>\n\t\t\t\t\t\t<\/sr7-slide>\n\t\t\t\t\t\t<sr7-slide id=\"SR7_9_1-92\" data-key=\"92\">\n\t\t\t\t\t\t\t<sr7-bg id=\"SR7_9_1-92-9\" class=\"sr7-layer\"><noscript><img decoding=\"async\" src=\"https:\/\/chaletmontriond.ch\/wp-content\/uploads\/2016\/10\/Slider_DH_15_1920_600.png\" alt=\"\" title=\"Slider_DH_15_1920_600\"><\/noscript><\/sr7-bg>\n\t\t\t\t\t\t\t<sr7-txt id=\"SR7_9_1-92-0\" class=\"sr7-layer\">Toute l'\u00e9quipe du Chalet Montriond  et de l'\u00e9cole Suisse de VTT se r\u00e9jouis de vous recevoir.<\/sr7-txt>\n\t\t\t\t\t\t\t<sr7-txt id=\"SR7_9_1-92-2\" class=\"sr7-layer\">Votre camp VTT DH au Montriond<\/sr7-txt>\n\t\t\t\t\t\t<\/sr7-slide>\n\t\t\t\t\t\t<sr7-slide id=\"SR7_9_1-96\" data-key=\"96\">\n\t\t\t\t\t\t<\/sr7-slide>\n\t\t\t\t\t<\/sr7-content>\n\t\t\t\t\t<image_lists style=\"display:none\">\n\t\t\t\t\t\t<img data-src=\"\/\/chaletmontriond.ch\/wp-content\/uploads\/2016\/10\/logo-esv-01.png\" data-libid=\"34149\" data-lib=\"medialibrary\" title=\"logo-esv-01\" width=\"0\" height=\"0\" data-dbsrc=\"Ly9jaGFsZXRtb250cmlvbmQuY2gvd3AtY29udGVudC91cGxvYWRzLzIwMTYvMTAvbG9nby1lc3YtMDEucG5n\"\/>\n\t\t\t\t\t\t<img data-src=\"\/\/chaletmontriond.ch\/wp-content\/uploads\/2016\/10\/Slider_DH_5_1920_600.jpg\" data-libid=\"34137\" data-lib=\"medialibrary\" title=\"Slider_DH_5_1920_600\" width=\"0\" height=\"0\" data-dbsrc=\"Ly9jaGFsZXRtb250cmlvbmQuY2gvd3AtY29udGVudC91cGxvYWRzLzIwMTYvMTAvU2xpZGVyX0RIXzVfMTkyMF82MDAuanBn\"\/>\n\t\t\t\t\t\t<img data-src=\"\/\/chaletmontriond.ch\/wp-content\/uploads\/2016\/10\/Slider_DH_6_1920_600.jpg\" data-libid=\"34134\" data-lib=\"medialibrary\" title=\"Slider_DH_6_1920_600\" width=\"0\" height=\"0\" data-dbsrc=\"Ly9jaGFsZXRtb250cmlvbmQuY2gvd3AtY29udGVudC91cGxvYWRzLzIwMTYvMTAvU2xpZGVyX0RIXzZfMTkyMF82MDAuanBn\"\/>\n\t\t\t\t\t\t<img data-src=\"\/\/chaletmontriond.ch\/wp-content\/uploads\/2016\/10\/Slider_DH_11_1920_600.png\" data-libid=\"34343\" data-lib=\"medialibrary\" title=\"Slider_DH_11_1920_600\" width=\"0\" height=\"0\" data-dbsrc=\"Ly9jaGFsZXRtb250cmlvbmQuY2gvd3AtY29udGVudC91cGxvYWRzLzIwMTYvMTAvU2xpZGVyX0RIXzExXzE5MjBfNjAwLnBuZw==\"\/>\n\t\t\t\t\t\t<img data-src=\"\/\/chaletmontriond.ch\/wp-content\/uploads\/2016\/10\/Slider_DH_15_1920_600.png\" data-libid=\"34349\" data-lib=\"medialibrary\" title=\"Slider_DH_15_1920_600\" width=\"0\" height=\"0\" data-dbsrc=\"Ly9jaGFsZXRtb250cmlvbmQuY2gvd3AtY29udGVudC91cGxvYWRzLzIwMTYvMTAvU2xpZGVyX0RIXzE1XzE5MjBfNjAwLnBuZw==\"\/>\n\t\t\t\t\t\t<img data-src=\"\/\/chaletmontriond.ch\/wp-content\/uploads\/2016\/10\/Slider_DH_10_1920_600.png\" data-libid=\"34340\" data-lib=\"medialibrary\" title=\"Slider_DH_10_1920_600\" width=\"0\" height=\"0\" data-dbsrc=\"Ly9jaGFsZXRtb250cmlvbmQuY2gvd3AtY29udGVudC91cGxvYWRzLzIwMTYvMTAvU2xpZGVyX0RIXzEwXzE5MjBfNjAwLnBuZw==\"\/>\n\t\t\t\t\t<\/image_lists>\n\t\t\t\t<\/sr7-module>\n\t\t\t\t<script>\n\t\t\t\t\tSR7.PMH ??={}; SR7.PMH[\"SR7_9_1\"] = {cn:100,state:false,fn: function() { if (_tpt!==undefined && _tpt.prepareModuleHeight !== undefined) {  _tpt.prepareModuleHeight({id:\"SR7_9_1\",el:[600,600,768,960,500],type:'standard',shdw:'0',gh:[600,600,768,960,500],gw:[1920,1920,1024,778,480],vpt:['-200px&#039;,&#039;-200px&#039;,&#039;-200px&#039;,&#039;-200px&#039;,&#039;-200px'],size:{fullWidth:true, fullHeight:false},mh:'0',onh:0,onw:0,bg:{color:'{\"orig\":\"transparent\",\"type\":\"solid\",\"string\":\"transparent\"}'}});   SR7.PMH[\"SR7_9_1\"].state=true;} else if(SR7.PMH[\"SR7_9_1\"].cn-->0)\tsetTimeout( SR7.PMH[\"SR7_9_1\"].fn,19);}};SR7.PMH[\"SR7_9_1\" ].fn();\n\t\t\t\t<\/script>\n[vc_empty_space]<div class=\"thim-widget-heading template-default\"><div class=\"thim-sc-heading\" >\n\t\t<div class=\"article_heading \">\n\t\t\t<h2  class=\"heading_secondary\">DH-Mountainbike-Camp in den Portes du Soleil<\/h2>\n\t\t\t<p class=\"heading_primary\"  >Entdecken und buchen<\/p>\n\t\t\t\n\t\t\t\n\t\t<\/div>\n\t<\/div><\/div>[vc_row_inner][vc_column_inner width=&#8220;1\/2&#8243;][vc_column_text css=&#8220;&#8220;]<\/p>\n<p class=\"p1\">Die ideale L\u00f6sung, um Ihre Kinder w\u00e4hrend der Sommerferien zu besch\u00e4ftigen oder f\u00fcr jeden, der sich selbst auf die n\u00e4chste Stufe des Mountainbikens bringen m\u00f6chte.<\/p>\n<p>Entdecken Sie das ultimative Mountainbike-Erlebnis mit dem Sommercamp der Schweizer Mountainbike-Schule.<\/p>\n<p>Genie\u00dfen Sie 600 km Pisten in den Portes du Soleil mit einem Pauschalangebot, das den Zugang zu 5 Skigebieten und den Transfer mit Bus oder Bahn beinhaltet.<\/p>\n<div class=\"rich-text__text rte\">\n<ul>\n<li>5 Tage Mountainbike Downhill in Champ\u00e9ry, Les Crosets, Morzine, Ch\u00e2tel und Avoriaz<\/li>\n<li>Technisches Coaching durch einen von Swiss Cycling zertifizierten und auf Downhill spezialisierten Instruktor<\/li>\n<li>24-Stunden-\u00dcberwachung<\/li>\n<li>Shuttle-Transfers mit Bus oder Bahn inbegriffen<\/li>\n<li>Bikepass Portes du Soleil<\/li>\n<li>Extra-Aktivit\u00e4ten am Ende des Tages: Ziplines, Trampolin, Pool, Wild BBQ<\/li>\n<li>Abendunterhaltung: Mountainbike-Filmabend, Abend mit Gesellschaftsspielen, mechanischer Abend<\/li>\n<\/ul>\n<\/div>\n<div class=\"rich-text__buttons\"><\/div>\n<p>[\/vc_column_text][\/vc_column_inner][vc_column_inner width=&#8220;1\/2&#8243;][vc_video link=&#8220;https:\/\/youtu.be\/LqY6NoTxNHo?rel=0&#8243; align=&#8220;center&#8220; css=&#8220;&#8220;][\/vc_column_inner][\/vc_row_inner][vc_empty_space][\/vc_column][\/vc_row][vc_row][vc_column][vc_tta_tabs][vc_tta_section i_icon_fontawesome=&#8220;fas fa-mountain&#8220; add_icon=&#8220;true&#8220; title=&#8220;Termine und Grundlage des Kurses&#8220; tab_id=&#8220;1715940616975-8829330d-ab5c&#8220;][vc_empty_space][vc_column_text css=&#8220;&#8220;]\n<table id=\"tablepress-4\" class=\"tablepress tablepress-id-4\">\n<thead>\n<tr class=\"row-1\">\n\t<td class=\"column-1\"><\/td><th class=\"column-2\"><strong>Date d\u00e9but<\/strong><\/th><th class=\"column-3\"><strong>Date fin<\/strong><\/th>\n<\/tr>\n<\/thead>\n<tbody class=\"row-striping row-hover\">\n<tr class=\"row-2\">\n\t<td class=\"column-1\"><a href=\"https:\/\/shop.ecole-suisse-vtt.ch\/products\/camp-vtt-descente-jeunes-portes-du-soleil\" class=\"mon-bouton\" target=\"_blank\" rel=\"noopener\">Pr\u00e9inscription<\/a><br \/>\n<\/td><td class=\"column-2\">05\/07\/26<\/td><td class=\"column-3\">10\/07\/26<\/td>\n<\/tr>\n<tr class=\"row-3\">\n\t<td class=\"column-1\"><a href=\"https:\/\/shop.ecole-suisse-vtt.ch\/products\/camp-vtt-descente-jeunes-portes-du-soleil\" class=\"mon-bouton\" target=\"_blank\" rel=\"noopener\">Pr\u00e9inscription<\/a><br \/>\n<\/td><td class=\"column-2\">12\/07\/26<\/td><td class=\"column-3\">17\/07\/26<\/td>\n<\/tr>\n<tr class=\"row-4\">\n\t<td class=\"column-1\"><a href=\"https:\/\/shop.ecole-suisse-vtt.ch\/products\/camp-vtt-descente-jeunes-portes-du-soleil\" class=\"mon-bouton\" target=\"_blank\" rel=\"noopener\">Pr\u00e9inscription<\/a><br \/>\n<\/td><td class=\"column-2\">26\/07\/26<\/td><td class=\"column-3\">31\/07\/26<\/td>\n<\/tr>\n<tr class=\"row-5\">\n\t<td class=\"column-1\"><a href=\"https:\/\/shop.ecole-suisse-vtt.ch\/products\/camp-vtt-descente-jeunes-portes-du-soleil\" class=\"mon-bouton\" target=\"_blank\" rel=\"noopener\">Pr\u00e9inscription<\/a><br \/>\n<\/td><td class=\"column-2\">02\/08\/26<\/td><td class=\"column-3\">07\/08\/26<\/td>\n<\/tr>\n<tr class=\"row-6\">\n\t<td class=\"column-1\"><a href=\"https:\/\/shop.ecole-suisse-vtt.ch\/products\/camp-vtt-descente-jeunes-portes-du-soleil\" class=\"mon-bouton\" target=\"_blank\" rel=\"noopener\">Pr\u00e9inscription<\/a><br \/>\n<\/td><td class=\"column-2\">09\/08\/26<\/td><td class=\"column-3\">14\/08\/25<\/td>\n<\/tr>\n<\/tbody>\n<\/table>\n<!-- #tablepress-4 from cache -->[\/vc_column_text][vc_row_inner][vc_column_inner width=&#8220;1\/2&#8243;][vc_column_text css=&#8220;&#8220;]<\/p>\n<p class=\"p1\">Die ideale L\u00f6sung, um Ihre Kinder w\u00e4hrend der Sommerferien zu besch\u00e4ftigen oder f\u00fcr jeden, der sich selbst auf die n\u00e4chste Stufe des Mountainbikens bringen m\u00f6chte.<\/p>\n<p>Mountainbike-Camps sind eine spannende M\u00f6glichkeit, die Bergpfade zu erkunden und Ihre F\u00e4higkeiten im Mountainbike-Fahren zu verbessern. Sie sind f\u00fcr Sportbegeisterte, Naturliebhaber und Abenteurer geeignet, die eine Herausforderung suchen.<\/p>\n<p>W\u00e4hrend eines Camps haben Sie die M\u00f6glichkeit, an speziellen Trainings f\u00fcr Mountainbike-Fans teilzunehmen, die von erfahrenen Guides geleitet werden. Au\u00dferdem erhalten Sie Tipps, wie Sie Ihre Technik verbessern und die besten Pisten in den Bergen entdecken k\u00f6nnen. Die F\u00fchrer k\u00f6nnen Ihnen auch dabei helfen, Ihr Niveau zu bestimmen und die f\u00fcr Ihre F\u00e4higkeiten am besten geeigneten Wanderwege auszuw\u00e4hlen.<\/p>\n<p>Neben dem sportlichen Aspekt sind sie auch eine Gelegenheit, sich mit der Natur zu verbinden und Abenteuer im Freien zu erleben. Die nat\u00fcrliche Landschaft, die Panoramablicke und die saubere Luft werden Ihnen eine unvergessliche Erfahrung der Erholung bieten. Die Camps sind auch eine Gelegenheit, sich selbst herauszufordern und neue Horizonte zu entdecken.<\/p>\n<p>Sie sind auch eine Gelegenheit, die Kameradschaft mit anderen Radsportbegeisterten zu st\u00e4rken. Sie k\u00f6nnen Menschen kennen lernen, die die gleiche Leidenschaft teilen wie Sie und gemeinsam unvergessliche Momente erleben. Diese Erfahrung kann Ihnen auch helfen, Ihr Selbstvertrauen zu steigern und sich auf Ihrem Fahrrad sicherer zu f\u00fchlen, besonders wenn Sie Anf\u00e4nger sind.<\/p>\n<p>Es gibt viele verschiedene Arten von Mountainbike-Camps, die f\u00fcr unterschiedliche F\u00e4higkeiten und Vorlieben geeignet sind. Sie k\u00f6nnen ein Camp w\u00e4hlen, das Ihren F\u00e4higkeiten und Erwartungen entspricht, und eine einzigartige Mountainbike-Erfahrung machen. Ob Sie Anf\u00e4nger oder Fortgeschrittener sind, Sie werden ein Camp finden, das Ihren Bed\u00fcrfnissen entspricht.<\/p>\n<p>Diese Kurse k\u00f6nnen Ihnen auch dabei helfen, Ihre k\u00f6rperliche Fitness und Ausdauer zu verbessern. Spezielle Trainings f\u00fcr Mountainbike-Fans und Bergpfade k\u00f6nnen Ihnen helfen, effektiv zu trainieren und Ihre sportlichen Ziele zu erreichen.<\/p>\n<p>Mountainbike-Camps sind eine spannende Erfahrung f\u00fcr Fahrradliebhaber, Naturfreunde und Abenteurer, die nach Herausforderungen suchen. Sie bieten Ihnen die M\u00f6glichkeit, die Bergpfade zu entdecken und Ihre F\u00e4higkeiten zu verbessern.[\/vc_column_text][\/vc_column_inner][vc_column_inner width=&#8220;1\/2&#8243;][vc_single_image image=&#8220;34117&#8243; img_size=&#8220;full&#8220; alignment=&#8220;center&#8220; css=&#8220;&#8220;][\/vc_column_inner][\/vc_row_inner][\/vc_tta_section][vc_tta_section i_icon_fontawesome=&#8220;fas fa-tasks&#8220; add_icon=&#8220;true&#8220; title=&#8220;Das Programm&#8220; tab_id=&#8220;1715939264702-6fd4b313-fd3d&#8220;][vc_column_text css=&#8220;&#8220;]<strong>Sonntag<\/strong><\/p>\n<p>17:00 Empfang &#8222;All Inclusive&#8220;.<br \/>\n17:30 Vorstellung der ESV<br \/>\n18:00 Besuch des Chalet Montriond (Eltern) \/ Lagerregeln (Jugendliche)<br \/>\n18:30 Check-in Hotel Chalet Montriond<br \/>\n19:00 Abendessen<br \/>\n20:00 Welcome night \/ Abendprogramm<br \/>\n21:30 Vorbereitung zum Schlafengehen<br \/>\n22:00 Dodo<\/p>\n<p><strong>Montag<\/strong><\/p>\n<p>08:00 Uhr Wecken<br \/>\n08:30 Mittagessen<br \/>\n09:00 Empfang Ride Only<br \/>\n09:30 Aufw\u00e4rmen<br \/>\n10:00 Coaching Session (DH)<br \/>\n12:00 Pic-nic in Champ\u00e9ry oder Les Crosets<br \/>\n13:00 Afternoon Ride Session (DH)<br \/>\n16:30 Vorspeise<br \/>\n17:00 Schwimmbad, Beachvolleyball, Slackline<br \/>\n19:00 Duschen &amp; Entspannen<br \/>\n19:30 Abendessen<br \/>\n20:30 Welcome night \/ Abendprogramm<br \/>\n21:30 Vorbereitung zum Schlafengehen<br \/>\n22:00 Dodo<\/p>\n<p><strong>Dienstag<\/strong><\/p>\n<p>07:30 Uhr Wecken<br \/>\n08:00 Mittagessen<br \/>\n08:30 Transfer Hotel &#8211; Ch\u00e2tel<br \/>\n09:30 Aufw\u00e4rmen<br \/>\n10:00 Coaching Session (DH)<br \/>\n12:00 Pic-nic in Ch\u00e2tel<br \/>\n13:00 Afternoon Ride Session (DH)<br \/>\n16:30 Vorspeise<br \/>\n17:00 Transfer Ch\u00e2tel &#8211; Hotel<br \/>\n18:00 XStream Park<br \/>\n19:00 Duschen &amp; Entspannen<br \/>\n19:30 Abendessen<br \/>\n20:30 Abendprogramm : Tischtennis, Boule Movie Night, Gesellschaftsspiele etc.<br \/>\n21:30 Vorbereitung zum Schlafengehen<br \/>\n22:00 Dodo<\/p>\n<p><strong>Mittwoch<\/strong><\/p>\n<p>07:30 Uhr Wecken<br \/>\n08:00 Mittagessen<br \/>\n08:30 Transfer Hotel &#8211; Ch\u00e2tel<br \/>\n09:30 Aufw\u00e4rmen<br \/>\n10:00 Coaching Session (DH)<br \/>\n12:00 Pic-nic in Ch\u00e2tel<br \/>\n13:00 Afternoon Ride Session (DH)<br \/>\n16:30 Vorspeise<br \/>\n17:00 Transfer Ch\u00e2tel &#8211; Hotel<br \/>\n18:00 Abenteuerpark &amp; Ziplines<br \/>\n19:00 Duschen &amp; Entspannen<br \/>\n19:30 Abendessen<br \/>\n20:30 Abendprogramm : Tischtennis, Boule Movie Night, Gesellschaftsspiele etc.<br \/>\n21:30 Vorbereitung zum Schlafengehen<br \/>\n22:00 Dodo<\/p>\n<p><strong>Donnerstag<\/strong><\/p>\n<p>07:30 Uhr Wecken<br \/>\n08:00 Mittagessen<br \/>\n08:30 Megaride : Les Crosets -&gt; Morzine -&gt; Les<br \/>\n09:00 Gets<br \/>\n12:00 Pic-nic in Les Gets<br \/>\n13:00 Megaride : Les Gets -&gt; Morzine -&gt; Les Crosets<br \/>\n17:00 Nachmittagsimbiss<br \/>\n17:30 Duschen &amp; Entspannen<br \/>\n18:30 Wild BBQ Night<br \/>\n21:30 Vorbereitung zum Schlafengehen<br \/>\n22:00 Dodo<\/p>\n<p><strong>Freitag<\/strong><\/p>\n<p>08:00 Uhr Wecken<br \/>\n08:30 Mittagessen<br \/>\n09:00 Aufw\u00e4rmen<br \/>\n09:30 Coaching Session (DH)<br \/>\n12:00 Pic-nic in Champ\u00e9ry oder Les Crosets<br \/>\n13:00 Afternoon Ride Session (DH)<br \/>\n16:30 Vorspeise<br \/>\n17:00 Uhr Duschen<br \/>\n17:30 Nachbesprechung und Ende des Camps :)[\/vc_column_text][\/vc_tta_section][vc_tta_section title=&#8220;Sicherheit&#8220; tab_id=&#8220;1716914391876-65614c6c-b2c3&#8243;][vc_column_text css=&#8220;&#8220;]Im ESV Portes du Soleil Mountainbike-Camp hat die Sicherheit der Teilnehmer bei allen Aktivit\u00e4ten oberste Priorit\u00e4t. Alle unsere Reiseleiter und Betreuer verf\u00fcgen \u00fcber das notwendige Wissen und viele Jahre Erfahrung in der Arbeit mit jungen Menschen.<\/p>\n<p><strong>Betreuung<br \/>\n<\/strong><br \/>\nWir sind uns der Verantwortung bewusst, die die Betreuung unserer Teilnehmer mit sich bringt, und stellen ihr Wohlbefinden stets in den Vordergrund. Deshalb stehen wir den Jugendlichen 24 Stunden am Tag zur Verf\u00fcgung. Im Falle einer Krankheit oder eines Unfalls k\u00f6nnen wir innerhalb weniger Minuten medizinische Hilfe vor Ort anfordern.<\/p>\n<p>Unser Sportangebot enth\u00e4lt sogenannte Risiko-Elemente. Wir haben daher strenge Verfahren festgelegt, um sicherzustellen, dass die Teilnehmer w\u00e4hrend der Aktivit\u00e4ten einem minimalen Risiko ausgesetzt sind.<\/p>\n<p><strong>Im Falle eines Notfalls<\/strong><br \/>\nVal d&#8217;Illiez (10 min vom Hotel) bietet ein medizinisches Zentrum an<br \/>\nMonthey (20 min vom Hotel entfernt) verf\u00fcgt \u00fcber eine Zweigstelle des regionalen Krankenhauses (H\u00f4pital Riviera-Chablais):[\/vc_column_text][\/vc_tta_section][\/vc_tta_tabs][vc_column_text][\/vc_column_text][\/vc_column][\/vc_row][vc_row][vc_column][vc_column_text][\/vc_column_text][\/vc_column][\/vc_row]<\/p>\n<\/div>","protected":false},"excerpt":{"rendered":"<p>[vc_row][vc_column][vc_empty_space][vc_row_inner][vc_column_inner width=&#8220;1\/2&#8243;][vc_column_text css=&#8220;&#8220;] Die ideale L\u00f6sung, um Ihre Kinder w\u00e4hrend der Sommerferien zu besch\u00e4ftigen oder f\u00fcr jeden, der sich selbst auf die n\u00e4chste Stufe des Mountainbikens bringen m\u00f6chte. Entdecken Sie das ultimative Mountainbike-Erlebnis mit dem Sommercamp der Schweizer Mountainbike-Schule. Genie\u00dfen Sie 600 km Pisten in den Portes du Soleil mit&#8230;<\/p>\n","protected":false},"author":1,"featured_media":0,"parent":0,"menu_order":0,"comment_status":"closed","ping_status":"closed","template":"templates\/home-page.php","meta":{"footnotes":""},"class_list":["post-34111","page","type-page","status-publish","hentry"],"yoast_head":"<!-- This site is optimized with the Yoast SEO plugin v26.0 - https:\/\/yoast.com\/wordpress\/plugins\/seo\/ -->\n<title>DH-Camp in Portes du Soleil - Chalet Montriond<\/title>\n<meta name=\"robots\" content=\"index, follow, max-snippet:-1, max-image-preview:large, max-video-preview:-1\" \/>\n<link rel=\"canonical\" href=\"https:\/\/chaletmontriond.ch\/de\/dh-camp-in-portes-du-soleil\/\" \/>\n<meta property=\"og:locale\" content=\"de_DE\" \/>\n<meta property=\"og:type\" content=\"article\" \/>\n<meta property=\"og:title\" content=\"DH-Camp in Portes du Soleil - Chalet Montriond\" \/>\n<meta property=\"og:description\" content=\"[vc_row][vc_column][vc_empty_space][vc_row_inner][vc_column_inner width=&#8220;1\/2&#8243;][vc_column_text css=&#8220;&#8220;] Die ideale L\u00f6sung, um Ihre Kinder w\u00e4hrend der Sommerferien zu besch\u00e4ftigen oder f\u00fcr jeden, der sich selbst auf die n\u00e4chste Stufe des Mountainbikens bringen m\u00f6chte. Entdecken Sie das ultimative Mountainbike-Erlebnis mit dem Sommercamp der Schweizer Mountainbike-Schule. Genie\u00dfen Sie 600 km Pisten in den Portes du Soleil mit...\" \/>\n<meta property=\"og:url\" content=\"https:\/\/chaletmontriond.ch\/de\/dh-camp-in-portes-du-soleil\/\" \/>\n<meta property=\"og:site_name\" content=\"Chalet Montriond\" \/>\n<meta property=\"article:publisher\" content=\"https:\/\/www.facebook.com\/chaletmontriond\/\" \/>\n<meta property=\"article:modified_time\" content=\"2024-07-21T11:02:04+00:00\" \/>\n<meta name=\"twitter:card\" content=\"summary_large_image\" \/>\n<meta name=\"twitter:label1\" content=\"Gesch\u00e4tzte Lesezeit\" \/>\n\t<meta name=\"twitter:data1\" content=\"5\u00a0Minuten\" \/>\n<script type=\"application\/ld+json\" class=\"yoast-schema-graph\">{\"@context\":\"https:\/\/schema.org\",\"@graph\":[{\"@type\":\"WebPage\",\"@id\":\"https:\/\/chaletmontriond.ch\/de\/dh-camp-in-portes-du-soleil\/\",\"url\":\"https:\/\/chaletmontriond.ch\/de\/dh-camp-in-portes-du-soleil\/\",\"name\":\"DH-Camp in Portes du Soleil - Chalet Montriond\",\"isPartOf\":{\"@id\":\"https:\/\/chaletmontriond.ch\/de\/#website\"},\"datePublished\":\"2024-05-28T16:36:27+00:00\",\"dateModified\":\"2024-07-21T11:02:04+00:00\",\"breadcrumb\":{\"@id\":\"https:\/\/chaletmontriond.ch\/de\/dh-camp-in-portes-du-soleil\/#breadcrumb\"},\"inLanguage\":\"de\",\"potentialAction\":[{\"@type\":\"ReadAction\",\"target\":[\"https:\/\/chaletmontriond.ch\/de\/dh-camp-in-portes-du-soleil\/\"]}]},{\"@type\":\"BreadcrumbList\",\"@id\":\"https:\/\/chaletmontriond.ch\/de\/dh-camp-in-portes-du-soleil\/#breadcrumb\",\"itemListElement\":[{\"@type\":\"ListItem\",\"position\":1,\"name\":\"Home\",\"item\":\"https:\/\/chaletmontriond.ch\/de\/\"},{\"@type\":\"ListItem\",\"position\":2,\"name\":\"DH-Camp in Portes du Soleil\"}]},{\"@type\":\"WebSite\",\"@id\":\"https:\/\/chaletmontriond.ch\/de\/#website\",\"url\":\"https:\/\/chaletmontriond.ch\/de\/\",\"name\":\"Chalet Montriond\",\"description\":\"Au coeur des Portes du Soleil\",\"publisher\":{\"@id\":\"https:\/\/chaletmontriond.ch\/de\/#organization\"},\"potentialAction\":[{\"@type\":\"SearchAction\",\"target\":{\"@type\":\"EntryPoint\",\"urlTemplate\":\"https:\/\/chaletmontriond.ch\/de\/?s={search_term_string}\"},\"query-input\":{\"@type\":\"PropertyValueSpecification\",\"valueRequired\":true,\"valueName\":\"search_term_string\"}}],\"inLanguage\":\"de\"},{\"@type\":\"Organization\",\"@id\":\"https:\/\/chaletmontriond.ch\/de\/#organization\",\"name\":\"Chalet Montriond\",\"url\":\"https:\/\/chaletmontriond.ch\/de\/\",\"logo\":{\"@type\":\"ImageObject\",\"inLanguage\":\"de\",\"@id\":\"https:\/\/chaletmontriond.ch\/de\/#\/schema\/logo\/image\/\",\"url\":\"https:\/\/chaletmontriond.ch\/wp-content\/uploads\/2016\/10\/cropped-Logo-Montriond-AF-1.png\",\"contentUrl\":\"https:\/\/chaletmontriond.ch\/wp-content\/uploads\/2016\/10\/cropped-Logo-Montriond-AF-1.png\",\"width\":512,\"height\":512,\"caption\":\"Chalet Montriond\"},\"image\":{\"@id\":\"https:\/\/chaletmontriond.ch\/de\/#\/schema\/logo\/image\/\"},\"sameAs\":[\"https:\/\/www.facebook.com\/chaletmontriond\/\",\"https:\/\/www.instagram.com\/hotel_chalet_montriond\/\"]}]}<\/script>\n<!-- \/ Yoast SEO plugin. -->","yoast_head_json":{"title":"DH-Camp in Portes du Soleil - Chalet Montriond","robots":{"index":"index","follow":"follow","max-snippet":"max-snippet:-1","max-image-preview":"max-image-preview:large","max-video-preview":"max-video-preview:-1"},"canonical":"https:\/\/chaletmontriond.ch\/de\/dh-camp-in-portes-du-soleil\/","og_locale":"de_DE","og_type":"article","og_title":"DH-Camp in Portes du Soleil - Chalet Montriond","og_description":"[vc_row][vc_column][vc_empty_space][vc_row_inner][vc_column_inner width=&#8220;1\/2&#8243;][vc_column_text css=&#8220;&#8220;] Die ideale L\u00f6sung, um Ihre Kinder w\u00e4hrend der Sommerferien zu besch\u00e4ftigen oder f\u00fcr jeden, der sich selbst auf die n\u00e4chste Stufe des Mountainbikens bringen m\u00f6chte. Entdecken Sie das ultimative Mountainbike-Erlebnis mit dem Sommercamp der Schweizer Mountainbike-Schule. Genie\u00dfen Sie 600 km Pisten in den Portes du Soleil mit...","og_url":"https:\/\/chaletmontriond.ch\/de\/dh-camp-in-portes-du-soleil\/","og_site_name":"Chalet Montriond","article_publisher":"https:\/\/www.facebook.com\/chaletmontriond\/","article_modified_time":"2024-07-21T11:02:04+00:00","twitter_card":"summary_large_image","twitter_misc":{"Gesch\u00e4tzte Lesezeit":"5\u00a0Minuten"},"schema":{"@context":"https:\/\/schema.org","@graph":[{"@type":"WebPage","@id":"https:\/\/chaletmontriond.ch\/de\/dh-camp-in-portes-du-soleil\/","url":"https:\/\/chaletmontriond.ch\/de\/dh-camp-in-portes-du-soleil\/","name":"DH-Camp in Portes du Soleil - Chalet Montriond","isPartOf":{"@id":"https:\/\/chaletmontriond.ch\/de\/#website"},"datePublished":"2024-05-28T16:36:27+00:00","dateModified":"2024-07-21T11:02:04+00:00","breadcrumb":{"@id":"https:\/\/chaletmontriond.ch\/de\/dh-camp-in-portes-du-soleil\/#breadcrumb"},"inLanguage":"de","potentialAction":[{"@type":"ReadAction","target":["https:\/\/chaletmontriond.ch\/de\/dh-camp-in-portes-du-soleil\/"]}]},{"@type":"BreadcrumbList","@id":"https:\/\/chaletmontriond.ch\/de\/dh-camp-in-portes-du-soleil\/#breadcrumb","itemListElement":[{"@type":"ListItem","position":1,"name":"Home","item":"https:\/\/chaletmontriond.ch\/de\/"},{"@type":"ListItem","position":2,"name":"DH-Camp in Portes du Soleil"}]},{"@type":"WebSite","@id":"https:\/\/chaletmontriond.ch\/de\/#website","url":"https:\/\/chaletmontriond.ch\/de\/","name":"Chalet Montriond","description":"Au coeur des Portes du Soleil","publisher":{"@id":"https:\/\/chaletmontriond.ch\/de\/#organization"},"potentialAction":[{"@type":"SearchAction","target":{"@type":"EntryPoint","urlTemplate":"https:\/\/chaletmontriond.ch\/de\/?s={search_term_string}"},"query-input":{"@type":"PropertyValueSpecification","valueRequired":true,"valueName":"search_term_string"}}],"inLanguage":"de"},{"@type":"Organization","@id":"https:\/\/chaletmontriond.ch\/de\/#organization","name":"Chalet Montriond","url":"https:\/\/chaletmontriond.ch\/de\/","logo":{"@type":"ImageObject","inLanguage":"de","@id":"https:\/\/chaletmontriond.ch\/de\/#\/schema\/logo\/image\/","url":"https:\/\/chaletmontriond.ch\/wp-content\/uploads\/2016\/10\/cropped-Logo-Montriond-AF-1.png","contentUrl":"https:\/\/chaletmontriond.ch\/wp-content\/uploads\/2016\/10\/cropped-Logo-Montriond-AF-1.png","width":512,"height":512,"caption":"Chalet Montriond"},"image":{"@id":"https:\/\/chaletmontriond.ch\/de\/#\/schema\/logo\/image\/"},"sameAs":["https:\/\/www.facebook.com\/chaletmontriond\/","https:\/\/www.instagram.com\/hotel_chalet_montriond\/"]}]}},"_links":{"self":[{"href":"https:\/\/chaletmontriond.ch\/de\/wp-json\/wp\/v2\/pages\/34111","targetHints":{"allow":["GET"]}}],"collection":[{"href":"https:\/\/chaletmontriond.ch\/de\/wp-json\/wp\/v2\/pages"}],"about":[{"href":"https:\/\/chaletmontriond.ch\/de\/wp-json\/wp\/v2\/types\/page"}],"author":[{"embeddable":true,"href":"https:\/\/chaletmontriond.ch\/de\/wp-json\/wp\/v2\/users\/1"}],"replies":[{"embeddable":true,"href":"https:\/\/chaletmontriond.ch\/de\/wp-json\/wp\/v2\/comments?post=34111"}],"version-history":[{"count":6,"href":"https:\/\/chaletmontriond.ch\/de\/wp-json\/wp\/v2\/pages\/34111\/revisions"}],"predecessor-version":[{"id":34515,"href":"https:\/\/chaletmontriond.ch\/de\/wp-json\/wp\/v2\/pages\/34111\/revisions\/34515"}],"wp:attachment":[{"href":"https:\/\/chaletmontriond.ch\/de\/wp-json\/wp\/v2\/media?parent=34111"}],"curies":[{"name":"wp","href":"https:\/\/api.w.org\/{rel}","templated":true}]}}