{"id":36552,"date":"2025-12-10T21:07:27","date_gmt":"2025-12-10T20:07:27","guid":{"rendered":"https:\/\/chaletmontriond.ch\/?page_id=36552"},"modified":"2025-12-10T21:07:29","modified_gmt":"2025-12-10T20:07:29","slug":"formular-ski-all-inclusive","status":"publish","type":"page","link":"https:\/\/chaletmontriond.ch\/de\/formular-ski-all-inclusive\/","title":{"rendered":"Formular Ski All Inclusive"},"content":{"rendered":"<div class=\"wpb-content-wrapper\"><p>[vc_row][vc_column]\n\t\t\t\t<p class=\"rs-p-wp-fix\"><\/p>\n\t\t\t\t<sr7-module data-alias=\"hiver-24-de\" data-id=\"13\" id=\"SR7_13_1\" class=\"rs-ov-hidden\" data-version=\"6.7.38\">\n\t\t\t\t\t<sr7-adjuster><\/sr7-adjuster>\n\t\t\t\t\t<sr7-content>\n\t\t\t\t\t\t<sr7-slide id=\"SR7_13_1-133\" data-key=\"133\">\n\t\t\t\t\t\t\t<sr7-bg id=\"SR7_13_1-133-5\" class=\"sr7-layer\"><noscript><img decoding=\"async\" src=\"https:\/\/chaletmontriond.ch\/wp-content\/uploads\/2016\/10\/Montriond_1920_600.png\" alt=\"\" title=\"Montriond_1920_600\"><\/noscript><\/sr7-bg>\n\t\t\t\t\t\t\t<sr7-txt id=\"SR7_13_1-133-0\" class=\"sr7-layer\">Les Crosets auf 1800m im Herzen der Portes du Soleil<\/sr7-txt>\n\t\t\t\t\t\t\t<a id=\"SR7_13_1-133-1\" class=\"sr7-layer\" href=\"https:\/\/chaletmontriond.ch\/de\/home\/?saison=ete\" target=\"_self\">Sommer<\/a>\n\t\t\t\t\t\t\t<sr7-txt id=\"SR7_13_1-133-2\" class=\"sr7-layer\">650 km Pisten zu Ihren F\u00fc\u00dfen<\/sr7-txt>\n\t\t\t\t\t\t<\/sr7-slide>\n\t\t\t\t\t\t<sr7-slide id=\"SR7_13_1-141\" data-key=\"141\">\n\t\t\t\t\t\t\t<sr7-bg id=\"SR7_13_1-141-5\" class=\"sr7-layer\"><noscript><img decoding=\"async\" src=\"https:\/\/chaletmontriond.ch\/wp-content\/uploads\/2016\/10\/Room_1920_600.png\" alt=\"\" title=\"Room_1920_600\"><\/noscript><\/sr7-bg>\n\t\t\t\t\t\t\t<sr7-txt id=\"SR7_13_1-141-0\" class=\"sr7-layer\">Alle unsere Zimmer mit Blick auf die Berge<\/sr7-txt>\n\t\t\t\t\t\t<\/sr7-slide>\n\t\t\t\t\t\t<sr7-slide id=\"SR7_13_1-134\" data-key=\"134\">\n\t\t\t\t\t\t\t<sr7-bg id=\"SR7_13_1-134-5\" class=\"sr7-layer\"><noscript><img decoding=\"async\" src=\"https:\/\/chaletmontriond.ch\/wp-content\/uploads\/2016\/10\/Domaine_PDS_1920_600.png\" alt=\"\" title=\"Domaine_PDS_1920_600\"><\/noscript><\/sr7-bg>\n\t\t\t\t\t\t\t<sr7-txt id=\"SR7_13_1-134-0\" class=\"sr7-layer\">Die Portes du Soleil, das gr\u00f6\u00dfte Skigebiet in Europa<\/sr7-txt>\n\t\t\t\t\t\t<\/sr7-slide>\n\t\t\t\t\t\t<sr7-slide id=\"SR7_13_1-135\" data-key=\"135\">\n\t\t\t\t\t\t\t<sr7-bg id=\"SR7_13_1-135-5\" class=\"sr7-layer\"><noscript><img decoding=\"async\" src=\"https:\/\/chaletmontriond.ch\/wp-content\/uploads\/2016\/10\/Sauna_1920_600.jpg\" alt=\"\" title=\"Sauna_1920_600\"><\/noscript><\/sr7-bg>\n\t\t\t\t\t\t\t<sr7-txt id=\"SR7_13_1-135-0\" class=\"sr7-layer\">Unser Wellnessbereich, der Trost nach einem Skitag<\/sr7-txt>\n\t\t\t\t\t\t<\/sr7-slide>\n\t\t\t\t\t\t<sr7-slide id=\"SR7_13_1-136\" data-key=\"136\">\n\t\t\t\t\t\t\t<sr7-bg id=\"SR7_13_1-136-5\" class=\"sr7-layer\"><noscript><img decoding=\"async\" src=\"https:\/\/chaletmontriond.ch\/wp-content\/uploads\/2016\/10\/Fondue_4_1920_600.png\" alt=\"\" title=\"Fondue_4_1920_600\"><\/noscript><\/sr7-bg>\n\t\t\t\t\t\t\t<sr7-txt id=\"SR7_13_1-136-0\" class=\"sr7-layer\">Fondue nach einem Tag auf der Skipiste...<\/sr7-txt>\n\t\t\t\t\t\t<\/sr7-slide>\n\t\t\t\t\t\t<sr7-slide id=\"SR7_13_1-137\" data-key=\"137\">\n\t\t\t\t\t\t\t<sr7-bg id=\"SR7_13_1-137-5\" class=\"sr7-layer\"><noscript><img decoding=\"async\" src=\"https:\/\/chaletmontriond.ch\/wp-content\/uploads\/2016\/10\/Salle_de_jeu_1920_600-1.png\" alt=\"\" title=\"Salle_de_jeu_1920_600\"><\/noscript><\/sr7-bg>\n\t\t\t\t\t\t\t<sr7-txt id=\"SR7_13_1-137-0\" class=\"sr7-layer\">Unser Spielzimmer f\u00fcr Gro\u00df und Klein<\/sr7-txt>\n\t\t\t\t\t\t<\/sr7-slide>\n\t\t\t\t\t\t<sr7-slide id=\"SR7_13_1-138\" data-key=\"138\">\n\t\t\t\t\t\t\t<sr7-bg id=\"SR7_13_1-138-5\" class=\"sr7-layer\"><noscript><img decoding=\"async\" src=\"https:\/\/chaletmontriond.ch\/wp-content\/uploads\/2016\/10\/Hiver_8_1920_600.png\" alt=\"\" title=\"Hiver_8_1920_600\"><\/noscript><\/sr7-bg>\n\t\t\t\t\t\t\t<sr7-txt id=\"SR7_13_1-138-0\" class=\"sr7-layer\">F\u00fcr Nicht-Skifahrer warten sch\u00f6ne Spazierg\u00e4nge auf Sie<\/sr7-txt>\n\t\t\t\t\t\t<\/sr7-slide>\n\t\t\t\t\t\t<sr7-slide id=\"SR7_13_1-139\" data-key=\"139\">\n\t\t\t\t\t\t\t<sr7-bg id=\"SR7_13_1-139-5\" class=\"sr7-layer\"><noscript><img decoding=\"async\" src=\"https:\/\/chaletmontriond.ch\/wp-content\/uploads\/2016\/10\/Hiver_10_1920_600-1.png\" alt=\"\" title=\"Hiver_10_1920_600\"><\/noscript><\/sr7-bg>\n\t\t\t\t\t\t\t<sr7-txt id=\"SR7_13_1-139-0\" class=\"sr7-layer\">Ein n\u00e4chtlicher Blick von Ihrem Balkon<\/sr7-txt>\n\t\t\t\t\t\t<\/sr7-slide>\n\t\t\t\t\t\t<sr7-slide id=\"SR7_13_1-140\" data-key=\"140\">\n\t\t\t\t\t\t\t<sr7-bg id=\"SR7_13_1-140-5\" class=\"sr7-layer\"><noscript><img decoding=\"async\" src=\"https:\/\/chaletmontriond.ch\/wp-content\/uploads\/2016\/10\/Hiver_9_1920_600.png\" alt=\"\" title=\"Hiver_9_1920_600\"><\/noscript><\/sr7-bg>\n\t\t\t\t\t\t\t<sr7-txt id=\"SR7_13_1-140-0\" class=\"sr7-layer\">Das gesamte Team des Chalet Montriond freut sich darauf, Sie zu empfangen.<\/sr7-txt>\n\t\t\t\t\t\t\t<sr7-txt id=\"SR7_13_1-140-2\" class=\"sr7-layer\">Natur, Sport und Gelassenheit im Herzen der Alpen<\/sr7-txt>\n\t\t\t\t\t\t<\/sr7-slide>\n\t\t\t\t\t\t<sr7-slide id=\"SR7_13_1-142\" data-key=\"142\">\n\t\t\t\t\t\t<\/sr7-slide>\n\t\t\t\t\t<\/sr7-content>\n\t\t\t\t\t<image_lists style=\"display:none\">\n\t\t\t\t\t\t<img data-src=\"\/\/chaletmontriond.ch\/wp-content\/uploads\/revslider\/ete-24\/Flag_of_Switzerland_Pantone.svg_-300x300.png\" data-libid=\"32789\" data-lib=\"medialibrary\" title=\"Flag_of_Switzerland_Pantone.svg_-300&#215;300.png\" width=\"0\" height=\"0\" data-dbsrc=\"Ly9jaGFsZXRtb250cmlvbmQuY2gvd3AtY29udGVudC91cGxvYWRzL3JldnNsaWRlci9ldGUtMjQvRmxhZ19vZl9Td2l0emVybGFuZF9QYW50b25lLnN2Z18tMzAweDMwMC5wbmc=\"\/>\n\t\t\t\t\t\t<img data-src=\"\/\/chaletmontriond.ch\/wp-content\/uploads\/2016\/10\/Montriond_1920_600.png\" data-libid=\"34618\" data-lib=\"medialibrary\" title=\"Montriond_1920_600\" width=\"0\" height=\"0\" data-dbsrc=\"Ly9jaGFsZXRtb250cmlvbmQuY2gvd3AtY29udGVudC91cGxvYWRzLzIwMTYvMTAvTW9udHJpb25kXzE5MjBfNjAwLnBuZw==\"\/>\n\t\t\t\t\t\t<img data-src=\"\/\/chaletmontriond.ch\/wp-content\/uploads\/2016\/10\/Domaine_PDS_1920_600.png\" data-libid=\"34627\" data-lib=\"medialibrary\" title=\"Domaine_PDS_1920_600\" width=\"0\" height=\"0\" data-dbsrc=\"Ly9jaGFsZXRtb250cmlvbmQuY2gvd3AtY29udGVudC91cGxvYWRzLzIwMTYvMTAvRG9tYWluZV9QRFNfMTkyMF82MDAucG5n\"\/>\n\t\t\t\t\t\t<img data-src=\"\/\/chaletmontriond.ch\/wp-content\/uploads\/2016\/10\/Sauna_1920_600.jpg\" data-libid=\"34168\" data-lib=\"medialibrary\" title=\"Sauna_1920_600\" width=\"0\" height=\"0\" data-dbsrc=\"Ly9jaGFsZXRtb250cmlvbmQuY2gvd3AtY29udGVudC91cGxvYWRzLzIwMTYvMTAvU2F1bmFfMTkyMF82MDAuanBn\"\/>\n\t\t\t\t\t\t<img data-src=\"\/\/chaletmontriond.ch\/wp-content\/uploads\/2016\/10\/Fondue_4_1920_600.png\" data-libid=\"36542\" data-lib=\"medialibrary\" title=\"Fondue_4_1920_600\" width=\"0\" height=\"0\" data-dbsrc=\"Ly9jaGFsZXRtb250cmlvbmQuY2gvd3AtY29udGVudC91cGxvYWRzLzIwMTYvMTAvRm9uZHVlXzRfMTkyMF82MDAucG5n\"\/>\n\t\t\t\t\t\t<img data-src=\"\/\/chaletmontriond.ch\/wp-content\/uploads\/2016\/10\/Salle_de_jeu_1920_600-1.png\" data-libid=\"36545\" data-lib=\"medialibrary\" title=\"Salle_de_jeu_1920_600\" width=\"0\" height=\"0\" data-dbsrc=\"Ly9jaGFsZXRtb250cmlvbmQuY2gvd3AtY29udGVudC91cGxvYWRzLzIwMTYvMTAvU2FsbGVfZGVfamV1XzE5MjBfNjAwLTEucG5n\"\/>\n\t\t\t\t\t\t<img data-src=\"\/\/chaletmontriond.ch\/wp-content\/uploads\/2016\/10\/Hiver_8_1920_600.png\" data-libid=\"34633\" data-lib=\"medialibrary\" title=\"Hiver_8_1920_600\" width=\"0\" height=\"0\" data-dbsrc=\"Ly9jaGFsZXRtb250cmlvbmQuY2gvd3AtY29udGVudC91cGxvYWRzLzIwMTYvMTAvSGl2ZXJfOF8xOTIwXzYwMC5wbmc=\"\/>\n\t\t\t\t\t\t<img data-src=\"\/\/chaletmontriond.ch\/wp-content\/uploads\/2016\/10\/Hiver_10_1920_600-1.png\" data-libid=\"36548\" data-lib=\"medialibrary\" title=\"Hiver_10_1920_600\" width=\"0\" height=\"0\" data-dbsrc=\"Ly9jaGFsZXRtb250cmlvbmQuY2gvd3AtY29udGVudC91cGxvYWRzLzIwMTYvMTAvSGl2ZXJfMTBfMTkyMF82MDAtMS5wbmc=\"\/>\n\t\t\t\t\t\t<img data-src=\"\/\/chaletmontriond.ch\/wp-content\/uploads\/2016\/10\/Hiver_9_1920_600.png\" data-libid=\"34639\" data-lib=\"medialibrary\" title=\"Hiver_9_1920_600\" width=\"0\" height=\"0\" data-dbsrc=\"Ly9jaGFsZXRtb250cmlvbmQuY2gvd3AtY29udGVudC91cGxvYWRzLzIwMTYvMTAvSGl2ZXJfOV8xOTIwXzYwMC5wbmc=\"\/>\n\t\t\t\t\t\t<img data-src=\"\/\/chaletmontriond.ch\/wp-content\/uploads\/2016\/10\/Room_1920_600.png\" data-libid=\"33805\" data-lib=\"medialibrary\" title=\"Room_1920_600\" width=\"0\" height=\"0\" data-dbsrc=\"Ly9jaGFsZXRtb250cmlvbmQuY2gvd3AtY29udGVudC91cGxvYWRzLzIwMTYvMTAvUm9vbV8xOTIwXzYwMC5wbmc=\"\/>\n\t\t\t\t\t<\/image_lists>\n\t\t\t\t<\/sr7-module>\n\t\t\t\t<script>\n\t\t\t\t\tSR7.PMH ??={}; SR7.PMH[\"SR7_13_1\"] = {cn:100,state:false,fn: function() { if (_tpt!==undefined && _tpt.prepareModuleHeight !== undefined) {  _tpt.prepareModuleHeight({id:\"SR7_13_1\",el:[600,600,768,960,500],type:'standard',shdw:'0',gh:[600,600,768,960,500],gw:[1920,1920,1024,778,480],vpt:['-200px&#039;,&#039;-200px&#039;,&#039;-200px&#039;,&#039;-200px&#039;,&#039;-200px'],size:{fullWidth:true, fullHeight:false},mh:'0',onh:0,onw:0,bg:{color:'{\"orig\":\"transparent\",\"type\":\"solid\",\"string\":\"transparent\"}'}});   SR7.PMH[\"SR7_13_1\"].state=true;} else if(SR7.PMH[\"SR7_13_1\"].cn-->0)\tsetTimeout( SR7.PMH[\"SR7_13_1\"].fn,19);}};SR7.PMH[\"SR7_13_1\" ].fn();\n\t\t\t\t<\/script>\n[vc_empty_space]<div class=\"thim-widget-heading template-default\"><div class=\"thim-sc-heading\" >\n\t\t<div class=\"article_heading \">\n\t\t\t\n\t\t\t<p class=\"heading_primary\"  >Angebotsanfrage f\u00fcr All-inclusive-Aufenthalt<\/p>\n\t\t\t\n\t\t\t\n\t\t<\/div>\n\t<\/div><\/div>[\/vc_column][\/vc_row][vc_row][vc_column width=&#8220;1\/2&#8243;][vc_empty_space][vc_column_text css=&#8220;.vc_custom_1762182621913{margin-top: 32px !important;}&#8220;]Wir erstellen Ihnen gerne ein <span class=\"s1\"><b>individuelles Angebot<\/b><\/span>, sobald Sie das Formular ausgef\u00fcllt haben.<\/p>\n<p>Unser Angebot umfasst Vorschl\u00e4ge f\u00fcr:<\/p>\n<ul>\n<li>Unterkunft<\/li>\n<li>Halbpension<\/li>\n<li>Skipass<\/li>\n<li>Skiausr\u00fcstung<\/li>\n<li>Skikurse<\/li>\n<\/ul>\n<p>[\/vc_column_text][\/vc_column][vc_column width=&#8220;1\/2&#8243; css=&#8220;.vc_custom_1757880437040{background-color: #ffffff !important;}&#8220;][vc_images_carousel images=&#8220;36440,36431,36422,36434,36437,36425,36428&#8243; img_size=&#8220;full&#8220; speed=&#8220;3000&#8243; autoplay=&#8220;yes&#8220; hide_prev_next_buttons=&#8220;yes&#8220; wrap=&#8220;yes&#8220; css=&#8220;&#8220;][\/vc_column][\/vc_row][vc_row][vc_column][vc_column_text css=&#8220;&#8220;]<code><script type=\"text\/javascript\" src=\"https:\/\/crm4u.travel4u.ch\/form\/generate.js?id=56\"><\/script><\/code>[\/vc_column_text][\/vc_column][\/vc_row]<\/p>\n<\/div>","protected":false},"excerpt":{"rendered":"<p>[vc_row][vc_column][vc_empty_space][\/vc_column][\/vc_row][vc_row][vc_column width=&#8220;1\/2&#8243;][vc_empty_space][vc_column_text css=&#8220;.vc_custom_1762182621913{margin-top: 32px !important;}&#8220;]Wir erstellen Ihnen gerne ein individuelles Angebot, sobald Sie das Formular ausgef\u00fcllt haben. Unser Angebot umfasst Vorschl\u00e4ge f\u00fcr: Unterkunft Halbpension Skipass Skiausr\u00fcstung Skikurse [\/vc_column_text][\/vc_column][vc_column width=&#8220;1\/2&#8243; css=&#8220;.vc_custom_1757880437040{background-color: #ffffff !important;}&#8220;][vc_images_carousel images=&#8220;36440,36431,36422,36434,36437,36425,36428&#8243; img_size=&#8220;full&#8220; speed=&#8220;3000&#8243; autoplay=&#8220;yes&#8220; hide_prev_next_buttons=&#8220;yes&#8220; wrap=&#8220;yes&#8220; css=&#8220;&#8220;][\/vc_column][\/vc_row][vc_row][vc_column][vc_column_text css=&#8220;&#8220;][\/vc_column_text][\/vc_column][\/vc_row]<\/p>\n","protected":false},"author":7,"featured_media":0,"parent":0,"menu_order":0,"comment_status":"closed","ping_status":"closed","template":"templates\/home-page.php","meta":{"footnotes":""},"class_list":["post-36552","page","type-page","status-publish","hentry"],"yoast_head":"<!-- This site is optimized with the Yoast SEO plugin v26.0 - https:\/\/yoast.com\/wordpress\/plugins\/seo\/ -->\n<title>Formular Ski All Inclusive - Chalet Montriond<\/title>\n<meta name=\"robots\" content=\"index, follow, max-snippet:-1, max-image-preview:large, max-video-preview:-1\" \/>\n<link rel=\"canonical\" href=\"https:\/\/chaletmontriond.ch\/de\/formular-ski-all-inclusive\/\" \/>\n<meta property=\"og:locale\" content=\"de_DE\" \/>\n<meta property=\"og:type\" content=\"article\" \/>\n<meta property=\"og:title\" content=\"Formular Ski All Inclusive - Chalet Montriond\" \/>\n<meta property=\"og:description\" content=\"[vc_row][vc_column][vc_empty_space][\/vc_column][\/vc_row][vc_row][vc_column width=&#8220;1\/2&#8243;][vc_empty_space][vc_column_text css=&#8220;.vc_custom_1762182621913{margin-top: 32px !important;}&#8220;]Wir erstellen Ihnen gerne ein individuelles Angebot, sobald Sie das Formular ausgef\u00fcllt haben. Unser Angebot umfasst Vorschl\u00e4ge f\u00fcr: Unterkunft Halbpension Skipass Skiausr\u00fcstung Skikurse [\/vc_column_text][\/vc_column][vc_column width=&#8220;1\/2&#8243; css=&#8220;.vc_custom_1757880437040{background-color: #ffffff !important;}&#8220;][vc_images_carousel images=&#8220;36440,36431,36422,36434,36437,36425,36428&#8243; img_size=&#8220;full&#8220; speed=&#8220;3000&#8243; autoplay=&#8220;yes&#8220; hide_prev_next_buttons=&#8220;yes&#8220; wrap=&#8220;yes&#8220; css=&#8220;&#8220;][\/vc_column][\/vc_row][vc_row][vc_column][vc_column_text css=&#8220;&#8220;][\/vc_column_text][\/vc_column][\/vc_row]\" \/>\n<meta property=\"og:url\" content=\"https:\/\/chaletmontriond.ch\/de\/formular-ski-all-inclusive\/\" \/>\n<meta property=\"og:site_name\" content=\"Chalet Montriond\" \/>\n<meta property=\"article:publisher\" content=\"https:\/\/www.facebook.com\/chaletmontriond\/\" \/>\n<meta property=\"article:modified_time\" content=\"2025-12-10T20:07:29+00:00\" \/>\n<meta name=\"twitter:card\" content=\"summary_large_image\" \/>\n<meta name=\"twitter:label1\" content=\"Gesch\u00e4tzte Lesezeit\" \/>\n\t<meta name=\"twitter:data1\" content=\"1\u00a0Minute\" \/>\n<script type=\"application\/ld+json\" class=\"yoast-schema-graph\">{\"@context\":\"https:\/\/schema.org\",\"@graph\":[{\"@type\":\"WebPage\",\"@id\":\"https:\/\/chaletmontriond.ch\/de\/formular-ski-all-inclusive\/\",\"url\":\"https:\/\/chaletmontriond.ch\/de\/formular-ski-all-inclusive\/\",\"name\":\"Formular Ski All Inclusive - Chalet Montriond\",\"isPartOf\":{\"@id\":\"https:\/\/chaletmontriond.ch\/de\/#website\"},\"datePublished\":\"2025-12-10T20:07:27+00:00\",\"dateModified\":\"2025-12-10T20:07:29+00:00\",\"breadcrumb\":{\"@id\":\"https:\/\/chaletmontriond.ch\/de\/formular-ski-all-inclusive\/#breadcrumb\"},\"inLanguage\":\"de\",\"potentialAction\":[{\"@type\":\"ReadAction\",\"target\":[\"https:\/\/chaletmontriond.ch\/de\/formular-ski-all-inclusive\/\"]}]},{\"@type\":\"BreadcrumbList\",\"@id\":\"https:\/\/chaletmontriond.ch\/de\/formular-ski-all-inclusive\/#breadcrumb\",\"itemListElement\":[{\"@type\":\"ListItem\",\"position\":1,\"name\":\"Home\",\"item\":\"https:\/\/chaletmontriond.ch\/de\/\"},{\"@type\":\"ListItem\",\"position\":2,\"name\":\"Formular Ski All Inclusive\"}]},{\"@type\":\"WebSite\",\"@id\":\"https:\/\/chaletmontriond.ch\/de\/#website\",\"url\":\"https:\/\/chaletmontriond.ch\/de\/\",\"name\":\"Chalet Montriond\",\"description\":\"Au coeur des Portes du Soleil\",\"publisher\":{\"@id\":\"https:\/\/chaletmontriond.ch\/de\/#organization\"},\"potentialAction\":[{\"@type\":\"SearchAction\",\"target\":{\"@type\":\"EntryPoint\",\"urlTemplate\":\"https:\/\/chaletmontriond.ch\/de\/?s={search_term_string}\"},\"query-input\":{\"@type\":\"PropertyValueSpecification\",\"valueRequired\":true,\"valueName\":\"search_term_string\"}}],\"inLanguage\":\"de\"},{\"@type\":\"Organization\",\"@id\":\"https:\/\/chaletmontriond.ch\/de\/#organization\",\"name\":\"Chalet Montriond\",\"url\":\"https:\/\/chaletmontriond.ch\/de\/\",\"logo\":{\"@type\":\"ImageObject\",\"inLanguage\":\"de\",\"@id\":\"https:\/\/chaletmontriond.ch\/de\/#\/schema\/logo\/image\/\",\"url\":\"https:\/\/chaletmontriond.ch\/wp-content\/uploads\/2016\/10\/cropped-Logo-Montriond-AF-1.png\",\"contentUrl\":\"https:\/\/chaletmontriond.ch\/wp-content\/uploads\/2016\/10\/cropped-Logo-Montriond-AF-1.png\",\"width\":512,\"height\":512,\"caption\":\"Chalet Montriond\"},\"image\":{\"@id\":\"https:\/\/chaletmontriond.ch\/de\/#\/schema\/logo\/image\/\"},\"sameAs\":[\"https:\/\/www.facebook.com\/chaletmontriond\/\",\"https:\/\/www.instagram.com\/hotel_chalet_montriond\/\"]}]}<\/script>\n<!-- \/ Yoast SEO plugin. -->","yoast_head_json":{"title":"Formular Ski All Inclusive - Chalet Montriond","robots":{"index":"index","follow":"follow","max-snippet":"max-snippet:-1","max-image-preview":"max-image-preview:large","max-video-preview":"max-video-preview:-1"},"canonical":"https:\/\/chaletmontriond.ch\/de\/formular-ski-all-inclusive\/","og_locale":"de_DE","og_type":"article","og_title":"Formular Ski All Inclusive - Chalet Montriond","og_description":"[vc_row][vc_column][vc_empty_space][\/vc_column][\/vc_row][vc_row][vc_column width=&#8220;1\/2&#8243;][vc_empty_space][vc_column_text css=&#8220;.vc_custom_1762182621913{margin-top: 32px !important;}&#8220;]Wir erstellen Ihnen gerne ein individuelles Angebot, sobald Sie das Formular ausgef\u00fcllt haben. Unser Angebot umfasst Vorschl\u00e4ge f\u00fcr: Unterkunft Halbpension Skipass Skiausr\u00fcstung Skikurse [\/vc_column_text][\/vc_column][vc_column width=&#8220;1\/2&#8243; css=&#8220;.vc_custom_1757880437040{background-color: #ffffff !important;}&#8220;][vc_images_carousel images=&#8220;36440,36431,36422,36434,36437,36425,36428&#8243; img_size=&#8220;full&#8220; speed=&#8220;3000&#8243; autoplay=&#8220;yes&#8220; hide_prev_next_buttons=&#8220;yes&#8220; wrap=&#8220;yes&#8220; css=&#8220;&#8220;][\/vc_column][\/vc_row][vc_row][vc_column][vc_column_text css=&#8220;&#8220;][\/vc_column_text][\/vc_column][\/vc_row]","og_url":"https:\/\/chaletmontriond.ch\/de\/formular-ski-all-inclusive\/","og_site_name":"Chalet Montriond","article_publisher":"https:\/\/www.facebook.com\/chaletmontriond\/","article_modified_time":"2025-12-10T20:07:29+00:00","twitter_card":"summary_large_image","twitter_misc":{"Gesch\u00e4tzte Lesezeit":"1\u00a0Minute"},"schema":{"@context":"https:\/\/schema.org","@graph":[{"@type":"WebPage","@id":"https:\/\/chaletmontriond.ch\/de\/formular-ski-all-inclusive\/","url":"https:\/\/chaletmontriond.ch\/de\/formular-ski-all-inclusive\/","name":"Formular Ski All Inclusive - Chalet Montriond","isPartOf":{"@id":"https:\/\/chaletmontriond.ch\/de\/#website"},"datePublished":"2025-12-10T20:07:27+00:00","dateModified":"2025-12-10T20:07:29+00:00","breadcrumb":{"@id":"https:\/\/chaletmontriond.ch\/de\/formular-ski-all-inclusive\/#breadcrumb"},"inLanguage":"de","potentialAction":[{"@type":"ReadAction","target":["https:\/\/chaletmontriond.ch\/de\/formular-ski-all-inclusive\/"]}]},{"@type":"BreadcrumbList","@id":"https:\/\/chaletmontriond.ch\/de\/formular-ski-all-inclusive\/#breadcrumb","itemListElement":[{"@type":"ListItem","position":1,"name":"Home","item":"https:\/\/chaletmontriond.ch\/de\/"},{"@type":"ListItem","position":2,"name":"Formular Ski All Inclusive"}]},{"@type":"WebSite","@id":"https:\/\/chaletmontriond.ch\/de\/#website","url":"https:\/\/chaletmontriond.ch\/de\/","name":"Chalet Montriond","description":"Au coeur des Portes du Soleil","publisher":{"@id":"https:\/\/chaletmontriond.ch\/de\/#organization"},"potentialAction":[{"@type":"SearchAction","target":{"@type":"EntryPoint","urlTemplate":"https:\/\/chaletmontriond.ch\/de\/?s={search_term_string}"},"query-input":{"@type":"PropertyValueSpecification","valueRequired":true,"valueName":"search_term_string"}}],"inLanguage":"de"},{"@type":"Organization","@id":"https:\/\/chaletmontriond.ch\/de\/#organization","name":"Chalet Montriond","url":"https:\/\/chaletmontriond.ch\/de\/","logo":{"@type":"ImageObject","inLanguage":"de","@id":"https:\/\/chaletmontriond.ch\/de\/#\/schema\/logo\/image\/","url":"https:\/\/chaletmontriond.ch\/wp-content\/uploads\/2016\/10\/cropped-Logo-Montriond-AF-1.png","contentUrl":"https:\/\/chaletmontriond.ch\/wp-content\/uploads\/2016\/10\/cropped-Logo-Montriond-AF-1.png","width":512,"height":512,"caption":"Chalet Montriond"},"image":{"@id":"https:\/\/chaletmontriond.ch\/de\/#\/schema\/logo\/image\/"},"sameAs":["https:\/\/www.facebook.com\/chaletmontriond\/","https:\/\/www.instagram.com\/hotel_chalet_montriond\/"]}]}},"_links":{"self":[{"href":"https:\/\/chaletmontriond.ch\/de\/wp-json\/wp\/v2\/pages\/36552","targetHints":{"allow":["GET"]}}],"collection":[{"href":"https:\/\/chaletmontriond.ch\/de\/wp-json\/wp\/v2\/pages"}],"about":[{"href":"https:\/\/chaletmontriond.ch\/de\/wp-json\/wp\/v2\/types\/page"}],"author":[{"embeddable":true,"href":"https:\/\/chaletmontriond.ch\/de\/wp-json\/wp\/v2\/users\/7"}],"replies":[{"embeddable":true,"href":"https:\/\/chaletmontriond.ch\/de\/wp-json\/wp\/v2\/comments?post=36552"}],"version-history":[{"count":1,"href":"https:\/\/chaletmontriond.ch\/de\/wp-json\/wp\/v2\/pages\/36552\/revisions"}],"predecessor-version":[{"id":36554,"href":"https:\/\/chaletmontriond.ch\/de\/wp-json\/wp\/v2\/pages\/36552\/revisions\/36554"}],"wp:attachment":[{"href":"https:\/\/chaletmontriond.ch\/de\/wp-json\/wp\/v2\/media?parent=36552"}],"curies":[{"name":"wp","href":"https:\/\/api.w.org\/{rel}","templated":true}]}}