{"id":36759,"date":"2026-03-08T08:34:08","date_gmt":"2026-03-08T07:34:08","guid":{"rendered":"https:\/\/chaletmontriond.ch\/?page_id=36759"},"modified":"2026-03-08T11:11:08","modified_gmt":"2026-03-08T10:11:08","slug":"formulaire-ski-all-inclusive-printemps","status":"publish","type":"page","link":"https:\/\/chaletmontriond.ch\/de\/formulaire-ski-all-inclusive-printemps\/","title":{"rendered":"Formulaire Ski All Inclusive Printemps"},"content":{"rendered":"<div class=\"wpb-content-wrapper\"><p>[vc_row][vc_column]\n\t\t\t\t<p class=\"rs-p-wp-fix\"><\/p>\n\t\t\t\t<sr7-module data-alias=\"hiver-24-fr\" data-id=\"11\" id=\"SR7_11_1\" class=\"rs-ov-hidden\" data-version=\"6.7.38\">\n\t\t\t\t\t<sr7-adjuster><\/sr7-adjuster>\n\t\t\t\t\t<sr7-content>\n\t\t\t\t\t\t<sr7-slide id=\"SR7_11_1-108\" data-key=\"108\">\n\t\t\t\t\t\t\t<sr7-bg id=\"SR7_11_1-108-5\" class=\"sr7-layer\"><noscript><img decoding=\"async\" src=\"https:\/\/chaletmontriond.ch\/wp-content\/uploads\/2016\/10\/Montriond_1920_600.png\" alt=\"\" title=\"Montriond_1920_600\"><\/noscript><\/sr7-bg>\n\t\t\t\t\t\t\t<sr7-txt id=\"SR7_11_1-108-0\" class=\"sr7-layer\">Les Crosets \u00e0 1800m au coeur des Portes du Soleil<\/sr7-txt>\n\t\t\t\t\t\t\t<a id=\"SR7_11_1-108-1\" class=\"sr7-layer\" href=\"https:\/\/chaletmontriond.ch\/?saison=ete\" target=\"_self\">Ete<\/a>\n\t\t\t\t\t\t\t<sr7-txt id=\"SR7_11_1-108-2\" class=\"sr7-layer\">650 km de pistes \u00e0 vos pieds<\/sr7-txt>\n\t\t\t\t\t\t<\/sr7-slide>\n\t\t\t\t\t\t<sr7-slide id=\"SR7_11_1-121\" data-key=\"121\">\n\t\t\t\t\t\t\t<sr7-bg id=\"SR7_11_1-121-13\" class=\"sr7-layer\"><noscript><img decoding=\"async\" src=\"https:\/\/chaletmontriond.ch\/wp-content\/uploads\/2016\/10\/Room_1920_600.png\" alt=\"\" title=\"Room_1920_600\"><\/noscript><\/sr7-bg>\n\t\t\t\t\t\t\t<sr7-txt id=\"SR7_11_1-121-0\" class=\"sr7-layer\">Toutes nos chambres avec vue sur la montagne<\/sr7-txt>\n\t\t\t\t\t\t\t<a id=\"SR7_11_1-121-12\" class=\"sr7-layer\" href=\"https:\/\/chaletmontriond.ch\/?saison=ete\" target=\"_self\">Ete<\/a>\n\t\t\t\t\t\t<\/sr7-slide>\n\t\t\t\t\t\t<sr7-slide id=\"SR7_11_1-111\" data-key=\"111\">\n\t\t\t\t\t\t\t<sr7-bg id=\"SR7_11_1-111-14\" class=\"sr7-layer\"><noscript><img decoding=\"async\" src=\"https:\/\/chaletmontriond.ch\/wp-content\/uploads\/2016\/10\/Domaine_PDS_1920_600.png\" alt=\"\" title=\"Domaine_PDS_1920_600\"><\/noscript><\/sr7-bg>\n\t\t\t\t\t\t\t<sr7-txt id=\"SR7_11_1-111-0\" class=\"sr7-layer\">Les Portes du Soleil, le plus grand domaine de ski en Europe<\/sr7-txt>\n\t\t\t\t\t\t\t<a id=\"SR7_11_1-111-13\" class=\"sr7-layer\" href=\"https:\/\/chaletmontriond.ch\/?saison=ete\" target=\"_self\">Ete<\/a>\n\t\t\t\t\t\t<\/sr7-slide>\n\t\t\t\t\t\t<sr7-slide id=\"SR7_11_1-114\" data-key=\"114\">\n\t\t\t\t\t\t\t<sr7-bg id=\"SR7_11_1-114-15\" class=\"sr7-layer\"><noscript><img decoding=\"async\" src=\"https:\/\/chaletmontriond.ch\/wp-content\/uploads\/2016\/10\/Sauna_1920_600.jpg\" alt=\"\" title=\"Sauna_1920_600\"><\/noscript><\/sr7-bg>\n\t\t\t\t\t\t\t<sr7-txt id=\"SR7_11_1-114-0\" class=\"sr7-layer\">Notre espace bien-\u00eatre, le r\u00e9confort apr\u00e8s une journ\u00e9e de ski<\/sr7-txt>\n\t\t\t\t\t\t\t<a id=\"SR7_11_1-114-14\" class=\"sr7-layer\" href=\"https:\/\/chaletmontriond.ch\/?saison=ete\" target=\"_self\">Ete<\/a>\n\t\t\t\t\t\t<\/sr7-slide>\n\t\t\t\t\t\t<sr7-slide id=\"SR7_11_1-116\" data-key=\"116\">\n\t\t\t\t\t\t\t<sr7-bg id=\"SR7_11_1-116-16\" class=\"sr7-layer\"><noscript><img decoding=\"async\" src=\"https:\/\/chaletmontriond.ch\/wp-content\/uploads\/2016\/10\/Fondue_4_1920_600.png\" alt=\"\" title=\"Fondue_4_1920_600\"><\/noscript><\/sr7-bg>\n\t\t\t\t\t\t\t<sr7-txt id=\"SR7_11_1-116-0\" class=\"sr7-layer\">La fondue apr\u00e8s une journ\u00e9e de ski...<\/sr7-txt>\n\t\t\t\t\t\t\t<a id=\"SR7_11_1-116-15\" class=\"sr7-layer\" href=\"https:\/\/chaletmontriond.ch\/?saison=ete\" target=\"_self\">Ete<\/a>\n\t\t\t\t\t\t<\/sr7-slide>\n\t\t\t\t\t\t<sr7-slide id=\"SR7_11_1-117\" data-key=\"117\">\n\t\t\t\t\t\t\t<sr7-bg id=\"SR7_11_1-117-17\" class=\"sr7-layer\"><noscript><img decoding=\"async\" src=\"https:\/\/chaletmontriond.ch\/wp-content\/uploads\/2016\/10\/Salle_de_jeu_1920_600-1.png\" alt=\"\" title=\"Salle_de_jeu_1920_600\"><\/noscript><\/sr7-bg>\n\t\t\t\t\t\t\t<sr7-txt id=\"SR7_11_1-117-0\" class=\"sr7-layer\">Notre salle de jeu pour les petits et les grands<\/sr7-txt>\n\t\t\t\t\t\t\t<a id=\"SR7_11_1-117-16\" class=\"sr7-layer\" href=\"https:\/\/chaletmontriond.ch\/?saison=ete\" target=\"_self\">Ete<\/a>\n\t\t\t\t\t\t<\/sr7-slide>\n\t\t\t\t\t\t<sr7-slide id=\"SR7_11_1-118\" data-key=\"118\">\n\t\t\t\t\t\t\t<sr7-bg id=\"SR7_11_1-118-18\" class=\"sr7-layer\"><noscript><img decoding=\"async\" src=\"https:\/\/chaletmontriond.ch\/wp-content\/uploads\/2016\/10\/Hiver_8_1920_600.png\" alt=\"\" title=\"Hiver_8_1920_600\"><\/noscript><\/sr7-bg>\n\t\t\t\t\t\t\t<sr7-txt id=\"SR7_11_1-118-0\" class=\"sr7-layer\">Pour les non skieurs de belles balades vous attendent<\/sr7-txt>\n\t\t\t\t\t\t\t<a id=\"SR7_11_1-118-17\" class=\"sr7-layer\" href=\"https:\/\/chaletmontriond.ch\/?saison=ete\" target=\"_self\">Ete<\/a>\n\t\t\t\t\t\t<\/sr7-slide>\n\t\t\t\t\t\t<sr7-slide id=\"SR7_11_1-119\" data-key=\"119\">\n\t\t\t\t\t\t\t<sr7-bg id=\"SR7_11_1-119-19\" class=\"sr7-layer\"><noscript><img decoding=\"async\" src=\"https:\/\/chaletmontriond.ch\/wp-content\/uploads\/2016\/10\/Hiver_10_1920_600.png\" alt=\"\" title=\"Hiver_10_1920_600\"><\/noscript><\/sr7-bg>\n\t\t\t\t\t\t\t<sr7-txt id=\"SR7_11_1-119-0\" class=\"sr7-layer\">Une vue nocturne depuis votre balcon<\/sr7-txt>\n\t\t\t\t\t\t\t<a id=\"SR7_11_1-119-18\" class=\"sr7-layer\" href=\"https:\/\/chaletmontriond.ch\/?saison=ete\" target=\"_self\">Ete<\/a>\n\t\t\t\t\t\t<\/sr7-slide>\n\t\t\t\t\t\t<sr7-slide id=\"SR7_11_1-120\" data-key=\"120\">\n\t\t\t\t\t\t\t<sr7-bg id=\"SR7_11_1-120-20\" class=\"sr7-layer\"><noscript><img decoding=\"async\" src=\"https:\/\/chaletmontriond.ch\/wp-content\/uploads\/2016\/10\/Hiver_9_1920_600.png\" alt=\"\" title=\"Hiver_9_1920_600\"><\/noscript><\/sr7-bg>\n\t\t\t\t\t\t\t<sr7-txt id=\"SR7_11_1-120-0\" class=\"sr7-layer\">Toute l'\u00e9quipe du Chalet Montriond se r\u00e9jouit de vous recevoir.<\/sr7-txt>\n\t\t\t\t\t\t\t<sr7-txt id=\"SR7_11_1-120-2\" class=\"sr7-layer\">Nature, sport et s\u00e9r\u00e9nit\u00e9 au coeur des Alpes<\/sr7-txt>\n\t\t\t\t\t\t\t<a id=\"SR7_11_1-120-19\" class=\"sr7-layer\" href=\"https:\/\/chaletmontriond.ch\/?saison=ete\" target=\"_self\">Ete<\/a>\n\t\t\t\t\t\t<\/sr7-slide>\n\t\t\t\t\t\t<sr7-slide id=\"SR7_11_1-122\" data-key=\"122\">\n\t\t\t\t\t\t<\/sr7-slide>\n\t\t\t\t\t<\/sr7-content>\n\t\t\t\t\t<image_lists style=\"display:none\">\n\t\t\t\t\t\t<img data-src=\"\/\/chaletmontriond.ch\/wp-content\/uploads\/revslider\/ete-24\/Flag_of_Switzerland_Pantone.svg_-300x300.png\" data-libid=\"32789\" data-lib=\"medialibrary\" title=\"Flag_of_Switzerland_Pantone.svg_-300&#215;300.png\" width=\"0\" height=\"0\" data-dbsrc=\"Ly9jaGFsZXRtb250cmlvbmQuY2gvd3AtY29udGVudC91cGxvYWRzL3JldnNsaWRlci9ldGUtMjQvRmxhZ19vZl9Td2l0emVybGFuZF9QYW50b25lLnN2Z18tMzAweDMwMC5wbmc=\"\/>\n\t\t\t\t\t\t<img data-src=\"\/\/chaletmontriond.ch\/wp-content\/uploads\/2016\/10\/Montriond_1920_600.png\" data-libid=\"34618\" data-lib=\"medialibrary\" title=\"Montriond_1920_600\" width=\"0\" height=\"0\" data-dbsrc=\"Ly9jaGFsZXRtb250cmlvbmQuY2gvd3AtY29udGVudC91cGxvYWRzLzIwMTYvMTAvTW9udHJpb25kXzE5MjBfNjAwLnBuZw==\"\/>\n\t\t\t\t\t\t<img data-src=\"\/\/chaletmontriond.ch\/wp-content\/uploads\/2016\/10\/Domaine_PDS_1920_600.png\" data-libid=\"34627\" data-lib=\"medialibrary\" title=\"Domaine_PDS_1920_600\" width=\"0\" height=\"0\" data-dbsrc=\"Ly9jaGFsZXRtb250cmlvbmQuY2gvd3AtY29udGVudC91cGxvYWRzLzIwMTYvMTAvRG9tYWluZV9QRFNfMTkyMF82MDAucG5n\"\/>\n\t\t\t\t\t\t<img data-src=\"\/\/chaletmontriond.ch\/wp-content\/uploads\/2016\/10\/Sauna_1920_600.jpg\" data-libid=\"34168\" data-lib=\"medialibrary\" title=\"Sauna_1920_600\" width=\"0\" height=\"0\" data-dbsrc=\"Ly9jaGFsZXRtb250cmlvbmQuY2gvd3AtY29udGVudC91cGxvYWRzLzIwMTYvMTAvU2F1bmFfMTkyMF82MDAuanBn\"\/>\n\t\t\t\t\t\t<img data-src=\"\/\/chaletmontriond.ch\/wp-content\/uploads\/2016\/10\/Fondue_4_1920_600.png\" data-libid=\"36542\" data-lib=\"medialibrary\" title=\"Fondue_4_1920_600\" width=\"0\" height=\"0\" data-dbsrc=\"Ly9jaGFsZXRtb250cmlvbmQuY2gvd3AtY29udGVudC91cGxvYWRzLzIwMTYvMTAvRm9uZHVlXzRfMTkyMF82MDAucG5n\"\/>\n\t\t\t\t\t\t<img data-src=\"\/\/chaletmontriond.ch\/wp-content\/uploads\/2016\/10\/Salle_de_jeu_1920_600-1.png\" data-libid=\"36545\" data-lib=\"medialibrary\" title=\"Salle_de_jeu_1920_600\" width=\"0\" height=\"0\" data-dbsrc=\"Ly9jaGFsZXRtb250cmlvbmQuY2gvd3AtY29udGVudC91cGxvYWRzLzIwMTYvMTAvU2FsbGVfZGVfamV1XzE5MjBfNjAwLTEucG5n\"\/>\n\t\t\t\t\t\t<img data-src=\"\/\/chaletmontriond.ch\/wp-content\/uploads\/2016\/10\/Hiver_8_1920_600.png\" data-libid=\"34633\" data-lib=\"medialibrary\" title=\"Hiver_8_1920_600\" width=\"0\" height=\"0\" data-dbsrc=\"Ly9jaGFsZXRtb250cmlvbmQuY2gvd3AtY29udGVudC91cGxvYWRzLzIwMTYvMTAvSGl2ZXJfOF8xOTIwXzYwMC5wbmc=\"\/>\n\t\t\t\t\t\t<img data-src=\"\/\/chaletmontriond.ch\/wp-content\/uploads\/2016\/10\/Hiver_10_1920_600-1.png\" data-libid=\"36548\" data-lib=\"medialibrary\" title=\"Hiver_10_1920_600\" width=\"0\" height=\"0\" data-dbsrc=\"Ly9jaGFsZXRtb250cmlvbmQuY2gvd3AtY29udGVudC91cGxvYWRzLzIwMTYvMTAvSGl2ZXJfMTBfMTkyMF82MDAtMS5wbmc=\"\/>\n\t\t\t\t\t\t<img data-src=\"\/\/chaletmontriond.ch\/wp-content\/uploads\/2016\/10\/Hiver_9_1920_600.png\" data-libid=\"34639\" data-lib=\"medialibrary\" title=\"Hiver_9_1920_600\" width=\"0\" height=\"0\" data-dbsrc=\"Ly9jaGFsZXRtb250cmlvbmQuY2gvd3AtY29udGVudC91cGxvYWRzLzIwMTYvMTAvSGl2ZXJfOV8xOTIwXzYwMC5wbmc=\"\/>\n\t\t\t\t\t\t<img data-src=\"\/\/chaletmontriond.ch\/wp-content\/uploads\/2016\/10\/Room_1920_600.png\" data-libid=\"33805\" data-lib=\"medialibrary\" title=\"Room_1920_600\" width=\"0\" height=\"0\" data-dbsrc=\"Ly9jaGFsZXRtb250cmlvbmQuY2gvd3AtY29udGVudC91cGxvYWRzLzIwMTYvMTAvUm9vbV8xOTIwXzYwMC5wbmc=\"\/>\n\t\t\t\t\t<\/image_lists>\n\t\t\t\t<\/sr7-module>\n\t\t\t\t<script>\n\t\t\t\t\tSR7.PMH ??={}; SR7.PMH[\"SR7_11_1\"] = {cn:100,state:false,fn: function() { if (_tpt!==undefined && _tpt.prepareModuleHeight !== undefined) {  _tpt.prepareModuleHeight({id:\"SR7_11_1\",el:[600,600,768,960,500],type:'standard',shdw:'0',gh:[600,600,768,960,500],gw:[1920,1920,1024,778,480],vpt:['-200px&#039;,&#039;-200px&#039;,&#039;-200px&#039;,&#039;-200px&#039;,&#039;-200px'],size:{fullWidth:true, fullHeight:false},mh:'0',onh:0,onw:0,bg:{color:'{\"orig\":\"transparent\",\"type\":\"solid\",\"string\":\"transparent\"}'}});   SR7.PMH[\"SR7_11_1\"].state=true;} else if(SR7.PMH[\"SR7_11_1\"].cn-->0)\tsetTimeout( SR7.PMH[\"SR7_11_1\"].fn,19);}};SR7.PMH[\"SR7_11_1\" ].fn();\n\t\t\t\t<\/script>\n[vc_empty_space]<div class=\"thim-widget-heading template-default\"><div class=\"thim-sc-heading\" >\n\t\t<div class=\"article_heading \">\n\t\t\t\n\t\t\t<p class=\"heading_primary\"  >Request for a spring stay offer<\/p>\n\t\t\t\n\t\t\t\n\t\t<\/div>\n\t<\/div><\/div>[\/vc_column][\/vc_row][vc_row][vc_column width=&#8220;1\/2&#8243;][vc_empty_space][vc_column_text css=&#8220;.vc_custom_1772964296147{margin-top: 32px !important;}&#8220;]<\/p>\n<p data-start=\"0\" data-end=\"96\">We would be happy to send you a <strong data-start=\"32\" data-end=\"54\">personalized offer<\/strong> as soon as you have completed the form.<\/p>\n<p data-start=\"98\" data-end=\"135\">Our offer will include options for:<\/p>\n<ul data-start=\"137\" data-end=\"240\" data-is-last-node=\"\" data-is-only-node=\"\">\n<li data-section-id=\"1tjbdow\" data-start=\"137\" data-end=\"154\">\n<p data-start=\"139\" data-end=\"154\">accommodation<\/p>\n<\/li>\n<li data-section-id=\"1tm2v4n\" data-start=\"155\" data-end=\"168\">\n<p data-start=\"157\" data-end=\"168\">breakfast<\/p>\n<\/li>\n<li data-section-id=\"kva1xt\" data-start=\"169\" data-end=\"188\">\n<p data-start=\"171\" data-end=\"188\">3-course dinner<\/p>\n<\/li>\n<li data-section-id=\"1xs1wjs\" data-start=\"189\" data-end=\"201\">\n<p data-start=\"191\" data-end=\"201\">ski pass<\/p>\n<\/li>\n<li data-section-id=\"1u3tcic\" data-start=\"202\" data-end=\"218\">\n<p data-start=\"204\" data-end=\"218\">free parking<\/p>\n<\/li>\n<li data-section-id=\"14necsm\" data-start=\"219\" data-end=\"240\" data-is-last-node=\"\">\n<p data-start=\"221\" data-end=\"240\" data-is-last-node=\"\">access to the sauna<\/p>\n<\/li>\n<\/ul>\n<p>[\/vc_column_text][\/vc_column][vc_column width=&#8220;1\/2&#8243; css=&#8220;.vc_custom_1757880437040{background-color: #ffffff !important;}&#8220;][vc_images_carousel images=&#8220;36831,36834,36837,36840,36843&#8243; img_size=&#8220;full&#8220; speed=&#8220;3000&#8243; autoplay=&#8220;yes&#8220; hide_prev_next_buttons=&#8220;yes&#8220; wrap=&#8220;yes&#8220; css=&#8220;&#8220;][\/vc_column][\/vc_row][vc_row][vc_column][vc_column_text css=&#8220;&#8220;]<code><script type=\"text\/javascript\" src=\"https:\/\/crm4u.travel4u.ch\/form\/generate.js?id=65\"><\/script><\/code>[\/vc_column_text][\/vc_column][\/vc_row]<\/p>\n<\/div>","protected":false},"excerpt":{"rendered":"<p>[vc_row][vc_column][vc_empty_space][\/vc_column][\/vc_row][vc_row][vc_column width=&#8220;1\/2&#8243;][vc_empty_space][vc_column_text css=&#8220;.vc_custom_1772964296147{margin-top: 32px !important;}&#8220;] We would be happy to send you a personalized offer as soon as you have completed the form. Our offer will include options for: accommodation breakfast 3-course dinner ski pass free parking access to the sauna [\/vc_column_text][\/vc_column][vc_column width=&#8220;1\/2&#8243; css=&#8220;.vc_custom_1757880437040{background-color: #ffffff !important;}&#8220;][vc_images_carousel images=&#8220;36831,36834,36837,36840,36843&#8243; img_size=&#8220;full&#8220; speed=&#8220;3000&#8243; autoplay=&#8220;yes&#8220;&#8230;<\/p>\n","protected":false},"author":7,"featured_media":0,"parent":0,"menu_order":0,"comment_status":"closed","ping_status":"closed","template":"templates\/home-page.php","meta":{"footnotes":""},"class_list":["post-36759","page","type-page","status-publish","hentry"],"yoast_head":"<!-- This site is optimized with the Yoast SEO plugin v26.0 - https:\/\/yoast.com\/wordpress\/plugins\/seo\/ -->\n<title>Formulaire Ski All Inclusive Printemps - Chalet Montriond<\/title>\n<meta name=\"robots\" content=\"index, follow, max-snippet:-1, max-image-preview:large, max-video-preview:-1\" \/>\n<link rel=\"canonical\" href=\"https:\/\/chaletmontriond.ch\/de\/formulaire-ski-all-inclusive-printemps\/\" \/>\n<meta property=\"og:locale\" content=\"de_DE\" \/>\n<meta property=\"og:type\" content=\"article\" \/>\n<meta property=\"og:title\" content=\"Formulaire Ski All Inclusive Printemps - Chalet Montriond\" \/>\n<meta property=\"og:description\" content=\"[vc_row][vc_column][vc_empty_space][\/vc_column][\/vc_row][vc_row][vc_column width=&#8220;1\/2&#8243;][vc_empty_space][vc_column_text css=&#8220;.vc_custom_1772964296147{margin-top: 32px !important;}&#8220;] We would be happy to send you a personalized offer as soon as you have completed the form. Our offer will include options for: accommodation breakfast 3-course dinner ski pass free parking access to the sauna [\/vc_column_text][\/vc_column][vc_column width=&#8220;1\/2&#8243; css=&#8220;.vc_custom_1757880437040{background-color: #ffffff !important;}&#8220;][vc_images_carousel images=&#8220;36831,36834,36837,36840,36843&#8243; img_size=&#8220;full&#8220; speed=&#8220;3000&#8243; autoplay=&#8220;yes&#8220;...\" \/>\n<meta property=\"og:url\" content=\"https:\/\/chaletmontriond.ch\/de\/formulaire-ski-all-inclusive-printemps\/\" \/>\n<meta property=\"og:site_name\" content=\"Chalet Montriond\" \/>\n<meta property=\"article:publisher\" content=\"https:\/\/www.facebook.com\/chaletmontriond\/\" \/>\n<meta property=\"article:modified_time\" content=\"2026-03-08T10:11:08+00:00\" \/>\n<meta name=\"twitter:card\" content=\"summary_large_image\" \/>\n<meta name=\"twitter:label1\" content=\"Gesch\u00e4tzte Lesezeit\" \/>\n\t<meta name=\"twitter:data1\" content=\"1\u00a0Minute\" \/>\n<script type=\"application\/ld+json\" class=\"yoast-schema-graph\">{\"@context\":\"https:\/\/schema.org\",\"@graph\":[{\"@type\":\"WebPage\",\"@id\":\"https:\/\/chaletmontriond.ch\/de\/formulaire-ski-all-inclusive-printemps\/\",\"url\":\"https:\/\/chaletmontriond.ch\/de\/formulaire-ski-all-inclusive-printemps\/\",\"name\":\"Formulaire Ski All Inclusive Printemps - Chalet Montriond\",\"isPartOf\":{\"@id\":\"https:\/\/chaletmontriond.ch\/de\/#website\"},\"datePublished\":\"2026-03-08T07:34:08+00:00\",\"dateModified\":\"2026-03-08T10:11:08+00:00\",\"breadcrumb\":{\"@id\":\"https:\/\/chaletmontriond.ch\/de\/formulaire-ski-all-inclusive-printemps\/#breadcrumb\"},\"inLanguage\":\"de\",\"potentialAction\":[{\"@type\":\"ReadAction\",\"target\":[\"https:\/\/chaletmontriond.ch\/de\/formulaire-ski-all-inclusive-printemps\/\"]}]},{\"@type\":\"BreadcrumbList\",\"@id\":\"https:\/\/chaletmontriond.ch\/de\/formulaire-ski-all-inclusive-printemps\/#breadcrumb\",\"itemListElement\":[{\"@type\":\"ListItem\",\"position\":1,\"name\":\"Home\",\"item\":\"https:\/\/chaletmontriond.ch\/de\/\"},{\"@type\":\"ListItem\",\"position\":2,\"name\":\"Formulaire Ski All Inclusive Printemps\"}]},{\"@type\":\"WebSite\",\"@id\":\"https:\/\/chaletmontriond.ch\/de\/#website\",\"url\":\"https:\/\/chaletmontriond.ch\/de\/\",\"name\":\"Chalet Montriond\",\"description\":\"Au coeur des Portes du Soleil\",\"publisher\":{\"@id\":\"https:\/\/chaletmontriond.ch\/de\/#organization\"},\"potentialAction\":[{\"@type\":\"SearchAction\",\"target\":{\"@type\":\"EntryPoint\",\"urlTemplate\":\"https:\/\/chaletmontriond.ch\/de\/?s={search_term_string}\"},\"query-input\":{\"@type\":\"PropertyValueSpecification\",\"valueRequired\":true,\"valueName\":\"search_term_string\"}}],\"inLanguage\":\"de\"},{\"@type\":\"Organization\",\"@id\":\"https:\/\/chaletmontriond.ch\/de\/#organization\",\"name\":\"Chalet Montriond\",\"url\":\"https:\/\/chaletmontriond.ch\/de\/\",\"logo\":{\"@type\":\"ImageObject\",\"inLanguage\":\"de\",\"@id\":\"https:\/\/chaletmontriond.ch\/de\/#\/schema\/logo\/image\/\",\"url\":\"https:\/\/chaletmontriond.ch\/wp-content\/uploads\/2016\/10\/cropped-Logo-Montriond-AF-1.png\",\"contentUrl\":\"https:\/\/chaletmontriond.ch\/wp-content\/uploads\/2016\/10\/cropped-Logo-Montriond-AF-1.png\",\"width\":512,\"height\":512,\"caption\":\"Chalet Montriond\"},\"image\":{\"@id\":\"https:\/\/chaletmontriond.ch\/de\/#\/schema\/logo\/image\/\"},\"sameAs\":[\"https:\/\/www.facebook.com\/chaletmontriond\/\",\"https:\/\/www.instagram.com\/hotel_chalet_montriond\/\"]}]}<\/script>\n<!-- \/ Yoast SEO plugin. -->","yoast_head_json":{"title":"Formulaire Ski All Inclusive Printemps - Chalet Montriond","robots":{"index":"index","follow":"follow","max-snippet":"max-snippet:-1","max-image-preview":"max-image-preview:large","max-video-preview":"max-video-preview:-1"},"canonical":"https:\/\/chaletmontriond.ch\/de\/formulaire-ski-all-inclusive-printemps\/","og_locale":"de_DE","og_type":"article","og_title":"Formulaire Ski All Inclusive Printemps - Chalet Montriond","og_description":"[vc_row][vc_column][vc_empty_space][\/vc_column][\/vc_row][vc_row][vc_column width=&#8220;1\/2&#8243;][vc_empty_space][vc_column_text css=&#8220;.vc_custom_1772964296147{margin-top: 32px !important;}&#8220;] We would be happy to send you a personalized offer as soon as you have completed the form. Our offer will include options for: accommodation breakfast 3-course dinner ski pass free parking access to the sauna [\/vc_column_text][\/vc_column][vc_column width=&#8220;1\/2&#8243; css=&#8220;.vc_custom_1757880437040{background-color: #ffffff !important;}&#8220;][vc_images_carousel images=&#8220;36831,36834,36837,36840,36843&#8243; img_size=&#8220;full&#8220; speed=&#8220;3000&#8243; autoplay=&#8220;yes&#8220;...","og_url":"https:\/\/chaletmontriond.ch\/de\/formulaire-ski-all-inclusive-printemps\/","og_site_name":"Chalet Montriond","article_publisher":"https:\/\/www.facebook.com\/chaletmontriond\/","article_modified_time":"2026-03-08T10:11:08+00:00","twitter_card":"summary_large_image","twitter_misc":{"Gesch\u00e4tzte Lesezeit":"1\u00a0Minute"},"schema":{"@context":"https:\/\/schema.org","@graph":[{"@type":"WebPage","@id":"https:\/\/chaletmontriond.ch\/de\/formulaire-ski-all-inclusive-printemps\/","url":"https:\/\/chaletmontriond.ch\/de\/formulaire-ski-all-inclusive-printemps\/","name":"Formulaire Ski All Inclusive Printemps - Chalet Montriond","isPartOf":{"@id":"https:\/\/chaletmontriond.ch\/de\/#website"},"datePublished":"2026-03-08T07:34:08+00:00","dateModified":"2026-03-08T10:11:08+00:00","breadcrumb":{"@id":"https:\/\/chaletmontriond.ch\/de\/formulaire-ski-all-inclusive-printemps\/#breadcrumb"},"inLanguage":"de","potentialAction":[{"@type":"ReadAction","target":["https:\/\/chaletmontriond.ch\/de\/formulaire-ski-all-inclusive-printemps\/"]}]},{"@type":"BreadcrumbList","@id":"https:\/\/chaletmontriond.ch\/de\/formulaire-ski-all-inclusive-printemps\/#breadcrumb","itemListElement":[{"@type":"ListItem","position":1,"name":"Home","item":"https:\/\/chaletmontriond.ch\/de\/"},{"@type":"ListItem","position":2,"name":"Formulaire Ski All Inclusive Printemps"}]},{"@type":"WebSite","@id":"https:\/\/chaletmontriond.ch\/de\/#website","url":"https:\/\/chaletmontriond.ch\/de\/","name":"Chalet Montriond","description":"Au coeur des Portes du Soleil","publisher":{"@id":"https:\/\/chaletmontriond.ch\/de\/#organization"},"potentialAction":[{"@type":"SearchAction","target":{"@type":"EntryPoint","urlTemplate":"https:\/\/chaletmontriond.ch\/de\/?s={search_term_string}"},"query-input":{"@type":"PropertyValueSpecification","valueRequired":true,"valueName":"search_term_string"}}],"inLanguage":"de"},{"@type":"Organization","@id":"https:\/\/chaletmontriond.ch\/de\/#organization","name":"Chalet Montriond","url":"https:\/\/chaletmontriond.ch\/de\/","logo":{"@type":"ImageObject","inLanguage":"de","@id":"https:\/\/chaletmontriond.ch\/de\/#\/schema\/logo\/image\/","url":"https:\/\/chaletmontriond.ch\/wp-content\/uploads\/2016\/10\/cropped-Logo-Montriond-AF-1.png","contentUrl":"https:\/\/chaletmontriond.ch\/wp-content\/uploads\/2016\/10\/cropped-Logo-Montriond-AF-1.png","width":512,"height":512,"caption":"Chalet Montriond"},"image":{"@id":"https:\/\/chaletmontriond.ch\/de\/#\/schema\/logo\/image\/"},"sameAs":["https:\/\/www.facebook.com\/chaletmontriond\/","https:\/\/www.instagram.com\/hotel_chalet_montriond\/"]}]}},"_links":{"self":[{"href":"https:\/\/chaletmontriond.ch\/de\/wp-json\/wp\/v2\/pages\/36759","targetHints":{"allow":["GET"]}}],"collection":[{"href":"https:\/\/chaletmontriond.ch\/de\/wp-json\/wp\/v2\/pages"}],"about":[{"href":"https:\/\/chaletmontriond.ch\/de\/wp-json\/wp\/v2\/types\/page"}],"author":[{"embeddable":true,"href":"https:\/\/chaletmontriond.ch\/de\/wp-json\/wp\/v2\/users\/7"}],"replies":[{"embeddable":true,"href":"https:\/\/chaletmontriond.ch\/de\/wp-json\/wp\/v2\/comments?post=36759"}],"version-history":[{"count":11,"href":"https:\/\/chaletmontriond.ch\/de\/wp-json\/wp\/v2\/pages\/36759\/revisions"}],"predecessor-version":[{"id":36850,"href":"https:\/\/chaletmontriond.ch\/de\/wp-json\/wp\/v2\/pages\/36759\/revisions\/36850"}],"wp:attachment":[{"href":"https:\/\/chaletmontriond.ch\/de\/wp-json\/wp\/v2\/media?parent=36759"}],"curies":[{"name":"wp","href":"https:\/\/api.w.org\/{rel}","templated":true}]}}