{"id":33151,"date":"2019-01-07T16:59:57","date_gmt":"2019-01-07T15:59:57","guid":{"rendered":"https:\/\/test.chaletmontriond.ch\/wellness-area\/"},"modified":"2026-05-11T13:22:17","modified_gmt":"2026-05-11T11:22:17","slug":"spa_wellness","status":"publish","type":"page","link":"https:\/\/chaletmontriond.ch\/en\/spa_wellness\/","title":{"rendered":"Espace Bien-\u00eatre"},"content":{"rendered":"<div class=\"wpb-content-wrapper\"><p>[vc_row][vc_column]<div class=\"thim-widget-heading template-default\"><div class=\"thim-sc-heading\" >\n\t\t<div class=\"article_heading \">\n\t\t\t\n\t\t\t<p class=\"heading_primary\"  >Notre Espace pour votre d\u00e9tente et votre bien-\u00eatre<\/p>\n\t\t\t\n\t\t\t\n\t\t<\/div>\n\t<\/div><\/div>[\/vc_column][\/vc_row][vc_row][vc_column width=&#8221;1\/2&#8243;][vc_column_text css=&#8221;.vc_custom_1715113376852{margin-top: 32px !important;}&#8221;]<strong>Bien-\u00eatre pour tous<\/strong><\/p>\n<p>2 sauna homme et femme<br \/>\n1 salle de repos avec vue sur les alpes<br \/>\n1 espace massage<br \/>\n1 salle d&#8217;activit\u00e9s (yoga, gym,etc..) sur demande[\/vc_column_text][\/vc_column][vc_column width=&#8221;1\/2&#8243;][vc_column_text css=&#8221;.vc_custom_1715113436932{margin-top: 32px !important;}&#8221;]<strong>Fournis gratuitement<br \/>\n<\/strong><\/p>\n<p>Peignoir<br \/>\nPantoufles<br \/>\nLinge de sauna<br \/>\nTisanes[\/vc_column_text][\/vc_column][\/vc_row][vc_row][vc_column][vc_empty_space][\/vc_column][\/vc_row][vc_row][vc_column][vc_gallery type=&#8221;flexslider_slide&#8221; interval=&#8221;3&#8243; images=&#8221;33112,33109,33103,33100&#8243; img_size=&#8221;full&#8221; css=&#8221;&#8221;][\/vc_column][\/vc_row][vc_row][vc_column]<div class=\"thim-widget-heading template-default\"><div class=\"thim-sc-heading\" >\n\t\t<div class=\"article_heading \">\n\t\t\t\n\t\t\t<p class=\"heading_primary\"  >Massages<\/p>\n\t\t\t\n\t\t\t\n\t\t<\/div>\n\t<\/div><\/div>[\/vc_column][\/vc_row][vc_row][vc_column][vc_column_text css=&#8221;.vc_custom_1716018663882{margin-top: 32px !important;}&#8221;]D\u00e9tendez-vous entre les mains douces de nos massoth\u00e9rapeutes, et laissez vos sens prendre le dessus.<\/p>\n<p>Choisissez parmi une large gamme de traitements de beaut\u00e9 et une gamme de produits de beaut\u00e9 utilisant des ingr\u00e9dients naturels. La fatigue et la tension feront place \u00e0 une agr\u00e9able sensation de bien-\u00eatre et de s\u00e9r\u00e9nit\u00e9.<\/p>\n<p>Pour information :<\/p>\n<p>Toutes les techniques de massage disponibles dans nos spas sont con\u00e7ues pour am\u00e9liorer la beaut\u00e9 et le bien-\u00eatre. Nous ne faisons pas de massages m\u00e9dicaux, para-m\u00e9dicaux ou th\u00e9rapeutiques. Le terme &#8220;massage&#8221; peut aussi se r\u00e9f\u00e9rer \u00e0 une vari\u00e9t\u00e9 de techniques de sculpture corporelle, par des massoth\u00e9rapeutes qualifi\u00e9s mais non m\u00e9dicaux.[\/vc_column_text][\/vc_column][\/vc_row]<\/p>\n<\/div>","protected":false},"excerpt":{"rendered":"<p>[vc_row][vc_column][\/vc_column][\/vc_row][vc_row][vc_column width=&#8221;1\/2&#8243;][vc_column_text css=&#8221;.vc_custom_1715113376852{margin-top: 32px !important;}&#8221;]Bien-\u00eatre pour tous 2 sauna homme et femme 1 salle de repos avec vue sur les alpes 1 espace massage 1 salle d&#8217;activit\u00e9s (yoga, gym,etc..) sur demande[\/vc_column_text][\/vc_column][vc_column width=&#8221;1\/2&#8243;][vc_column_text css=&#8221;.vc_custom_1715113436932{margin-top: 32px !important;}&#8221;]Fournis gratuitement Peignoir Pantoufles Linge de sauna Tisanes[\/vc_column_text][\/vc_column][\/vc_row][vc_row][vc_column][vc_empty_space][\/vc_column][\/vc_row][vc_row][vc_column][vc_gallery type=&#8221;flexslider_slide&#8221; interval=&#8221;3&#8243; images=&#8221;33112,33109,33103,33100&#8243; img_size=&#8221;full&#8221; css=&#8221;&#8221;][\/vc_column][\/vc_row][vc_row][vc_column][\/vc_column][\/vc_row][vc_row][vc_column][vc_column_text css=&#8221;.vc_custom_1716018663882{margin-top: 32px !important;}&#8221;]D\u00e9tendez-vous&#8230;<\/p>\n","protected":false},"author":1,"featured_media":0,"parent":0,"menu_order":0,"comment_status":"closed","ping_status":"closed","template":"","meta":{"footnotes":""},"class_list":["post-33151","page","type-page","status-publish","hentry"],"yoast_head":"<!-- This site is optimized with the Yoast SEO plugin v27.5 - https:\/\/yoast.com\/product\/yoast-seo-wordpress\/ -->\n<title>Espace Bien-\u00eatre - Chalet Montriond<\/title>\n<meta name=\"robots\" content=\"index, follow, max-snippet:-1, max-image-preview:large, max-video-preview:-1\" \/>\n<link rel=\"canonical\" href=\"https:\/\/chaletmontriond.ch\/en\/spa_wellness\/\" \/>\n<meta property=\"og:locale\" content=\"en_US\" \/>\n<meta property=\"og:type\" content=\"article\" \/>\n<meta property=\"og:title\" content=\"Espace Bien-\u00eatre - Chalet Montriond\" \/>\n<meta property=\"og:description\" content=\"[vc_row][vc_column][\/vc_column][\/vc_row][vc_row][vc_column width=&#8221;1\/2&#8243;][vc_column_text css=&#8221;.vc_custom_1715113376852{margin-top: 32px !important;}&#8221;]Bien-\u00eatre pour tous 2 sauna homme et femme 1 salle de repos avec vue sur les alpes 1 espace massage 1 salle d&#8217;activit\u00e9s (yoga, gym,etc..) sur demande[\/vc_column_text][\/vc_column][vc_column width=&#8221;1\/2&#8243;][vc_column_text css=&#8221;.vc_custom_1715113436932{margin-top: 32px !important;}&#8221;]Fournis gratuitement Peignoir Pantoufles Linge de sauna Tisanes[\/vc_column_text][\/vc_column][\/vc_row][vc_row][vc_column][vc_empty_space][\/vc_column][\/vc_row][vc_row][vc_column][vc_gallery type=&#8221;flexslider_slide&#8221; interval=&#8221;3&#8243; images=&#8221;33112,33109,33103,33100&#8243; img_size=&#8221;full&#8221; css=&#8221;&#8221;][\/vc_column][\/vc_row][vc_row][vc_column][\/vc_column][\/vc_row][vc_row][vc_column][vc_column_text css=&#8221;.vc_custom_1716018663882{margin-top: 32px !important;}&#8221;]D\u00e9tendez-vous...\" \/>\n<meta property=\"og:url\" content=\"https:\/\/chaletmontriond.ch\/en\/spa_wellness\/\" \/>\n<meta property=\"og:site_name\" content=\"Chalet Montriond\" \/>\n<meta property=\"article:publisher\" content=\"https:\/\/www.facebook.com\/chaletmontriond\/\" \/>\n<meta property=\"article:modified_time\" content=\"2026-05-11T11:22:17+00:00\" \/>\n<meta name=\"twitter:card\" content=\"summary_large_image\" \/>\n<meta name=\"twitter:label1\" content=\"Est. reading time\" \/>\n\t<meta name=\"twitter:data1\" content=\"1 minute\" \/>\n<script type=\"application\/ld+json\" class=\"yoast-schema-graph\">{\"@context\":\"https:\\\/\\\/schema.org\",\"@graph\":[{\"@type\":\"WebPage\",\"@id\":\"https:\\\/\\\/chaletmontriond.ch\\\/en\\\/spa_wellness\\\/\",\"url\":\"https:\\\/\\\/chaletmontriond.ch\\\/en\\\/spa_wellness\\\/\",\"name\":\"Espace Bien-\u00eatre - Chalet Montriond\",\"isPartOf\":{\"@id\":\"https:\\\/\\\/chaletmontriond.ch\\\/en\\\/#website\"},\"datePublished\":\"2019-01-07T15:59:57+00:00\",\"dateModified\":\"2026-05-11T11:22:17+00:00\",\"breadcrumb\":{\"@id\":\"https:\\\/\\\/chaletmontriond.ch\\\/en\\\/spa_wellness\\\/#breadcrumb\"},\"inLanguage\":\"en-US\",\"potentialAction\":[{\"@type\":\"ReadAction\",\"target\":[\"https:\\\/\\\/chaletmontriond.ch\\\/en\\\/spa_wellness\\\/\"]}]},{\"@type\":\"BreadcrumbList\",\"@id\":\"https:\\\/\\\/chaletmontriond.ch\\\/en\\\/spa_wellness\\\/#breadcrumb\",\"itemListElement\":[{\"@type\":\"ListItem\",\"position\":1,\"name\":\"Home\",\"item\":\"https:\\\/\\\/chaletmontriond.ch\\\/en\\\/\"},{\"@type\":\"ListItem\",\"position\":2,\"name\":\"Espace Bien-\u00eatre\"}]},{\"@type\":\"WebSite\",\"@id\":\"https:\\\/\\\/chaletmontriond.ch\\\/en\\\/#website\",\"url\":\"https:\\\/\\\/chaletmontriond.ch\\\/en\\\/\",\"name\":\"Chalet Montriond\",\"description\":\"test chalet montriond\",\"publisher\":{\"@id\":\"https:\\\/\\\/chaletmontriond.ch\\\/en\\\/#organization\"},\"potentialAction\":[{\"@type\":\"SearchAction\",\"target\":{\"@type\":\"EntryPoint\",\"urlTemplate\":\"https:\\\/\\\/chaletmontriond.ch\\\/en\\\/?s={search_term_string}\"},\"query-input\":{\"@type\":\"PropertyValueSpecification\",\"valueRequired\":true,\"valueName\":\"search_term_string\"}}],\"inLanguage\":\"en-US\"},{\"@type\":\"Organization\",\"@id\":\"https:\\\/\\\/chaletmontriond.ch\\\/en\\\/#organization\",\"name\":\"Chalet Montriond\",\"url\":\"https:\\\/\\\/chaletmontriond.ch\\\/en\\\/\",\"logo\":{\"@type\":\"ImageObject\",\"inLanguage\":\"en-US\",\"@id\":\"https:\\\/\\\/chaletmontriond.ch\\\/en\\\/#\\\/schema\\\/logo\\\/image\\\/\",\"url\":\"https:\\\/\\\/chaletmontriond.ch\\\/wp-content\\\/uploads\\\/2016\\\/10\\\/cropped-Logo-Montriond-AF-1.png\",\"contentUrl\":\"https:\\\/\\\/chaletmontriond.ch\\\/wp-content\\\/uploads\\\/2016\\\/10\\\/cropped-Logo-Montriond-AF-1.png\",\"width\":512,\"height\":512,\"caption\":\"Chalet Montriond\"},\"image\":{\"@id\":\"https:\\\/\\\/chaletmontriond.ch\\\/en\\\/#\\\/schema\\\/logo\\\/image\\\/\"},\"sameAs\":[\"https:\\\/\\\/www.facebook.com\\\/chaletmontriond\\\/\",\"https:\\\/\\\/www.instagram.com\\\/hotel_chalet_montriond\\\/\"]}]}<\/script>\n<!-- \/ Yoast SEO plugin. -->","yoast_head_json":{"title":"Espace Bien-\u00eatre - Chalet Montriond","robots":{"index":"index","follow":"follow","max-snippet":"max-snippet:-1","max-image-preview":"max-image-preview:large","max-video-preview":"max-video-preview:-1"},"canonical":"https:\/\/chaletmontriond.ch\/en\/spa_wellness\/","og_locale":"en_US","og_type":"article","og_title":"Espace Bien-\u00eatre - Chalet Montriond","og_description":"[vc_row][vc_column][\/vc_column][\/vc_row][vc_row][vc_column width=&#8221;1\/2&#8243;][vc_column_text css=&#8221;.vc_custom_1715113376852{margin-top: 32px !important;}&#8221;]Bien-\u00eatre pour tous 2 sauna homme et femme 1 salle de repos avec vue sur les alpes 1 espace massage 1 salle d&#8217;activit\u00e9s (yoga, gym,etc..) sur demande[\/vc_column_text][\/vc_column][vc_column width=&#8221;1\/2&#8243;][vc_column_text css=&#8221;.vc_custom_1715113436932{margin-top: 32px !important;}&#8221;]Fournis gratuitement Peignoir Pantoufles Linge de sauna Tisanes[\/vc_column_text][\/vc_column][\/vc_row][vc_row][vc_column][vc_empty_space][\/vc_column][\/vc_row][vc_row][vc_column][vc_gallery type=&#8221;flexslider_slide&#8221; interval=&#8221;3&#8243; images=&#8221;33112,33109,33103,33100&#8243; img_size=&#8221;full&#8221; css=&#8221;&#8221;][\/vc_column][\/vc_row][vc_row][vc_column][\/vc_column][\/vc_row][vc_row][vc_column][vc_column_text css=&#8221;.vc_custom_1716018663882{margin-top: 32px !important;}&#8221;]D\u00e9tendez-vous...","og_url":"https:\/\/chaletmontriond.ch\/en\/spa_wellness\/","og_site_name":"Chalet Montriond","article_publisher":"https:\/\/www.facebook.com\/chaletmontriond\/","article_modified_time":"2026-05-11T11:22:17+00:00","twitter_card":"summary_large_image","twitter_misc":{"Est. reading time":"1 minute"},"schema":{"@context":"https:\/\/schema.org","@graph":[{"@type":"WebPage","@id":"https:\/\/chaletmontriond.ch\/en\/spa_wellness\/","url":"https:\/\/chaletmontriond.ch\/en\/spa_wellness\/","name":"Espace Bien-\u00eatre - Chalet Montriond","isPartOf":{"@id":"https:\/\/chaletmontriond.ch\/en\/#website"},"datePublished":"2019-01-07T15:59:57+00:00","dateModified":"2026-05-11T11:22:17+00:00","breadcrumb":{"@id":"https:\/\/chaletmontriond.ch\/en\/spa_wellness\/#breadcrumb"},"inLanguage":"en-US","potentialAction":[{"@type":"ReadAction","target":["https:\/\/chaletmontriond.ch\/en\/spa_wellness\/"]}]},{"@type":"BreadcrumbList","@id":"https:\/\/chaletmontriond.ch\/en\/spa_wellness\/#breadcrumb","itemListElement":[{"@type":"ListItem","position":1,"name":"Home","item":"https:\/\/chaletmontriond.ch\/en\/"},{"@type":"ListItem","position":2,"name":"Espace Bien-\u00eatre"}]},{"@type":"WebSite","@id":"https:\/\/chaletmontriond.ch\/en\/#website","url":"https:\/\/chaletmontriond.ch\/en\/","name":"Chalet Montriond","description":"test chalet montriond","publisher":{"@id":"https:\/\/chaletmontriond.ch\/en\/#organization"},"potentialAction":[{"@type":"SearchAction","target":{"@type":"EntryPoint","urlTemplate":"https:\/\/chaletmontriond.ch\/en\/?s={search_term_string}"},"query-input":{"@type":"PropertyValueSpecification","valueRequired":true,"valueName":"search_term_string"}}],"inLanguage":"en-US"},{"@type":"Organization","@id":"https:\/\/chaletmontriond.ch\/en\/#organization","name":"Chalet Montriond","url":"https:\/\/chaletmontriond.ch\/en\/","logo":{"@type":"ImageObject","inLanguage":"en-US","@id":"https:\/\/chaletmontriond.ch\/en\/#\/schema\/logo\/image\/","url":"https:\/\/chaletmontriond.ch\/wp-content\/uploads\/2016\/10\/cropped-Logo-Montriond-AF-1.png","contentUrl":"https:\/\/chaletmontriond.ch\/wp-content\/uploads\/2016\/10\/cropped-Logo-Montriond-AF-1.png","width":512,"height":512,"caption":"Chalet Montriond"},"image":{"@id":"https:\/\/chaletmontriond.ch\/en\/#\/schema\/logo\/image\/"},"sameAs":["https:\/\/www.facebook.com\/chaletmontriond\/","https:\/\/www.instagram.com\/hotel_chalet_montriond\/"]}]}},"_links":{"self":[{"href":"https:\/\/chaletmontriond.ch\/en\/wp-json\/wp\/v2\/pages\/33151","targetHints":{"allow":["GET"]}}],"collection":[{"href":"https:\/\/chaletmontriond.ch\/en\/wp-json\/wp\/v2\/pages"}],"about":[{"href":"https:\/\/chaletmontriond.ch\/en\/wp-json\/wp\/v2\/types\/page"}],"author":[{"embeddable":true,"href":"https:\/\/chaletmontriond.ch\/en\/wp-json\/wp\/v2\/users\/1"}],"replies":[{"embeddable":true,"href":"https:\/\/chaletmontriond.ch\/en\/wp-json\/wp\/v2\/comments?post=33151"}],"version-history":[{"count":14,"href":"https:\/\/chaletmontriond.ch\/en\/wp-json\/wp\/v2\/pages\/33151\/revisions"}],"predecessor-version":[{"id":37675,"href":"https:\/\/chaletmontriond.ch\/en\/wp-json\/wp\/v2\/pages\/33151\/revisions\/37675"}],"wp:attachment":[{"href":"https:\/\/chaletmontriond.ch\/en\/wp-json\/wp\/v2\/media?parent=33151"}],"curies":[{"name":"wp","href":"https:\/\/api.w.org\/{rel}","templated":true}]}}